{"id":18634,"date":"2026-01-03T14:06:14","date_gmt":"2026-01-03T13:06:14","guid":{"rendered":"https:\/\/www.livresentre2actions.fr\/?post_type=product&#038;p=18634"},"modified":"2026-02-03T14:07:30","modified_gmt":"2026-02-03T13:07:30","slug":"the-common-prayer-hymns-am","status":"publish","type":"product","link":"https:\/\/www.livresentre2actions.fr\/fr_fr\/produit\/the-common-prayer-hymns-am\/","title":{"rendered":"The Common Prayer\/ Hymns A&#038;M."},"content":{"rendered":"<p>The Common Prayer\/ Hymns A&amp;M. Forms of prayer with thanksgiving to Almighty God commended by the archbishops of Canterbury and York for general use on Thursday, the 22nd day of June, 1911 being the day of the coronation of King George V &amp; Queen Mary in the Abbey Church of St. Peter, Westminster.<\/p>\n<p>Cambridge University Press &#8211; Pleine fine peau violine \u00e0 recouvrement, \u00e0 dos long orn\u00e9 du titre \u00ab\u00a0Commun prayer. Hymns A&amp;M\u00a0\u00bb et de l\u2019\u00e9diteur, \u00e0 lacets violine pour \u00eatre port\u00e9 au poignet par les dames, plats sup\u00e9rieur orn\u00e9 \u00e0 l\u2019or fin de la couronne royale et d\u2019un monogramme, toutes tranches dor\u00e9es, 135 x 85, 334p. [pour le commun prayer]. A la suite\u00a0: Hymns ancient and modern, William Glowes and sons, 127p. Double frontispice\u00a0: en pied, les photos du roi George V et de la reine Mary. Frontispice en Titre\u00a0 et 3 gravures hors texte. Common prayer \u00e9dit\u00e9 \u00e0 l\u2019occasion du mariage de George V et Mary le 22\/06\/1911. Distribu\u00e9 sans doute aux dames invit\u00e9es \u00e0 la c\u00e9r\u00e9monie. Un ex-dono en page de garde dat\u00e9. Int\u00e9rieur propre et int\u00e8gre, avec rousseurs au verso des plats. Pleine peau tr\u00e8s l\u00e9g\u00e8rement frott\u00e9e, en tr\u00e8s bel \u00e9tat, propre et int\u00e8gre.<\/p>\n","protected":false},"excerpt":{"rendered":"<p>The Common Prayer\/ Hymns A&amp;M. Forms of prayer with thanksgiving to Almighty God commended by the archbishops of Canterbury and York for general use on Thursday, the 22nd day of June, 1911 being the day of the coronation of King George V &amp; Queen Mary in the Abbey Church of St. Peter, Westminster. Cambridge University &#8230; <a title=\"The Common Prayer\/ Hymns A&#038;M.\" class=\"read-more\" href=\"https:\/\/www.livresentre2actions.fr\/fr_fr\/produit\/the-common-prayer-hymns-am\/\" aria-label=\"En savoir plus sur The Common Prayer\/ Hymns A&#038;M.\">Lire plus<\/a><\/p>\n","protected":false},"featured_media":18635,"template":"","meta":{"_eb_attr":""},"product_brand":[],"product_cat":[37,71,68],"product_tag":[86,95],"class_list":{"0":"post-18634","1":"product","2":"type-product","3":"status-publish","4":"has-post-thumbnail","6":"product_cat-a-partir-du-xxeme-siecle","7":"product_cat-illustres-modernes-editions-originales-signees-numerotees","8":"product_cat-religion-spiritualite","9":"product_tag-illustre","10":"product_tag-reliure","11":"sales-flash-overlay","12":"woocommerce-text-align-center","13":"woocommerce-image-align-center","14":"wc-has-gallery","16":"first","17":"instock","18":"taxable","19":"shipping-taxable","20":"purchasable","21":"product-type-simple"},"aioseo_notices":[],"_links":{"self":[{"href":"https:\/\/www.livresentre2actions.fr\/fr_fr\/wp-json\/wp\/v2\/product\/18634","targetHints":{"allow":["GET"]}}],"collection":[{"href":"https:\/\/www.livresentre2actions.fr\/fr_fr\/wp-json\/wp\/v2\/product"}],"about":[{"href":"https:\/\/www.livresentre2actions.fr\/fr_fr\/wp-json\/wp\/v2\/types\/product"}],"wp:featuredmedia":[{"embeddable":true,"href":"https:\/\/www.livresentre2actions.fr\/fr_fr\/wp-json\/wp\/v2\/media\/18635"}],"wp:attachment":[{"href":"https:\/\/www.livresentre2actions.fr\/fr_fr\/wp-json\/wp\/v2\/media?parent=18634"}],"wp:term":[{"taxonomy":"product_brand","embeddable":true,"href":"https:\/\/www.livresentre2actions.fr\/fr_fr\/wp-json\/wp\/v2\/product_brand?post=18634"},{"taxonomy":"product_cat","embeddable":true,"href":"https:\/\/www.livresentre2actions.fr\/fr_fr\/wp-json\/wp\/v2\/product_cat?post=18634"},{"taxonomy":"product_tag","embeddable":true,"href":"https:\/\/www.livresentre2actions.fr\/fr_fr\/wp-json\/wp\/v2\/product_tag?post=18634"}],"curies":[{"name":"wp","href":"https:\/\/api.w.org\/{rel}","templated":true}]}}