{"id":18624,"date":"2026-02-03T13:58:01","date_gmt":"2026-02-03T12:58:01","guid":{"rendered":"https:\/\/www.livresentre2actions.fr\/?post_type=product&#038;p=18624"},"modified":"2026-02-03T13:58:41","modified_gmt":"2026-02-03T12:58:41","slug":"survage-maximilien-gauthier","status":"publish","type":"product","link":"https:\/\/www.livresentre2actions.fr\/fr_fr\/produit\/survage-maximilien-gauthier\/","title":{"rendered":"Survage &#8211; Maximilien Gauthier"},"content":{"rendered":"<p>Les G\u00e9meaux &#8211; Broch\u00e9 \u00e0 couvertures rempli\u00e9es, 255 x 190, 55p. Suivi de 16 planches en noir. 1953. 7 hors texte couleur dont 2 pochoirs ex\u00e9cut\u00e9s sp\u00e9cialement pour cette \u00e9dition (dont frontispice), plus dessins et vignettes in texte, couleur et noir. Exemplaire num\u00e9rot\u00e9 102\/500. Int\u00e9rieur tr\u00e8s bon, propre et int\u00e8gre. Couvertures et dos l\u00e9g\u00e8rement insol\u00e9s, l\u00e9g\u00e8rement frott\u00e9s, rares rousseurs. Bon exemplaire bien ferme.<\/p>\n","protected":false},"excerpt":{"rendered":"<p>Les G\u00e9meaux &#8211; Broch\u00e9 \u00e0 couvertures rempli\u00e9es, 255 x 190, 55p. Suivi de 16 planches en noir. 1953. 7 hors texte couleur dont 2 pochoirs ex\u00e9cut\u00e9s sp\u00e9cialement pour cette \u00e9dition (dont frontispice), plus dessins et vignettes in texte, couleur et noir. Exemplaire num\u00e9rot\u00e9 102\/500. Int\u00e9rieur tr\u00e8s bon, propre et int\u00e8gre. Couvertures et dos l\u00e9g\u00e8rement insol\u00e9s, &#8230; <a title=\"Survage &#8211; Maximilien Gauthier\" class=\"read-more\" href=\"https:\/\/www.livresentre2actions.fr\/fr_fr\/produit\/survage-maximilien-gauthier\/\" aria-label=\"En savoir plus sur Survage &#8211; Maximilien Gauthier\">Lire plus<\/a><\/p>\n","protected":false},"featured_media":18625,"template":"","meta":{"_eb_attr":""},"product_brand":[],"product_cat":[37,75,71],"product_tag":[],"class_list":{"0":"post-18624","1":"product","2":"type-product","3":"status-publish","4":"has-post-thumbnail","6":"product_cat-a-partir-du-xxeme-siecle","7":"product_cat-art","8":"product_cat-illustres-modernes-editions-originales-signees-numerotees","9":"sales-flash-overlay","10":"woocommerce-text-align-center","11":"woocommerce-image-align-center","12":"wc-has-gallery","14":"first","15":"instock","16":"taxable","17":"shipping-taxable","18":"purchasable","19":"product-type-simple"},"aioseo_notices":[],"_links":{"self":[{"href":"https:\/\/www.livresentre2actions.fr\/fr_fr\/wp-json\/wp\/v2\/product\/18624","targetHints":{"allow":["GET"]}}],"collection":[{"href":"https:\/\/www.livresentre2actions.fr\/fr_fr\/wp-json\/wp\/v2\/product"}],"about":[{"href":"https:\/\/www.livresentre2actions.fr\/fr_fr\/wp-json\/wp\/v2\/types\/product"}],"wp:featuredmedia":[{"embeddable":true,"href":"https:\/\/www.livresentre2actions.fr\/fr_fr\/wp-json\/wp\/v2\/media\/18625"}],"wp:attachment":[{"href":"https:\/\/www.livresentre2actions.fr\/fr_fr\/wp-json\/wp\/v2\/media?parent=18624"}],"wp:term":[{"taxonomy":"product_brand","embeddable":true,"href":"https:\/\/www.livresentre2actions.fr\/fr_fr\/wp-json\/wp\/v2\/product_brand?post=18624"},{"taxonomy":"product_cat","embeddable":true,"href":"https:\/\/www.livresentre2actions.fr\/fr_fr\/wp-json\/wp\/v2\/product_cat?post=18624"},{"taxonomy":"product_tag","embeddable":true,"href":"https:\/\/www.livresentre2actions.fr\/fr_fr\/wp-json\/wp\/v2\/product_tag?post=18624"}],"curies":[{"name":"wp","href":"https:\/\/api.w.org\/{rel}","templated":true}]}}