{"id":18604,"date":"2026-01-01T17:51:42","date_gmt":"2026-01-01T16:51:42","guid":{"rendered":"https:\/\/www.livresentre2actions.fr\/?post_type=product&#038;p=18604"},"modified":"2026-01-31T17:52:04","modified_gmt":"2026-01-31T16:52:04","slug":"lecolier-illustre-annee-1902-treizieme-annee-complet","status":"publish","type":"product","link":"https:\/\/www.livresentre2actions.fr\/fr_fr\/produit\/lecolier-illustre-annee-1902-treizieme-annee-complet\/","title":{"rendered":"L&rsquo;\u00c9colier illustr\u00e9, ann\u00e9e 1902, treizi\u00e8me ann\u00e9e, complet"},"content":{"rendered":"<p>Premier et deuxi\u00e8me semestres, Tome XXVI. Hebdomadaire paraissant tous les jeudis. Plein chagrin rouge, dos \u00e0 faux-nerfs joliment d\u00e9cor\u00e9, plats estamp\u00e9s d&rsquo;un triple encadrement, toutes tranches dor\u00e9es, 270 x 190, 832p. Hors tble. Du num\u00e9ro 1 du 02\/01 au 52 du 25\/12.<\/p>\n<p>Tr\u00e8s bon \u00e9tat, une seule avec d\u00e9chirure, sans manque, consolid\u00e9e avec adh\u00e9sif. Toutes couvertures pr\u00e9sentes. Tables des articles et des gravures. Reliure en tr\u00e8s bel \u00e9tat. Cr\u00e9\u00e9 en 1890 par Delagrave, L&rsquo;\u00c9colier illustr\u00e9 est un journal pour enfants, pendant populaire du p\u00e9riodique Saint-Nicolas du m\u00eame \u00e9diteur. Cet hebdomadaire met avant la bonne instruction.<\/p>\n","protected":false},"excerpt":{"rendered":"<p>Premier et deuxi\u00e8me semestres, Tome XXVI. Hebdomadaire paraissant tous les jeudis. Plein chagrin rouge, dos \u00e0 faux-nerfs joliment d\u00e9cor\u00e9, plats estamp\u00e9s d&rsquo;un triple encadrement, toutes tranches dor\u00e9es, 270 x 190, 832p. Hors tble. Du num\u00e9ro 1 du 02\/01 au 52 du 25\/12. Tr\u00e8s bon \u00e9tat, une seule avec d\u00e9chirure, sans manque, consolid\u00e9e avec adh\u00e9sif. Toutes &#8230; <a title=\"L&rsquo;\u00c9colier illustr\u00e9, ann\u00e9e 1902, treizi\u00e8me ann\u00e9e, complet\" class=\"read-more\" href=\"https:\/\/www.livresentre2actions.fr\/fr_fr\/produit\/lecolier-illustre-annee-1902-treizieme-annee-complet\/\" aria-label=\"En savoir plus sur L&rsquo;\u00c9colier illustr\u00e9, ann\u00e9e 1902, treizi\u00e8me ann\u00e9e, complet\">Lire plus<\/a><\/p>\n","protected":false},"featured_media":18605,"template":"","meta":{"_eb_attr":""},"product_brand":[],"product_cat":[37,78,71,76,99],"product_tag":[],"class_list":{"0":"post-18604","1":"product","2":"type-product","3":"status-publish","4":"has-post-thumbnail","6":"product_cat-a-partir-du-xxeme-siecle","7":"product_cat-enfantina","8":"product_cat-illustres-modernes-editions-originales-signees-numerotees","9":"product_cat-poesie-theatre-prose","10":"product_cat-revues","11":"sales-flash-overlay","12":"woocommerce-text-align-center","13":"woocommerce-image-align-center","14":"wc-has-gallery","16":"first","17":"instock","18":"taxable","19":"shipping-taxable","20":"purchasable","21":"product-type-simple"},"aioseo_notices":[],"_links":{"self":[{"href":"https:\/\/www.livresentre2actions.fr\/fr_fr\/wp-json\/wp\/v2\/product\/18604","targetHints":{"allow":["GET"]}}],"collection":[{"href":"https:\/\/www.livresentre2actions.fr\/fr_fr\/wp-json\/wp\/v2\/product"}],"about":[{"href":"https:\/\/www.livresentre2actions.fr\/fr_fr\/wp-json\/wp\/v2\/types\/product"}],"wp:featuredmedia":[{"embeddable":true,"href":"https:\/\/www.livresentre2actions.fr\/fr_fr\/wp-json\/wp\/v2\/media\/18605"}],"wp:attachment":[{"href":"https:\/\/www.livresentre2actions.fr\/fr_fr\/wp-json\/wp\/v2\/media?parent=18604"}],"wp:term":[{"taxonomy":"product_brand","embeddable":true,"href":"https:\/\/www.livresentre2actions.fr\/fr_fr\/wp-json\/wp\/v2\/product_brand?post=18604"},{"taxonomy":"product_cat","embeddable":true,"href":"https:\/\/www.livresentre2actions.fr\/fr_fr\/wp-json\/wp\/v2\/product_cat?post=18604"},{"taxonomy":"product_tag","embeddable":true,"href":"https:\/\/www.livresentre2actions.fr\/fr_fr\/wp-json\/wp\/v2\/product_tag?post=18604"}],"curies":[{"name":"wp","href":"https:\/\/api.w.org\/{rel}","templated":true}]}}