{"id":18559,"date":"2026-01-31T17:31:05","date_gmt":"2026-01-31T16:31:05","guid":{"rendered":"https:\/\/www.livresentre2actions.fr\/?post_type=product&#038;p=18559"},"modified":"2026-01-31T17:31:05","modified_gmt":"2026-01-31T16:31:05","slug":"constantinople-par-edmondo-de-amicis","status":"publish","type":"product","link":"https:\/\/www.livresentre2actions.fr\/fr_fr\/produit\/constantinople-par-edmondo-de-amicis\/","title":{"rendered":"Constantinople, par Edmondo de Amicis"},"content":{"rendered":"<p>Librairie Hachette &#8211; Pleine toile verte \u00e0 dos long orn\u00e9 d\u2019une pi\u00e8ce de titre en maroquin vert, signet vert, 188 x 125,, 394p. Avec table. 1892. 4\u00e8me \u00e9dition, contenant 24 gravures. Traduction de l\u2019italien de Mme J. Colomb. Exemplaire enrichi d\u2019un bel ex-libris aux armes \u00ab Gustave Estaquier \u00bb en contreplat sup\u00e9rieur. Int\u00e9rieur tr\u00e8s bon, propre et int\u00e8gre. Pleine toile tr\u00e8s bonne, propre et int\u00e8gre, frottements marginaux. Bel exemplaire bien ferme.<\/p>\n","protected":false},"excerpt":{"rendered":"<p>Librairie Hachette &#8211; Pleine toile verte \u00e0 dos long orn\u00e9 d\u2019une pi\u00e8ce de titre en maroquin vert, signet vert, 188 x 125,, 394p. Avec table. 1892. 4\u00e8me \u00e9dition, contenant 24 gravures. Traduction de l\u2019italien de Mme J. Colomb. Exemplaire enrichi d\u2019un bel ex-libris aux armes \u00ab Gustave Estaquier \u00bb en contreplat sup\u00e9rieur. Int\u00e9rieur tr\u00e8s bon, &#8230; <a title=\"Constantinople, par Edmondo de Amicis\" class=\"read-more\" href=\"https:\/\/www.livresentre2actions.fr\/fr_fr\/produit\/constantinople-par-edmondo-de-amicis\/\" aria-label=\"En savoir plus sur Constantinople, par Edmondo de Amicis\">Lire plus<\/a><\/p>\n","protected":false},"featured_media":18560,"template":"","meta":{"_eb_attr":""},"product_brand":[],"product_cat":[36,73],"product_tag":[],"class_list":{"0":"post-18559","1":"product","2":"type-product","3":"status-publish","4":"has-post-thumbnail","6":"product_cat-entre-le-xviiieme-et-le-xixeme-siecle","7":"product_cat-histoires-et-recits-de-voyage","8":"sales-flash-overlay","9":"woocommerce-text-align-center","10":"woocommerce-image-align-center","11":"wc-has-gallery","13":"first","14":"instock","15":"taxable","16":"shipping-taxable","17":"purchasable","18":"product-type-simple"},"aioseo_notices":[],"_links":{"self":[{"href":"https:\/\/www.livresentre2actions.fr\/fr_fr\/wp-json\/wp\/v2\/product\/18559","targetHints":{"allow":["GET"]}}],"collection":[{"href":"https:\/\/www.livresentre2actions.fr\/fr_fr\/wp-json\/wp\/v2\/product"}],"about":[{"href":"https:\/\/www.livresentre2actions.fr\/fr_fr\/wp-json\/wp\/v2\/types\/product"}],"wp:featuredmedia":[{"embeddable":true,"href":"https:\/\/www.livresentre2actions.fr\/fr_fr\/wp-json\/wp\/v2\/media\/18560"}],"wp:attachment":[{"href":"https:\/\/www.livresentre2actions.fr\/fr_fr\/wp-json\/wp\/v2\/media?parent=18559"}],"wp:term":[{"taxonomy":"product_brand","embeddable":true,"href":"https:\/\/www.livresentre2actions.fr\/fr_fr\/wp-json\/wp\/v2\/product_brand?post=18559"},{"taxonomy":"product_cat","embeddable":true,"href":"https:\/\/www.livresentre2actions.fr\/fr_fr\/wp-json\/wp\/v2\/product_cat?post=18559"},{"taxonomy":"product_tag","embeddable":true,"href":"https:\/\/www.livresentre2actions.fr\/fr_fr\/wp-json\/wp\/v2\/product_tag?post=18559"}],"curies":[{"name":"wp","href":"https:\/\/api.w.org\/{rel}","templated":true}]}}