{"id":18548,"date":"2026-01-23T17:25:46","date_gmt":"2026-01-23T16:25:46","guid":{"rendered":"https:\/\/www.livresentre2actions.fr\/?post_type=product&#038;p=18548"},"modified":"2026-01-31T17:26:11","modified_gmt":"2026-01-31T16:26:11","slug":"lart-du-caucase-j-mourier","status":"publish","type":"product","link":"https:\/\/www.livresentre2actions.fr\/fr_fr\/produit\/lart-du-caucase-j-mourier\/","title":{"rendered":"L\u2019art du Caucase, J. Mourier"},"content":{"rendered":"<p>Charles Bulens \u00e9diteur &#8211; Cartonnage muet demi-toil\u00e9 vert post\u00e9rieur, 253 x 165, 201p. Hors table. 1907. Deuxi\u00e8me \u00e9dition. Nombreuses illustrations \u00e0 pleine page et vignettes. Suivi in fine de 44 pages de publicit\u00e9s pour des produits fran\u00e7ais belges ou russes, restaurants (Cubat, Saint-Petersbourg par exemple) install\u00e9s ou pas en Russie, Champagne (Doyen par exemple), Banque fonci\u00e8re de la Noblesse, etc. Pr\u00e9c\u00e9d\u00e9s de cette mention de l\u2019auteur \u00ab\u00a0Le Caucase illustr\u00e9 ayant cess\u00e9 de para\u00eetre \u00e0 Tiflis, j\u2019ins\u00e8re ici les annonces qui lui \u00e9taient destin\u00e9es\u00a0\u00bb, avec la page de la revue. Int\u00e9rieur propre, non coup\u00e9, avec trace de mouillures in fine dans la section des publicit\u00e9s. Fragilit\u00e9 de la brochure de la garde. Reliure d\u2019amateur propre. Exemplaire bien ferme. J. Mourier \u00e9tait le directeur du Caucase illustr\u00e9.<\/p>\n","protected":false},"excerpt":{"rendered":"<p>Charles Bulens \u00e9diteur &#8211; Cartonnage muet demi-toil\u00e9 vert post\u00e9rieur, 253 x 165, 201p. Hors table. 1907. Deuxi\u00e8me \u00e9dition. Nombreuses illustrations \u00e0 pleine page et vignettes. Suivi in fine de 44 pages de publicit\u00e9s pour des produits fran\u00e7ais belges ou russes, restaurants (Cubat, Saint-Petersbourg par exemple) install\u00e9s ou pas en Russie, Champagne (Doyen par exemple), Banque &#8230; <a title=\"L\u2019art du Caucase, J. Mourier\" class=\"read-more\" href=\"https:\/\/www.livresentre2actions.fr\/fr_fr\/produit\/lart-du-caucase-j-mourier\/\" aria-label=\"En savoir plus sur L\u2019art du Caucase, J. Mourier\">Lire plus<\/a><\/p>\n","protected":false},"featured_media":18549,"template":"","meta":{"_eb_attr":""},"product_brand":[],"product_cat":[37,75,71],"product_tag":[86],"class_list":{"0":"post-18548","1":"product","2":"type-product","3":"status-publish","4":"has-post-thumbnail","6":"product_cat-a-partir-du-xxeme-siecle","7":"product_cat-art","8":"product_cat-illustres-modernes-editions-originales-signees-numerotees","9":"product_tag-illustre","10":"sales-flash-overlay","11":"woocommerce-text-align-center","12":"woocommerce-image-align-center","13":"wc-has-gallery","15":"first","16":"instock","17":"taxable","18":"shipping-taxable","19":"purchasable","20":"product-type-simple"},"aioseo_notices":[],"_links":{"self":[{"href":"https:\/\/www.livresentre2actions.fr\/fr_fr\/wp-json\/wp\/v2\/product\/18548","targetHints":{"allow":["GET"]}}],"collection":[{"href":"https:\/\/www.livresentre2actions.fr\/fr_fr\/wp-json\/wp\/v2\/product"}],"about":[{"href":"https:\/\/www.livresentre2actions.fr\/fr_fr\/wp-json\/wp\/v2\/types\/product"}],"wp:featuredmedia":[{"embeddable":true,"href":"https:\/\/www.livresentre2actions.fr\/fr_fr\/wp-json\/wp\/v2\/media\/18549"}],"wp:attachment":[{"href":"https:\/\/www.livresentre2actions.fr\/fr_fr\/wp-json\/wp\/v2\/media?parent=18548"}],"wp:term":[{"taxonomy":"product_brand","embeddable":true,"href":"https:\/\/www.livresentre2actions.fr\/fr_fr\/wp-json\/wp\/v2\/product_brand?post=18548"},{"taxonomy":"product_cat","embeddable":true,"href":"https:\/\/www.livresentre2actions.fr\/fr_fr\/wp-json\/wp\/v2\/product_cat?post=18548"},{"taxonomy":"product_tag","embeddable":true,"href":"https:\/\/www.livresentre2actions.fr\/fr_fr\/wp-json\/wp\/v2\/product_tag?post=18548"}],"curies":[{"name":"wp","href":"https:\/\/api.w.org\/{rel}","templated":true}]}}