{"id":18523,"date":"2026-01-23T16:17:13","date_gmt":"2026-01-23T15:17:13","guid":{"rendered":"https:\/\/www.livresentre2actions.fr\/?post_type=product&#038;p=18523"},"modified":"2026-01-31T17:11:43","modified_gmt":"2026-01-31T16:11:43","slug":"christines-picture-book-hans-christian-andersen-and-grandfather-drewsen","status":"publish","type":"product","link":"https:\/\/www.livresentre2actions.fr\/fr_fr\/produit\/christines-picture-book-hans-christian-andersen-and-grandfather-drewsen\/","title":{"rendered":"Christine&rsquo;s picture book. Hans Christian Andersen and Grandfather Drewsen"},"content":{"rendered":"<p>Footnotes ans Postscript by Erik Dal. Translated by Brian Alderson Holt, Rinehart and Winston.<\/p>\n<p>Holt, Rinehart and Winston,\u00a0 &#8211; Pleine toile bleue, 307 x 245, 6p. (Pr\u00e9face, A. Bardenfleth, et Introduction, B. Alderson), , suivuies de 122 planches avec texte en vis-\u00e0-vis, 1985. Et Postscript de 14p. par E. Dal, 1984. Int\u00e9rieur tr\u00e8s bon, propre et int\u00e8gre. Pleine toile, l\u00e9g\u00e8rement frott\u00e9e mais tr\u00e8s bonne, propre et int\u00e8gre. Bien ferme<\/p>\n","protected":false},"excerpt":{"rendered":"<p>Footnotes ans Postscript by Erik Dal. Translated by Brian Alderson Holt, Rinehart and Winston. Holt, Rinehart and Winston,\u00a0 &#8211; Pleine toile bleue, 307 x 245, 6p. (Pr\u00e9face, A. Bardenfleth, et Introduction, B. Alderson), , suivuies de 122 planches avec texte en vis-\u00e0-vis, 1985. Et Postscript de 14p. par E. Dal, 1984. Int\u00e9rieur tr\u00e8s bon, propre &#8230; <a title=\"Christine&rsquo;s picture book. Hans Christian Andersen and Grandfather Drewsen\" class=\"read-more\" href=\"https:\/\/www.livresentre2actions.fr\/fr_fr\/produit\/christines-picture-book-hans-christian-andersen-and-grandfather-drewsen\/\" aria-label=\"En savoir plus sur Christine&rsquo;s picture book. Hans Christian Andersen and Grandfather Drewsen\">Lire plus<\/a><\/p>\n","protected":false},"featured_media":18524,"template":"","meta":{"_eb_attr":""},"product_brand":[],"product_cat":[15],"product_tag":[86],"class_list":{"0":"post-18523","1":"product","2":"type-product","3":"status-publish","4":"has-post-thumbnail","6":"product_cat-catalogue","7":"product_tag-illustre","8":"sales-flash-overlay","9":"woocommerce-text-align-center","10":"woocommerce-image-align-center","11":"wc-has-gallery","13":"first","14":"instock","15":"taxable","16":"shipping-taxable","17":"purchasable","18":"product-type-simple"},"aioseo_notices":[],"_links":{"self":[{"href":"https:\/\/www.livresentre2actions.fr\/fr_fr\/wp-json\/wp\/v2\/product\/18523","targetHints":{"allow":["GET"]}}],"collection":[{"href":"https:\/\/www.livresentre2actions.fr\/fr_fr\/wp-json\/wp\/v2\/product"}],"about":[{"href":"https:\/\/www.livresentre2actions.fr\/fr_fr\/wp-json\/wp\/v2\/types\/product"}],"wp:featuredmedia":[{"embeddable":true,"href":"https:\/\/www.livresentre2actions.fr\/fr_fr\/wp-json\/wp\/v2\/media\/18524"}],"wp:attachment":[{"href":"https:\/\/www.livresentre2actions.fr\/fr_fr\/wp-json\/wp\/v2\/media?parent=18523"}],"wp:term":[{"taxonomy":"product_brand","embeddable":true,"href":"https:\/\/www.livresentre2actions.fr\/fr_fr\/wp-json\/wp\/v2\/product_brand?post=18523"},{"taxonomy":"product_cat","embeddable":true,"href":"https:\/\/www.livresentre2actions.fr\/fr_fr\/wp-json\/wp\/v2\/product_cat?post=18523"},{"taxonomy":"product_tag","embeddable":true,"href":"https:\/\/www.livresentre2actions.fr\/fr_fr\/wp-json\/wp\/v2\/product_tag?post=18523"}],"curies":[{"name":"wp","href":"https:\/\/api.w.org\/{rel}","templated":true}]}}