{"id":18370,"date":"2026-01-27T15:20:30","date_gmt":"2026-01-27T14:20:30","guid":{"rendered":"https:\/\/www.livresentre2actions.fr\/?post_type=product&#038;p=18370"},"modified":"2026-01-27T15:21:04","modified_gmt":"2026-01-27T14:21:04","slug":"traite-des-festes-de-leglise-divise-en-trois-parties-louis-thomassin","status":"publish","type":"product","link":"https:\/\/www.livresentre2actions.fr\/fr_fr\/produit\/traite-des-festes-de-leglise-divise-en-trois-parties-louis-thomassin\/","title":{"rendered":"Trait\u00e9 des festes de l\u2019\u00c9glise divis\u00e9 en trois parties &#8211; Louis Thomassin"},"content":{"rendered":"<p>Trait\u00e9 des festes de l\u2019\u00c9glise divis\u00e9 en trois parties. Des festes en g\u00e9n\u00e9ral, des festes en particulier, &amp; de la mani\u00e8re de les c\u00e9l\u00e9brer saintement<\/p>\n<p>Louis Roulland fils &#8211; Plein v\u00e9lin moderne, dos long \u00e0 liser\u00e9s et pi\u00e8ce de titre en maroquin lie de vin, 190 x 130, 617p. Hors approbation, privil\u00e8ge et errata. 4p. 1693. Edition originale dans une reliure moderne bien ex\u00e9cut\u00e9e. Exemplaire enrichi d\u2019une table des mati\u00e8res manuscrites des festes en g\u00e9n\u00e9ral. Int\u00e9rieur tr\u00e8s frais, et reliure tr\u00e8s bonne.<\/p>\n<p>Tr\u00e8s bel exemplaire de cette tr\u00e8s rare \u00e9dition originale. Selon J. Qu\u00e9niart, (<em>Un exemple d\u2019 accompagnement du changement social : l&rsquo;\u00c9glise et le calendrier des f\u00eate<\/em>s, cit\u00e9 sur le site Pers\u00e9e.fr), le p\u00e8re Thomassin se livre \u00e0 une \u00e9tude individualis\u00e9e des principales f\u00eates, de leur cr\u00e9ation et de l&rsquo;\u00e9volution de leur importance, posant en fait \u00e0 travers ses remarques le double probl\u00e8me de l&rsquo;initiative et de l&rsquo;autorit\u00e9 dans l&rsquo;\u00c9glise. \u00c9voquant la f\u00eate de la Conception de la Vierge, Thomassin rapporte que vers 1145 \u00ab quelques particuliers c\u00e9l\u00e9brant cette f\u00eate \u00e0 Lyon, le chapitre de cette \u00e9glise primatiale en confirma et en re\u00e7ut la c\u00e9l\u00e9bration par un d\u00e9cret contre lequel Saint-Bernard s&rsquo;\u00e9leva \u00bb &#8230;\u00ab le saint, pr\u00e9cise-t-il, ne s&#8217;emporta pas tant contre la feste que contre l&rsquo;innovation qui se faisait dans l&rsquo;\u00c9glise, et contre la libert\u00e9 qu&rsquo;on se donnait de le faire \u00e0 l&rsquo;insu de l&rsquo;\u00c9glise romaine \u00bb<\/p>\n","protected":false},"excerpt":{"rendered":"<p>Trait\u00e9 des festes de l\u2019\u00c9glise divis\u00e9 en trois parties. Des festes en g\u00e9n\u00e9ral, des festes en particulier, &amp; de la mani\u00e8re de les c\u00e9l\u00e9brer saintement Louis Roulland fils &#8211; Plein v\u00e9lin moderne, dos long \u00e0 liser\u00e9s et pi\u00e8ce de titre en maroquin lie de vin, 190 x 130, 617p. Hors approbation, privil\u00e8ge et errata. 4p. &#8230; <a title=\"Trait\u00e9 des festes de l\u2019\u00c9glise divis\u00e9 en trois parties &#8211; Louis Thomassin\" class=\"read-more\" href=\"https:\/\/www.livresentre2actions.fr\/fr_fr\/produit\/traite-des-festes-de-leglise-divise-en-trois-parties-louis-thomassin\/\" aria-label=\"En savoir plus sur Trait\u00e9 des festes de l\u2019\u00c9glise divis\u00e9 en trois parties &#8211; Louis Thomassin\">Lire plus<\/a><\/p>\n","protected":false},"featured_media":18371,"template":"","meta":{"_eb_attr":""},"product_brand":[],"product_cat":[35,71,68],"product_tag":[],"class_list":{"0":"post-18370","1":"product","2":"type-product","3":"status-publish","4":"has-post-thumbnail","6":"product_cat-jusquau-xviiemesiecle","7":"product_cat-illustres-modernes-editions-originales-signees-numerotees","8":"product_cat-religion-spiritualite","9":"sales-flash-overlay","10":"woocommerce-text-align-center","11":"woocommerce-image-align-center","12":"wc-has-gallery","14":"first","15":"instock","16":"taxable","17":"shipping-taxable","18":"purchasable","19":"product-type-simple"},"aioseo_notices":[],"_links":{"self":[{"href":"https:\/\/www.livresentre2actions.fr\/fr_fr\/wp-json\/wp\/v2\/product\/18370","targetHints":{"allow":["GET"]}}],"collection":[{"href":"https:\/\/www.livresentre2actions.fr\/fr_fr\/wp-json\/wp\/v2\/product"}],"about":[{"href":"https:\/\/www.livresentre2actions.fr\/fr_fr\/wp-json\/wp\/v2\/types\/product"}],"wp:featuredmedia":[{"embeddable":true,"href":"https:\/\/www.livresentre2actions.fr\/fr_fr\/wp-json\/wp\/v2\/media\/18371"}],"wp:attachment":[{"href":"https:\/\/www.livresentre2actions.fr\/fr_fr\/wp-json\/wp\/v2\/media?parent=18370"}],"wp:term":[{"taxonomy":"product_brand","embeddable":true,"href":"https:\/\/www.livresentre2actions.fr\/fr_fr\/wp-json\/wp\/v2\/product_brand?post=18370"},{"taxonomy":"product_cat","embeddable":true,"href":"https:\/\/www.livresentre2actions.fr\/fr_fr\/wp-json\/wp\/v2\/product_cat?post=18370"},{"taxonomy":"product_tag","embeddable":true,"href":"https:\/\/www.livresentre2actions.fr\/fr_fr\/wp-json\/wp\/v2\/product_tag?post=18370"}],"curies":[{"name":"wp","href":"https:\/\/api.w.org\/{rel}","templated":true}]}}