{"id":18350,"date":"2026-01-23T17:20:33","date_gmt":"2026-01-23T16:20:33","guid":{"rendered":"https:\/\/www.livresentre2actions.fr\/?post_type=product&#038;p=18350"},"modified":"2026-01-25T17:25:24","modified_gmt":"2026-01-25T16:25:24","slug":"mineralogie-et-geologie-m-f-s-beudant","status":"publish","type":"product","link":"https:\/\/www.livresentre2actions.fr\/fr_fr\/produit\/mineralogie-et-geologie-m-f-s-beudant\/","title":{"rendered":"Min\u00e9ralogie, et G\u00e9ologie, M. F. S. Beudant"},"content":{"rendered":"<p>Cours \u00e9l\u00e9mentaire d&rsquo;histoire naturelle \u00e0 l&rsquo;usage des lyc\u00e9es, coll\u00e8ges, s\u00e9minaires et maisons d&rsquo;\u00e9ducation &#8211; Garnier fr\u00e8res, Victor Masson &#8211; 2 textes reli\u00e9s \u00e0 la suite. Demie-basane lie de vin, dos long orn\u00e9 du titre et de l&rsquo;auteur, de liser\u00e9s et fleuronn\u00e9, 184 x 122, 295p. avec table, 11\u00e8me \u00e9dition, 1865, avec plus de 400 figures dans le texte.<\/p>\n<p>Reli\u00e9 \u00e0 la suite : G\u00e9ologie, du m\u00eame auteur, 11\u00e8me \u00e9dition, 1865. 548p. 392 fig dans le texte, dont cartes. Rousseurs l\u00e9g\u00e8res mais continues, plus pr\u00e9sentes sur les tranches. Reliure avec dos pass\u00e9, bon \u00e9tat, un coup avec \u00e9pidermures en t\u00eate de dos.<\/p>\n","protected":false},"excerpt":{"rendered":"<p>Cours \u00e9l\u00e9mentaire d&rsquo;histoire naturelle \u00e0 l&rsquo;usage des lyc\u00e9es, coll\u00e8ges, s\u00e9minaires et maisons d&rsquo;\u00e9ducation &#8211; Garnier fr\u00e8res, Victor Masson &#8211; 2 textes reli\u00e9s \u00e0 la suite. Demie-basane lie de vin, dos long orn\u00e9 du titre et de l&rsquo;auteur, de liser\u00e9s et fleuronn\u00e9, 184 x 122, 295p. avec table, 11\u00e8me \u00e9dition, 1865, avec plus de 400 figures &#8230; <a title=\"Min\u00e9ralogie, et G\u00e9ologie, M. F. S. Beudant\" class=\"read-more\" href=\"https:\/\/www.livresentre2actions.fr\/fr_fr\/produit\/mineralogie-et-geologie-m-f-s-beudant\/\" aria-label=\"En savoir plus sur Min\u00e9ralogie, et G\u00e9ologie, M. F. S. Beudant\">Lire plus<\/a><\/p>\n","protected":false},"featured_media":18351,"template":"","meta":{"_eb_attr":""},"product_brand":[],"product_cat":[36,71,69],"product_tag":[86],"class_list":{"0":"post-18350","1":"product","2":"type-product","3":"status-publish","4":"has-post-thumbnail","6":"product_cat-entre-le-xviiieme-et-le-xixeme-siecle","7":"product_cat-illustres-modernes-editions-originales-signees-numerotees","8":"product_cat-sciences-et-techniques","9":"product_tag-illustre","10":"sales-flash-overlay","11":"woocommerce-text-align-center","12":"woocommerce-image-align-center","13":"wc-has-gallery","15":"first","16":"instock","17":"taxable","18":"shipping-taxable","19":"purchasable","20":"product-type-simple"},"aioseo_notices":[],"_links":{"self":[{"href":"https:\/\/www.livresentre2actions.fr\/fr_fr\/wp-json\/wp\/v2\/product\/18350","targetHints":{"allow":["GET"]}}],"collection":[{"href":"https:\/\/www.livresentre2actions.fr\/fr_fr\/wp-json\/wp\/v2\/product"}],"about":[{"href":"https:\/\/www.livresentre2actions.fr\/fr_fr\/wp-json\/wp\/v2\/types\/product"}],"wp:featuredmedia":[{"embeddable":true,"href":"https:\/\/www.livresentre2actions.fr\/fr_fr\/wp-json\/wp\/v2\/media\/18351"}],"wp:attachment":[{"href":"https:\/\/www.livresentre2actions.fr\/fr_fr\/wp-json\/wp\/v2\/media?parent=18350"}],"wp:term":[{"taxonomy":"product_brand","embeddable":true,"href":"https:\/\/www.livresentre2actions.fr\/fr_fr\/wp-json\/wp\/v2\/product_brand?post=18350"},{"taxonomy":"product_cat","embeddable":true,"href":"https:\/\/www.livresentre2actions.fr\/fr_fr\/wp-json\/wp\/v2\/product_cat?post=18350"},{"taxonomy":"product_tag","embeddable":true,"href":"https:\/\/www.livresentre2actions.fr\/fr_fr\/wp-json\/wp\/v2\/product_tag?post=18350"}],"curies":[{"name":"wp","href":"https:\/\/api.w.org\/{rel}","templated":true}]}}