{"id":18249,"date":"2026-01-24T17:24:14","date_gmt":"2026-01-24T16:24:14","guid":{"rendered":"https:\/\/www.livresentre2actions.fr\/?post_type=product&#038;p=18249"},"modified":"2026-01-24T17:24:15","modified_gmt":"2026-01-24T16:24:15","slug":"etat-de-la-question-sur-lexploitation-de-la-mine-de-sel-gemme","status":"publish","type":"product","link":"https:\/\/www.livresentre2actions.fr\/fr_fr\/produit\/etat-de-la-question-sur-lexploitation-de-la-mine-de-sel-gemme\/","title":{"rendered":"\u00c9tat de la question sur l\u2019exploitation de la mine de sel Gemme"},"content":{"rendered":"<p>Sans nom d\u2019auteur [Nicolas-Louis-Marie Magon de La Gervaisais]<\/p>\n<p>Adrien Egron, imprimeur-librairire &#8211; Broch\u00e9, 215 x 145, 97p. 1825. Edition originale. Exemplaire non coup\u00e9, tr\u00e8s bon, r\u00e9form\u00e9 de la biblioth\u00e8que de a soci\u00e9t\u00e9 d\u2019arch\u00e9ologie lorraine\u00a0avec un cachet en couverture, un au faux-titre et un code et un cachet au titre, un cachet en derni\u00e8re page\u00a0; quelques manques au dos. Int\u00e9rieur propre, non coup\u00e9. Aucun nom d\u2019auteur mentionn\u00e9 sinon au Chapitre Analyse des sels, sign\u00e9 G. Gauttier de Claubry. \u00ab\u00a0Le 1er janvier 1826, \u00a0la Compagnie des Salines et Mines de Sel de l\u2019Est se rend adjudicataire pour 99 ans de la mine et de la saline. Mais par la suite se retire du fait de l\u2019inondation de la mine. La saline est aliment\u00e9e en bois de chauffage gr\u00e2ce au canal de flottage d\u2019Ommerey.\u00bb La mine avait \u00e9t\u00e9 creus\u00e9e en avril 1821, et sera d\u00e9finitivement ferm\u00e9e en 1831. (Source\u00a0: Michel D\u00e9qu\u00e9ant, Saline-de-Vic-sur-Seille, la route du sel en Lorraine).<\/p>\n","protected":false},"excerpt":{"rendered":"<p>Sans nom d\u2019auteur [Nicolas-Louis-Marie Magon de La Gervaisais] Adrien Egron, imprimeur-librairire &#8211; Broch\u00e9, 215 x 145, 97p. 1825. Edition originale. Exemplaire non coup\u00e9, tr\u00e8s bon, r\u00e9form\u00e9 de la biblioth\u00e8que de a soci\u00e9t\u00e9 d\u2019arch\u00e9ologie lorraine\u00a0avec un cachet en couverture, un au faux-titre et un code et un cachet au titre, un cachet en derni\u00e8re page\u00a0; quelques &#8230; <a title=\"\u00c9tat de la question sur l\u2019exploitation de la mine de sel Gemme\" class=\"read-more\" href=\"https:\/\/www.livresentre2actions.fr\/fr_fr\/produit\/etat-de-la-question-sur-lexploitation-de-la-mine-de-sel-gemme\/\" aria-label=\"En savoir plus sur \u00c9tat de la question sur l\u2019exploitation de la mine de sel Gemme\">Lire plus<\/a><\/p>\n","protected":false},"featured_media":18250,"template":"","meta":{"_eb_attr":""},"product_brand":[],"product_cat":[36,71,97,69],"product_tag":[],"class_list":{"0":"post-18249","1":"product","2":"type-product","3":"status-publish","4":"has-post-thumbnail","6":"product_cat-entre-le-xviiieme-et-le-xixeme-siecle","7":"product_cat-illustres-modernes-editions-originales-signees-numerotees","8":"product_cat-regionalia-divers","9":"product_cat-sciences-et-techniques","10":"sales-flash-overlay","11":"woocommerce-text-align-center","12":"woocommerce-image-align-center","13":"wc-has-gallery","15":"first","16":"instock","17":"taxable","18":"shipping-taxable","19":"purchasable","20":"product-type-simple"},"aioseo_notices":[],"_links":{"self":[{"href":"https:\/\/www.livresentre2actions.fr\/fr_fr\/wp-json\/wp\/v2\/product\/18249","targetHints":{"allow":["GET"]}}],"collection":[{"href":"https:\/\/www.livresentre2actions.fr\/fr_fr\/wp-json\/wp\/v2\/product"}],"about":[{"href":"https:\/\/www.livresentre2actions.fr\/fr_fr\/wp-json\/wp\/v2\/types\/product"}],"wp:featuredmedia":[{"embeddable":true,"href":"https:\/\/www.livresentre2actions.fr\/fr_fr\/wp-json\/wp\/v2\/media\/18250"}],"wp:attachment":[{"href":"https:\/\/www.livresentre2actions.fr\/fr_fr\/wp-json\/wp\/v2\/media?parent=18249"}],"wp:term":[{"taxonomy":"product_brand","embeddable":true,"href":"https:\/\/www.livresentre2actions.fr\/fr_fr\/wp-json\/wp\/v2\/product_brand?post=18249"},{"taxonomy":"product_cat","embeddable":true,"href":"https:\/\/www.livresentre2actions.fr\/fr_fr\/wp-json\/wp\/v2\/product_cat?post=18249"},{"taxonomy":"product_tag","embeddable":true,"href":"https:\/\/www.livresentre2actions.fr\/fr_fr\/wp-json\/wp\/v2\/product_tag?post=18249"}],"curies":[{"name":"wp","href":"https:\/\/api.w.org\/{rel}","templated":true}]}}