{"id":18201,"date":"2026-01-20T15:04:44","date_gmt":"2026-01-20T14:04:44","guid":{"rendered":"https:\/\/www.livresentre2actions.fr\/?post_type=product&#038;p=18201"},"modified":"2026-01-20T15:04:48","modified_gmt":"2026-01-20T14:04:48","slug":"etudes-sur-lhistoire-romaine-prosper-merimee","status":"publish","type":"product","link":"https:\/\/www.livresentre2actions.fr\/fr_fr\/produit\/etudes-sur-lhistoire-romaine-prosper-merimee\/","title":{"rendered":"\u00c9tudes sur l\u2019histoire romaine. Prosper M\u00e9rim\u00e9e"},"content":{"rendered":"<p>\u00c9tudes sur l\u2019histoire romaine. Guerre sociale \u2013 Conjuration de Catilina<\/p>\n<p>Prosper M\u00e9rim\u00e9e &#8211; Michel L\u00e9vy fr\u00e8res, \u00e9diteur<\/p>\n<p>Demi-chagrin deux tons \u00e0 coins, dos \u00e0 faux-nerfs, titr\u00e9, richement orn\u00e9 aux caissons, tranches peign\u00e9es, 181 x 120, 430p. Avec tble. 1869. Nouvelle \u00e9dition. Int\u00e9rieur propre et int\u00e8gre. Des \u00e9pidermures en coins et mors, plus l\u00e9g\u00e8res en coiffe et queue. Bel exemplaire bien ferme.<\/p>\n","protected":false},"excerpt":{"rendered":"<p>\u00c9tudes sur l\u2019histoire romaine. Guerre sociale \u2013 Conjuration de Catilina Prosper M\u00e9rim\u00e9e &#8211; Michel L\u00e9vy fr\u00e8res, \u00e9diteur Demi-chagrin deux tons \u00e0 coins, dos \u00e0 faux-nerfs, titr\u00e9, richement orn\u00e9 aux caissons, tranches peign\u00e9es, 181 x 120, 430p. Avec tble. 1869. Nouvelle \u00e9dition. Int\u00e9rieur propre et int\u00e8gre. Des \u00e9pidermures en coins et mors, plus l\u00e9g\u00e8res en coiffe &#8230; <a title=\"\u00c9tudes sur l\u2019histoire romaine. Prosper M\u00e9rim\u00e9e\" class=\"read-more\" href=\"https:\/\/www.livresentre2actions.fr\/fr_fr\/produit\/etudes-sur-lhistoire-romaine-prosper-merimee\/\" aria-label=\"En savoir plus sur \u00c9tudes sur l\u2019histoire romaine. Prosper M\u00e9rim\u00e9e\">Lire plus<\/a><\/p>\n","protected":false},"featured_media":18202,"template":"","meta":{"_eb_attr":""},"product_brand":[],"product_cat":[36,73],"product_tag":[],"class_list":{"0":"post-18201","1":"product","2":"type-product","3":"status-publish","4":"has-post-thumbnail","6":"product_cat-entre-le-xviiieme-et-le-xixeme-siecle","7":"product_cat-histoires-et-recits-de-voyage","8":"sales-flash-overlay","9":"woocommerce-text-align-center","10":"woocommerce-image-align-center","11":"wc-has-gallery","13":"first","14":"instock","15":"taxable","16":"shipping-taxable","17":"purchasable","18":"product-type-simple"},"aioseo_notices":[],"_links":{"self":[{"href":"https:\/\/www.livresentre2actions.fr\/fr_fr\/wp-json\/wp\/v2\/product\/18201","targetHints":{"allow":["GET"]}}],"collection":[{"href":"https:\/\/www.livresentre2actions.fr\/fr_fr\/wp-json\/wp\/v2\/product"}],"about":[{"href":"https:\/\/www.livresentre2actions.fr\/fr_fr\/wp-json\/wp\/v2\/types\/product"}],"wp:featuredmedia":[{"embeddable":true,"href":"https:\/\/www.livresentre2actions.fr\/fr_fr\/wp-json\/wp\/v2\/media\/18202"}],"wp:attachment":[{"href":"https:\/\/www.livresentre2actions.fr\/fr_fr\/wp-json\/wp\/v2\/media?parent=18201"}],"wp:term":[{"taxonomy":"product_brand","embeddable":true,"href":"https:\/\/www.livresentre2actions.fr\/fr_fr\/wp-json\/wp\/v2\/product_brand?post=18201"},{"taxonomy":"product_cat","embeddable":true,"href":"https:\/\/www.livresentre2actions.fr\/fr_fr\/wp-json\/wp\/v2\/product_cat?post=18201"},{"taxonomy":"product_tag","embeddable":true,"href":"https:\/\/www.livresentre2actions.fr\/fr_fr\/wp-json\/wp\/v2\/product_tag?post=18201"}],"curies":[{"name":"wp","href":"https:\/\/api.w.org\/{rel}","templated":true}]}}