{"id":18192,"date":"2026-01-20T14:38:13","date_gmt":"2026-01-20T13:38:13","guid":{"rendered":"https:\/\/www.livresentre2actions.fr\/?post_type=product&#038;p=18192"},"modified":"2026-01-20T14:44:09","modified_gmt":"2026-01-20T13:44:09","slug":"oeuvres-de-la-rochefoucauld-classiques-en-miniature","status":"publish","type":"product","link":"https:\/\/www.livresentre2actions.fr\/fr_fr\/produit\/oeuvres-de-la-rochefoucauld-classiques-en-miniature\/","title":{"rendered":"\u0152uvres de La Rochefoucauld. Classiques en miniature"},"content":{"rendered":"<p>Dufour et Compagnie<\/p>\n<p>Demi-veau chocolat \u00e0 coins, dos nerfs, fleuronn\u00e9 et orn\u00e9 des titres et auteurs, et de la date en pied, 84 x 63, 119p. Avec table. 1827. Int\u00e9rieur propre. Reliure en bon \u00e9tat, bien ferme, une tache d\u2019encre ne plat sup\u00e9rieur.<\/p>\n","protected":false},"excerpt":{"rendered":"<p>Dufour et Compagnie Demi-veau chocolat \u00e0 coins, dos nerfs, fleuronn\u00e9 et orn\u00e9 des titres et auteurs, et de la date en pied, 84 x 63, 119p. Avec table. 1827. Int\u00e9rieur propre. Reliure en bon \u00e9tat, bien ferme, une tache d\u2019encre ne plat sup\u00e9rieur.<\/p>\n","protected":false},"featured_media":18193,"template":"","meta":{"_eb_attr":""},"product_brand":[],"product_cat":[36,100,76],"product_tag":[],"class_list":{"0":"post-18192","1":"product","2":"type-product","3":"status-publish","4":"has-post-thumbnail","6":"product_cat-entre-le-xviiieme-et-le-xixeme-siecle","7":"product_cat-miniatures-minuscules","8":"product_cat-poesie-theatre-prose","9":"sales-flash-overlay","10":"woocommerce-text-align-center","11":"woocommerce-image-align-center","12":"wc-has-gallery","14":"first","15":"instock","16":"taxable","17":"shipping-taxable","18":"purchasable","19":"product-type-simple"},"aioseo_notices":[],"_links":{"self":[{"href":"https:\/\/www.livresentre2actions.fr\/fr_fr\/wp-json\/wp\/v2\/product\/18192","targetHints":{"allow":["GET"]}}],"collection":[{"href":"https:\/\/www.livresentre2actions.fr\/fr_fr\/wp-json\/wp\/v2\/product"}],"about":[{"href":"https:\/\/www.livresentre2actions.fr\/fr_fr\/wp-json\/wp\/v2\/types\/product"}],"wp:featuredmedia":[{"embeddable":true,"href":"https:\/\/www.livresentre2actions.fr\/fr_fr\/wp-json\/wp\/v2\/media\/18193"}],"wp:attachment":[{"href":"https:\/\/www.livresentre2actions.fr\/fr_fr\/wp-json\/wp\/v2\/media?parent=18192"}],"wp:term":[{"taxonomy":"product_brand","embeddable":true,"href":"https:\/\/www.livresentre2actions.fr\/fr_fr\/wp-json\/wp\/v2\/product_brand?post=18192"},{"taxonomy":"product_cat","embeddable":true,"href":"https:\/\/www.livresentre2actions.fr\/fr_fr\/wp-json\/wp\/v2\/product_cat?post=18192"},{"taxonomy":"product_tag","embeddable":true,"href":"https:\/\/www.livresentre2actions.fr\/fr_fr\/wp-json\/wp\/v2\/product_tag?post=18192"}],"curies":[{"name":"wp","href":"https:\/\/api.w.org\/{rel}","templated":true}]}}