{"id":18184,"date":"2026-01-20T14:35:07","date_gmt":"2026-01-20T13:35:07","guid":{"rendered":"https:\/\/www.livresentre2actions.fr\/?post_type=product&#038;p=18184"},"modified":"2026-01-20T14:35:08","modified_gmt":"2026-01-20T13:35:08","slug":"georges-poulet-rien-nest","status":"publish","type":"product","link":"https:\/\/www.livresentre2actions.fr\/fr_fr\/produit\/georges-poulet-rien-nest\/","title":{"rendered":"Georges Poulet, Rien n&rsquo;est&#8230;"},"content":{"rendered":"<p>Librairie Paul Ollendorff<\/p>\n<p>Demi-chagrin \u00e0 petits grains chocolat, dos \u00e0 faux nerfs orn\u00e9 des titre et auteur, caissons joliment fleuronn\u00e9s, plats \u00e0 liser\u00e9s, 190 x 125, 324p. 1912. Troisi\u00e8me \u00e9dition. Parue la m\u00eame ann\u00e9e que l\u2019\u00e9dition originale. Int\u00e9rieur tr\u00e8s bon, propre et int\u00e8gre. Plats, coins et champs frott\u00e9s, reliure avec quelques \u00e9pidermures notamment en coiffe et queue. Bel exemplaire bien ferme.<\/p>\n","protected":false},"excerpt":{"rendered":"<p>Librairie Paul Ollendorff Demi-chagrin \u00e0 petits grains chocolat, dos \u00e0 faux nerfs orn\u00e9 des titre et auteur, caissons joliment fleuronn\u00e9s, plats \u00e0 liser\u00e9s, 190 x 125, 324p. 1912. Troisi\u00e8me \u00e9dition. Parue la m\u00eame ann\u00e9e que l\u2019\u00e9dition originale. Int\u00e9rieur tr\u00e8s bon, propre et int\u00e8gre. Plats, coins et champs frott\u00e9s, reliure avec quelques \u00e9pidermures notamment en coiffe &#8230; <a title=\"Georges Poulet, Rien n&rsquo;est&#8230;\" class=\"read-more\" href=\"https:\/\/www.livresentre2actions.fr\/fr_fr\/produit\/georges-poulet-rien-nest\/\" aria-label=\"En savoir plus sur Georges Poulet, Rien n&rsquo;est&#8230;\">Lire plus<\/a><\/p>\n","protected":false},"featured_media":18185,"template":"","meta":{"_eb_attr":""},"product_brand":[],"product_cat":[37,81,76],"product_tag":[],"class_list":{"0":"post-18184","1":"product","2":"type-product","3":"status-publish","4":"has-post-thumbnail","6":"product_cat-a-partir-du-xxeme-siecle","7":"product_cat-hauts-de-france","8":"product_cat-poesie-theatre-prose","9":"sales-flash-overlay","10":"woocommerce-text-align-center","11":"woocommerce-image-align-center","12":"wc-has-gallery","14":"first","15":"instock","16":"taxable","17":"shipping-taxable","18":"purchasable","19":"product-type-simple"},"aioseo_notices":[],"_links":{"self":[{"href":"https:\/\/www.livresentre2actions.fr\/fr_fr\/wp-json\/wp\/v2\/product\/18184","targetHints":{"allow":["GET"]}}],"collection":[{"href":"https:\/\/www.livresentre2actions.fr\/fr_fr\/wp-json\/wp\/v2\/product"}],"about":[{"href":"https:\/\/www.livresentre2actions.fr\/fr_fr\/wp-json\/wp\/v2\/types\/product"}],"wp:featuredmedia":[{"embeddable":true,"href":"https:\/\/www.livresentre2actions.fr\/fr_fr\/wp-json\/wp\/v2\/media\/18185"}],"wp:attachment":[{"href":"https:\/\/www.livresentre2actions.fr\/fr_fr\/wp-json\/wp\/v2\/media?parent=18184"}],"wp:term":[{"taxonomy":"product_brand","embeddable":true,"href":"https:\/\/www.livresentre2actions.fr\/fr_fr\/wp-json\/wp\/v2\/product_brand?post=18184"},{"taxonomy":"product_cat","embeddable":true,"href":"https:\/\/www.livresentre2actions.fr\/fr_fr\/wp-json\/wp\/v2\/product_cat?post=18184"},{"taxonomy":"product_tag","embeddable":true,"href":"https:\/\/www.livresentre2actions.fr\/fr_fr\/wp-json\/wp\/v2\/product_tag?post=18184"}],"curies":[{"name":"wp","href":"https:\/\/api.w.org\/{rel}","templated":true}]}}