{"id":18071,"date":"2026-01-14T16:02:26","date_gmt":"2026-01-14T15:02:26","guid":{"rendered":"https:\/\/www.livresentre2actions.fr\/?post_type=product&#038;p=18071"},"modified":"2026-01-14T16:02:35","modified_gmt":"2026-01-14T15:02:35","slug":"introduction-a-la-grammaire-des-langues-romanes","status":"publish","type":"product","link":"https:\/\/www.livresentre2actions.fr\/fr_fr\/produit\/introduction-a-la-grammaire-des-langues-romanes\/","title":{"rendered":"Introduction \u00e0 la grammaire des langues romanes"},"content":{"rendered":"<p>Fr\u00e9d\u00e9ric Diez [Friedrich Christian Diez]<\/p>\n<p>A. Franck, Paris, Leipzig<\/p>\n<p>Demie-basane rouge, dos long orn\u00e9 de liser\u00e9s des titre et auteur, 216 x 140, 163p. Traduction de Gaston Paris. 1863. Edition originale de la traduction fran\u00e7aise. Pr\u00e9f. Table, pagin\u00e9es ii-xxiv, avec quelques passages soulign\u00e9s. Pour le reste du texte, propre, avec rousseurs marginales. Bel \u00e9tat de la reliure, avec \u00e9pidermures en coiffe. Bel exemplaire pour une \u00e9dition rare. Avec une provenance en relief au verso de la garde : \u00ab Ch\u00e2teau de la Grange par Blaye (Gironde) \u00bb. Philologue allemand, Friedrich Christian Diez (1794-1876) est le fondateur de la philologie romane. En 1831 il publie sa Grammaire des langues romanes, base de la linguistique romane. Il divise sa grammaire en quatre livres : phonologie, flexion, morphologie ou formation des mots et syntaxe ; et deux parties : d\u2019une part,\u00a0les \u00e9l\u00e9ments latins, grecs et germaniques communs dans les langues romanes ;d\u2019autre part, les six langues issues du latin. Gaston Paris (1839-1903) est un philologue romaniste et m\u00e9di\u00e9viste fran\u00e7ais \u00e0 qui l\u2019on doit l\u2019expression \u00ab amour courtois \u00bb, et la th\u00e9orie de la \u00ab culture courtoise \u00bb.<\/p>\n","protected":false},"excerpt":{"rendered":"<p>Fr\u00e9d\u00e9ric Diez [Friedrich Christian Diez] A. Franck, Paris, Leipzig Demie-basane rouge, dos long orn\u00e9 de liser\u00e9s des titre et auteur, 216 x 140, 163p. Traduction de Gaston Paris. 1863. Edition originale de la traduction fran\u00e7aise. Pr\u00e9f. Table, pagin\u00e9es ii-xxiv, avec quelques passages soulign\u00e9s. Pour le reste du texte, propre, avec rousseurs marginales. Bel \u00e9tat de &#8230; <a title=\"Introduction \u00e0 la grammaire des langues romanes\" class=\"read-more\" href=\"https:\/\/www.livresentre2actions.fr\/fr_fr\/produit\/introduction-a-la-grammaire-des-langues-romanes\/\" aria-label=\"En savoir plus sur Introduction \u00e0 la grammaire des langues romanes\">Lire plus<\/a><\/p>\n","protected":false},"featured_media":18072,"template":"","meta":{"_eb_attr":""},"product_brand":[],"product_cat":[36,72,71,82],"product_tag":[],"class_list":{"0":"post-18071","1":"product","2":"type-product","3":"status-publish","4":"has-post-thumbnail","6":"product_cat-entre-le-xviiieme-et-le-xixeme-siecle","7":"product_cat-divers","8":"product_cat-illustres-modernes-editions-originales-signees-numerotees","9":"product_cat-philosophie","10":"sales-flash-overlay","11":"woocommerce-text-align-center","12":"woocommerce-image-align-center","13":"wc-has-gallery","15":"first","16":"instock","17":"taxable","18":"shipping-taxable","19":"purchasable","20":"product-type-simple"},"aioseo_notices":[],"_links":{"self":[{"href":"https:\/\/www.livresentre2actions.fr\/fr_fr\/wp-json\/wp\/v2\/product\/18071","targetHints":{"allow":["GET"]}}],"collection":[{"href":"https:\/\/www.livresentre2actions.fr\/fr_fr\/wp-json\/wp\/v2\/product"}],"about":[{"href":"https:\/\/www.livresentre2actions.fr\/fr_fr\/wp-json\/wp\/v2\/types\/product"}],"wp:featuredmedia":[{"embeddable":true,"href":"https:\/\/www.livresentre2actions.fr\/fr_fr\/wp-json\/wp\/v2\/media\/18072"}],"wp:attachment":[{"href":"https:\/\/www.livresentre2actions.fr\/fr_fr\/wp-json\/wp\/v2\/media?parent=18071"}],"wp:term":[{"taxonomy":"product_brand","embeddable":true,"href":"https:\/\/www.livresentre2actions.fr\/fr_fr\/wp-json\/wp\/v2\/product_brand?post=18071"},{"taxonomy":"product_cat","embeddable":true,"href":"https:\/\/www.livresentre2actions.fr\/fr_fr\/wp-json\/wp\/v2\/product_cat?post=18071"},{"taxonomy":"product_tag","embeddable":true,"href":"https:\/\/www.livresentre2actions.fr\/fr_fr\/wp-json\/wp\/v2\/product_tag?post=18071"}],"curies":[{"name":"wp","href":"https:\/\/api.w.org\/{rel}","templated":true}]}}