{"id":18047,"date":"2026-01-14T14:56:33","date_gmt":"2026-01-14T13:56:33","guid":{"rendered":"https:\/\/www.livresentre2actions.fr\/?post_type=product&#038;p=18047"},"modified":"2026-01-14T14:56:33","modified_gmt":"2026-01-14T13:56:33","slug":"18047","status":"publish","type":"product","link":"https:\/\/www.livresentre2actions.fr\/fr_fr\/produit\/18047\/","title":{"rendered":""},"content":{"rendered":"<p>Tableau de l\u2019empire romain depuis la fondation de Rome jusqu\u2019\u00e0 la fin du gouvernement g\u00e9n\u00e9ral imp\u00e9rial en Occident<\/p>\n<p>Am\u00e9d\u00e9e Thierry &#8211; Didier &amp; Cie Libraires-\u00e9diteurs<\/p>\n<p>Demi-chagrin deux tons, dos \u00e0 faux-nerfs orn\u00e9 des auteur, titre, et de double encadrements aux caissons, plats liser\u00e9s, 186 x 165, 476p. 1865 [2e \u00e9dition, 1862 pour la premi\u00e8re \u00e9dition]. Nouvelle \u00e9dition. Des rousseurs globalement marginales, mais plus abondantes en tout d\u00e9but de volume et sur tranches. Reliure en bel \u00e9tat avec \u00e9pidermures en queue, \u00e0 un nerf, et en plat inf\u00e9rieur. Bel exemplaire bien ferme.<\/p>\n","protected":false},"excerpt":{"rendered":"<p>Tableau de l\u2019empire romain depuis la fondation de Rome jusqu\u2019\u00e0 la fin du gouvernement g\u00e9n\u00e9ral imp\u00e9rial en Occident Am\u00e9d\u00e9e Thierry &#8211; Didier &amp; Cie Libraires-\u00e9diteurs Demi-chagrin deux tons, dos \u00e0 faux-nerfs orn\u00e9 des auteur, titre, et de double encadrements aux caissons, plats liser\u00e9s, 186 x 165, 476p. 1865 [2e \u00e9dition, 1862 pour la premi\u00e8re \u00e9dition]. &#8230; <a title=\"\" class=\"read-more\" href=\"https:\/\/www.livresentre2actions.fr\/fr_fr\/produit\/18047\/\" aria-label=\"En savoir plus sur \">Lire plus<\/a><\/p>\n","protected":false},"featured_media":18048,"template":"","meta":{"_eb_attr":""},"product_brand":[],"product_cat":[36,73],"product_tag":[],"class_list":{"0":"post-18047","1":"product","2":"type-product","3":"status-publish","4":"has-post-thumbnail","6":"product_cat-entre-le-xviiieme-et-le-xixeme-siecle","7":"product_cat-histoires-et-recits-de-voyage","8":"sales-flash-overlay","9":"woocommerce-text-align-center","10":"woocommerce-image-align-center","11":"wc-has-gallery","13":"first","14":"instock","15":"taxable","16":"shipping-taxable","17":"purchasable","18":"product-type-simple"},"aioseo_notices":[],"_links":{"self":[{"href":"https:\/\/www.livresentre2actions.fr\/fr_fr\/wp-json\/wp\/v2\/product\/18047","targetHints":{"allow":["GET"]}}],"collection":[{"href":"https:\/\/www.livresentre2actions.fr\/fr_fr\/wp-json\/wp\/v2\/product"}],"about":[{"href":"https:\/\/www.livresentre2actions.fr\/fr_fr\/wp-json\/wp\/v2\/types\/product"}],"wp:featuredmedia":[{"embeddable":true,"href":"https:\/\/www.livresentre2actions.fr\/fr_fr\/wp-json\/wp\/v2\/media\/18048"}],"wp:attachment":[{"href":"https:\/\/www.livresentre2actions.fr\/fr_fr\/wp-json\/wp\/v2\/media?parent=18047"}],"wp:term":[{"taxonomy":"product_brand","embeddable":true,"href":"https:\/\/www.livresentre2actions.fr\/fr_fr\/wp-json\/wp\/v2\/product_brand?post=18047"},{"taxonomy":"product_cat","embeddable":true,"href":"https:\/\/www.livresentre2actions.fr\/fr_fr\/wp-json\/wp\/v2\/product_cat?post=18047"},{"taxonomy":"product_tag","embeddable":true,"href":"https:\/\/www.livresentre2actions.fr\/fr_fr\/wp-json\/wp\/v2\/product_tag?post=18047"}],"curies":[{"name":"wp","href":"https:\/\/api.w.org\/{rel}","templated":true}]}}