{"id":18029,"date":"2026-01-14T09:58:30","date_gmt":"2026-01-14T08:58:30","guid":{"rendered":"https:\/\/www.livresentre2actions.fr\/?post_type=product&#038;p=18029"},"modified":"2026-01-14T09:58:48","modified_gmt":"2026-01-14T08:58:48","slug":"les-contes-de-la-coccinelle-histoire-de-pernette-la-bete-a-bon-dieu","status":"publish","type":"product","link":"https:\/\/www.livresentre2actions.fr\/fr_fr\/produit\/les-contes-de-la-coccinelle-histoire-de-pernette-la-bete-a-bon-dieu\/","title":{"rendered":"Les contes de la coccinelle. Histoire de Pernette, la b\u00eate \u00e0 bon Dieu"},"content":{"rendered":"<p>Louis M\u00fcller &#8211; Editions Om\u00e9ga, Gen\u00e8ve<\/p>\n<p>Cartonnage \u00e0 spiraler \u00e9diteur, 338 x 250, 39p. Sans date. [1943]. Texte et dessins de Louis M\u00fcller. Nombreuses illustrations couleur. Tr\u00e8s bel exemplaire, propre, int\u00e8gre, bien ferme. Peu courant.<\/p>\n","protected":false},"excerpt":{"rendered":"<p>Louis M\u00fcller &#8211; Editions Om\u00e9ga, Gen\u00e8ve Cartonnage \u00e0 spiraler \u00e9diteur, 338 x 250, 39p. Sans date. [1943]. Texte et dessins de Louis M\u00fcller. Nombreuses illustrations couleur. Tr\u00e8s bel exemplaire, propre, int\u00e8gre, bien ferme. Peu courant.<\/p>\n","protected":false},"featured_media":18030,"template":"","meta":{"_eb_attr":""},"product_brand":[],"product_cat":[37,78,71],"product_tag":[],"class_list":{"0":"post-18029","1":"product","2":"type-product","3":"status-publish","4":"has-post-thumbnail","6":"product_cat-a-partir-du-xxeme-siecle","7":"product_cat-enfantina","8":"product_cat-illustres-modernes-editions-originales-signees-numerotees","9":"sales-flash-overlay","10":"woocommerce-text-align-center","11":"woocommerce-image-align-center","12":"wc-has-gallery","14":"first","15":"instock","16":"taxable","17":"shipping-taxable","18":"purchasable","19":"product-type-simple"},"aioseo_notices":[],"_links":{"self":[{"href":"https:\/\/www.livresentre2actions.fr\/fr_fr\/wp-json\/wp\/v2\/product\/18029","targetHints":{"allow":["GET"]}}],"collection":[{"href":"https:\/\/www.livresentre2actions.fr\/fr_fr\/wp-json\/wp\/v2\/product"}],"about":[{"href":"https:\/\/www.livresentre2actions.fr\/fr_fr\/wp-json\/wp\/v2\/types\/product"}],"wp:featuredmedia":[{"embeddable":true,"href":"https:\/\/www.livresentre2actions.fr\/fr_fr\/wp-json\/wp\/v2\/media\/18030"}],"wp:attachment":[{"href":"https:\/\/www.livresentre2actions.fr\/fr_fr\/wp-json\/wp\/v2\/media?parent=18029"}],"wp:term":[{"taxonomy":"product_brand","embeddable":true,"href":"https:\/\/www.livresentre2actions.fr\/fr_fr\/wp-json\/wp\/v2\/product_brand?post=18029"},{"taxonomy":"product_cat","embeddable":true,"href":"https:\/\/www.livresentre2actions.fr\/fr_fr\/wp-json\/wp\/v2\/product_cat?post=18029"},{"taxonomy":"product_tag","embeddable":true,"href":"https:\/\/www.livresentre2actions.fr\/fr_fr\/wp-json\/wp\/v2\/product_tag?post=18029"}],"curies":[{"name":"wp","href":"https:\/\/api.w.org\/{rel}","templated":true}]}}