{"id":17971,"date":"2026-01-13T16:30:42","date_gmt":"2026-01-13T15:30:42","guid":{"rendered":"https:\/\/www.livresentre2actions.fr\/?post_type=product&#038;p=17971"},"modified":"2026-01-13T16:30:46","modified_gmt":"2026-01-13T15:30:46","slug":"latlantide-pierre-benoit-frontispice-en-couleurs-par-touchagues","status":"publish","type":"product","link":"https:\/\/www.livresentre2actions.fr\/fr_fr\/produit\/latlantide-pierre-benoit-frontispice-en-couleurs-par-touchagues\/","title":{"rendered":"L\u2019Atlantide, Pierre Beno\u00eet &#8211; Frontispice en couleurs par Touchagues"},"content":{"rendered":"<p>Aux \u00e9ditions du Livre<\/p>\n<p>Broch\u00e9 \u00e0 couvertures rempli\u00e9es imprim\u00e9e en vert et noir, 188 x 146, 336 pages, hors table. 1947. L&rsquo;un des 3000 exemplaires sur v\u00e9lin filigran\u00e9 Renage, exemplaire non num\u00e9rot\u00e9. Except\u00e9 une l\u00e9g\u00e8re torsion du dos, tr\u00e8s bel exemplaire, propre, int\u00e8gre bien ferme.<\/p>\n","protected":false},"excerpt":{"rendered":"<p>Aux \u00e9ditions du Livre Broch\u00e9 \u00e0 couvertures rempli\u00e9es imprim\u00e9e en vert et noir, 188 x 146, 336 pages, hors table. 1947. L&rsquo;un des 3000 exemplaires sur v\u00e9lin filigran\u00e9 Renage, exemplaire non num\u00e9rot\u00e9. Except\u00e9 une l\u00e9g\u00e8re torsion du dos, tr\u00e8s bel exemplaire, propre, int\u00e8gre bien ferme.<\/p>\n","protected":false},"featured_media":17972,"template":"","meta":{"_eb_attr":""},"product_brand":[],"product_cat":[37,71,76],"product_tag":[],"class_list":{"0":"post-17971","1":"product","2":"type-product","3":"status-publish","4":"has-post-thumbnail","6":"product_cat-a-partir-du-xxeme-siecle","7":"product_cat-illustres-modernes-editions-originales-signees-numerotees","8":"product_cat-poesie-theatre-prose","9":"sales-flash-overlay","10":"woocommerce-text-align-center","11":"woocommerce-image-align-center","12":"wc-has-gallery","14":"first","15":"instock","16":"taxable","17":"shipping-taxable","18":"purchasable","19":"product-type-simple"},"aioseo_notices":[],"_links":{"self":[{"href":"https:\/\/www.livresentre2actions.fr\/fr_fr\/wp-json\/wp\/v2\/product\/17971","targetHints":{"allow":["GET"]}}],"collection":[{"href":"https:\/\/www.livresentre2actions.fr\/fr_fr\/wp-json\/wp\/v2\/product"}],"about":[{"href":"https:\/\/www.livresentre2actions.fr\/fr_fr\/wp-json\/wp\/v2\/types\/product"}],"wp:featuredmedia":[{"embeddable":true,"href":"https:\/\/www.livresentre2actions.fr\/fr_fr\/wp-json\/wp\/v2\/media\/17972"}],"wp:attachment":[{"href":"https:\/\/www.livresentre2actions.fr\/fr_fr\/wp-json\/wp\/v2\/media?parent=17971"}],"wp:term":[{"taxonomy":"product_brand","embeddable":true,"href":"https:\/\/www.livresentre2actions.fr\/fr_fr\/wp-json\/wp\/v2\/product_brand?post=17971"},{"taxonomy":"product_cat","embeddable":true,"href":"https:\/\/www.livresentre2actions.fr\/fr_fr\/wp-json\/wp\/v2\/product_cat?post=17971"},{"taxonomy":"product_tag","embeddable":true,"href":"https:\/\/www.livresentre2actions.fr\/fr_fr\/wp-json\/wp\/v2\/product_tag?post=17971"}],"curies":[{"name":"wp","href":"https:\/\/api.w.org\/{rel}","templated":true}]}}