{"id":17940,"date":"2026-01-13T14:33:17","date_gmt":"2026-01-13T13:33:17","guid":{"rendered":"https:\/\/www.livresentre2actions.fr\/?post_type=product&#038;p=17940"},"modified":"2026-01-13T14:33:19","modified_gmt":"2026-01-13T13:33:19","slug":"laffaire-audin-pierre-vidal-naquet","status":"publish","type":"product","link":"https:\/\/www.livresentre2actions.fr\/fr_fr\/produit\/laffaire-audin-pierre-vidal-naquet\/","title":{"rendered":"L\u2019affaire Audin, Pierre Vidal-Naquet"},"content":{"rendered":"<p>Les \u00e9ditions de Minuit &#8211; Broch\u00e9, 188 x 120, 100p. 1958. \u00c9dition originale sur papier courant. Frontispice. Pr\u00e9f. De Laurent Schwartz. Un ex-libris tamponn\u00e9 au verso de la couverture et au titre, sinon int\u00e9rieur propre (non \u00e9barb\u00e9 apr\u00e8s coupure). Couvertures et dos l\u00e9g\u00e8rement insol\u00e9s, mais propres et int\u00e8gres.\u00a0Bon exemplaire, bien ferme. Math\u00e9maticien fran\u00e7ais et membre du Parti communiste alg\u00e9rien, Maurice Audin fut arr\u00eat\u00e9 pendant la Bataille d&rsquo;Alger le 11 juin 1957 et disparut sans trace. Pierre Vidal-Naquet d\u00e9nonce la torture certainement subie par le militant\u00a0de la part de l&rsquo;arm\u00e9e fran\u00e7aise\u00a0; le g\u00e9n\u00e9ral Aussaresses reconna\u00eetra plus tard avoir donn\u00e9 l&rsquo;ordre de tuer Maurice Audin.<\/p>\n","protected":false},"excerpt":{"rendered":"<p>Les \u00e9ditions de Minuit &#8211; Broch\u00e9, 188 x 120, 100p. 1958. \u00c9dition originale sur papier courant. Frontispice. Pr\u00e9f. De Laurent Schwartz. Un ex-libris tamponn\u00e9 au verso de la couverture et au titre, sinon int\u00e9rieur propre (non \u00e9barb\u00e9 apr\u00e8s coupure). Couvertures et dos l\u00e9g\u00e8rement insol\u00e9s, mais propres et int\u00e8gres.\u00a0Bon exemplaire, bien ferme. Math\u00e9maticien fran\u00e7ais et membre &#8230; <a title=\"L\u2019affaire Audin, Pierre Vidal-Naquet\" class=\"read-more\" href=\"https:\/\/www.livresentre2actions.fr\/fr_fr\/produit\/laffaire-audin-pierre-vidal-naquet\/\" aria-label=\"En savoir plus sur L\u2019affaire Audin, Pierre Vidal-Naquet\">Lire plus<\/a><\/p>\n","protected":false},"featured_media":17941,"template":"","meta":{"_eb_attr":""},"product_brand":[],"product_cat":[37,71,73],"product_tag":[],"class_list":{"0":"post-17940","1":"product","2":"type-product","3":"status-publish","4":"has-post-thumbnail","6":"product_cat-a-partir-du-xxeme-siecle","7":"product_cat-illustres-modernes-editions-originales-signees-numerotees","8":"product_cat-histoires-et-recits-de-voyage","9":"sales-flash-overlay","10":"woocommerce-text-align-center","11":"woocommerce-image-align-center","12":"wc-has-gallery","14":"first","15":"instock","16":"taxable","17":"shipping-taxable","18":"purchasable","19":"product-type-simple"},"aioseo_notices":[],"_links":{"self":[{"href":"https:\/\/www.livresentre2actions.fr\/fr_fr\/wp-json\/wp\/v2\/product\/17940","targetHints":{"allow":["GET"]}}],"collection":[{"href":"https:\/\/www.livresentre2actions.fr\/fr_fr\/wp-json\/wp\/v2\/product"}],"about":[{"href":"https:\/\/www.livresentre2actions.fr\/fr_fr\/wp-json\/wp\/v2\/types\/product"}],"wp:featuredmedia":[{"embeddable":true,"href":"https:\/\/www.livresentre2actions.fr\/fr_fr\/wp-json\/wp\/v2\/media\/17941"}],"wp:attachment":[{"href":"https:\/\/www.livresentre2actions.fr\/fr_fr\/wp-json\/wp\/v2\/media?parent=17940"}],"wp:term":[{"taxonomy":"product_brand","embeddable":true,"href":"https:\/\/www.livresentre2actions.fr\/fr_fr\/wp-json\/wp\/v2\/product_brand?post=17940"},{"taxonomy":"product_cat","embeddable":true,"href":"https:\/\/www.livresentre2actions.fr\/fr_fr\/wp-json\/wp\/v2\/product_cat?post=17940"},{"taxonomy":"product_tag","embeddable":true,"href":"https:\/\/www.livresentre2actions.fr\/fr_fr\/wp-json\/wp\/v2\/product_tag?post=17940"}],"curies":[{"name":"wp","href":"https:\/\/api.w.org\/{rel}","templated":true}]}}