{"id":17921,"date":"2026-01-13T14:23:52","date_gmt":"2026-01-13T13:23:52","guid":{"rendered":"https:\/\/www.livresentre2actions.fr\/?post_type=product&#038;p=17921"},"modified":"2026-01-13T14:29:26","modified_gmt":"2026-01-13T13:29:26","slug":"le-satyricon-petrone","status":"publish","type":"product","link":"https:\/\/www.livresentre2actions.fr\/fr_fr\/produit\/le-satyricon-petrone\/","title":{"rendered":"Le Satyricon &#8211; P\u00e9trone"},"content":{"rendered":"<p>Broch\u00e9, 191 x 126, 306 p. Paris, 1922. Traduit en fran\u00e7ais par L. Tailhade. Edition d\u00e9finitive, augment\u00e9e et illustr\u00e9e de six gravures en couleurs par J. E. Laboureur. Un des 210 exemplaires sur v\u00e9lin pur fil. Complet. Int\u00e9rieur propre et int\u00e8gre. Couvertures et dos propres et int\u00e8gres, sous papier cristal sans adh\u00e9sif.<\/p>\n","protected":false},"excerpt":{"rendered":"<p>Broch\u00e9, 191 x 126, 306 p. Paris, 1922. Traduit en fran\u00e7ais par L. Tailhade. Edition d\u00e9finitive, augment\u00e9e et illustr\u00e9e de six gravures en couleurs par J. E. Laboureur. Un des 210 exemplaires sur v\u00e9lin pur fil. Complet. Int\u00e9rieur propre et int\u00e8gre. Couvertures et dos propres et int\u00e8gres, sous papier cristal sans adh\u00e9sif.<\/p>\n","protected":false},"featured_media":17922,"template":"","meta":{"_eb_attr":""},"product_brand":[],"product_cat":[37,84,71,76],"product_tag":[86],"class_list":{"0":"post-17921","1":"product","2":"type-product","3":"status-publish","4":"has-post-thumbnail","6":"product_cat-a-partir-du-xxeme-siecle","7":"product_cat-curiosa","8":"product_cat-illustres-modernes-editions-originales-signees-numerotees","9":"product_cat-poesie-theatre-prose","10":"product_tag-illustre","11":"sales-flash-overlay","12":"woocommerce-text-align-center","13":"woocommerce-image-align-center","14":"wc-has-gallery","16":"first","17":"instock","18":"taxable","19":"shipping-taxable","20":"purchasable","21":"product-type-simple"},"aioseo_notices":[],"_links":{"self":[{"href":"https:\/\/www.livresentre2actions.fr\/fr_fr\/wp-json\/wp\/v2\/product\/17921","targetHints":{"allow":["GET"]}}],"collection":[{"href":"https:\/\/www.livresentre2actions.fr\/fr_fr\/wp-json\/wp\/v2\/product"}],"about":[{"href":"https:\/\/www.livresentre2actions.fr\/fr_fr\/wp-json\/wp\/v2\/types\/product"}],"wp:featuredmedia":[{"embeddable":true,"href":"https:\/\/www.livresentre2actions.fr\/fr_fr\/wp-json\/wp\/v2\/media\/17922"}],"wp:attachment":[{"href":"https:\/\/www.livresentre2actions.fr\/fr_fr\/wp-json\/wp\/v2\/media?parent=17921"}],"wp:term":[{"taxonomy":"product_brand","embeddable":true,"href":"https:\/\/www.livresentre2actions.fr\/fr_fr\/wp-json\/wp\/v2\/product_brand?post=17921"},{"taxonomy":"product_cat","embeddable":true,"href":"https:\/\/www.livresentre2actions.fr\/fr_fr\/wp-json\/wp\/v2\/product_cat?post=17921"},{"taxonomy":"product_tag","embeddable":true,"href":"https:\/\/www.livresentre2actions.fr\/fr_fr\/wp-json\/wp\/v2\/product_tag?post=17921"}],"curies":[{"name":"wp","href":"https:\/\/api.w.org\/{rel}","templated":true}]}}