{"id":17885,"date":"2026-01-07T17:46:42","date_gmt":"2026-01-07T16:46:42","guid":{"rendered":"https:\/\/www.livresentre2actions.fr\/?post_type=product&#038;p=17885"},"modified":"2026-03-06T20:45:02","modified_gmt":"2026-03-06T19:45:02","slug":"france-et-angleterre-cent-ans-de-rivalite-coloniale-lafrique","status":"publish","type":"product","link":"https:\/\/www.livresentre2actions.fr\/fr_fr\/produit\/france-et-angleterre-cent-ans-de-rivalite-coloniale-lafrique\/","title":{"rendered":"France et Angleterre. Cent ans de rivalit\u00e9 coloniale. L\u2019Afrique"},"content":{"rendered":"<p>Jean Darcy &#8211; Perrin &amp; Cie<\/p>\n<p>Demi-veau tabac, dos long \u00e0 liser\u00e9s et orn\u00e9 du titre, et frapp\u00e9 d\u2019un nombre et d\u2019une \u00e9tiquette (cote de biblioth\u00e8que), 224 x 141, 481p. Avec table. 1904. Edition originale assez rare.<\/p>\n<p>Except\u00e9 un tampon de biblioth\u00e8que en faux-titre, int\u00e9rieur propre et int\u00e8gre. Plats frott\u00e9s, coins \u00e9mouss\u00e9s. Epidermures \u00e0 la reliure, griffes, mais \u00e9tat correct. Bon exemplaire bien ferme.<\/p>\n<p>Au sommaire : Caract\u00e8re de la rivalit\u00e9 Franco-Anglaise en Afrique &#8211; La querelle d&rsquo;Alger &#8211; ( la conqu\u00eate et apr\u00e8s la conqu\u00eate ) &#8211; L&rsquo;affaire Tunisienne &#8211; La question du Niger &#8211; La question du Congo &#8211; La question du Nil , quinze ann\u00e9es de politique anglaise &#8211; Fachoda &#8211; les suites de Fachoda. \u00ab Le livre de M. D. est une histoire des conflits anglo-fran\u00e7ais en Afrique &gt;au xixe si\u00e8cle. Il s&rsquo;ouvre sur la politique alg\u00e9rienne de Charles X et de Polignac, et se termine aux trait\u00e9s de 1899 sign\u00e9s par l&rsquo;Angletere avec l&rsquo;\u00c9gypte, la France et l&rsquo;Abyssinie, qui furent le d\u00e9nouement de l&rsquo;affaire de Fachoda. Dans l&rsquo;intervalle, M. D. \u00e9tudie la querelle d&rsquo;Alger depuis la conqu\u00eate, l&rsquo;affaire tunisienne, la r\u00e9occupation du S\u00e9n\u00e9gal par la France en 1 8 1 6, la question du Niger, la question du Congo, la question du Nil, Fachoda et les suites de Fachoda en \u00c9gypte et en Abyssinie \u00bb (pers\u00e9e.fr)<\/p>\n","protected":false},"excerpt":{"rendered":"<p>Jean Darcy &#8211; Perrin &amp; Cie Demi-veau tabac, dos long \u00e0 liser\u00e9s et orn\u00e9 du titre, et frapp\u00e9 d\u2019un nombre et d\u2019une \u00e9tiquette (cote de biblioth\u00e8que), 224 x 141, 481p. Avec table. 1904. Edition originale assez rare. Except\u00e9 un tampon de biblioth\u00e8que en faux-titre, int\u00e9rieur propre et int\u00e8gre. Plats frott\u00e9s, coins \u00e9mouss\u00e9s. Epidermures \u00e0 la &#8230; <a title=\"France et Angleterre. Cent ans de rivalit\u00e9 coloniale. L\u2019Afrique\" class=\"read-more\" href=\"https:\/\/www.livresentre2actions.fr\/fr_fr\/produit\/france-et-angleterre-cent-ans-de-rivalite-coloniale-lafrique\/\" aria-label=\"En savoir plus sur France et Angleterre. Cent ans de rivalit\u00e9 coloniale. L\u2019Afrique\">Lire plus<\/a><\/p>\n","protected":false},"featured_media":17886,"template":"","meta":{"_eb_attr":""},"product_brand":[],"product_cat":[37,71,73],"product_tag":[],"class_list":{"0":"post-17885","1":"product","2":"type-product","3":"status-publish","4":"has-post-thumbnail","6":"product_cat-a-partir-du-xxeme-siecle","7":"product_cat-illustres-modernes-editions-originales-signees-numerotees","8":"product_cat-histoires-et-recits-de-voyage","9":"sales-flash-overlay","10":"woocommerce-text-align-center","11":"woocommerce-image-align-center","12":"wc-has-gallery","14":"first","15":"outofstock","16":"taxable","17":"shipping-taxable","18":"purchasable","19":"product-type-simple"},"aioseo_notices":[],"_links":{"self":[{"href":"https:\/\/www.livresentre2actions.fr\/fr_fr\/wp-json\/wp\/v2\/product\/17885","targetHints":{"allow":["GET"]}}],"collection":[{"href":"https:\/\/www.livresentre2actions.fr\/fr_fr\/wp-json\/wp\/v2\/product"}],"about":[{"href":"https:\/\/www.livresentre2actions.fr\/fr_fr\/wp-json\/wp\/v2\/types\/product"}],"wp:featuredmedia":[{"embeddable":true,"href":"https:\/\/www.livresentre2actions.fr\/fr_fr\/wp-json\/wp\/v2\/media\/17886"}],"wp:attachment":[{"href":"https:\/\/www.livresentre2actions.fr\/fr_fr\/wp-json\/wp\/v2\/media?parent=17885"}],"wp:term":[{"taxonomy":"product_brand","embeddable":true,"href":"https:\/\/www.livresentre2actions.fr\/fr_fr\/wp-json\/wp\/v2\/product_brand?post=17885"},{"taxonomy":"product_cat","embeddable":true,"href":"https:\/\/www.livresentre2actions.fr\/fr_fr\/wp-json\/wp\/v2\/product_cat?post=17885"},{"taxonomy":"product_tag","embeddable":true,"href":"https:\/\/www.livresentre2actions.fr\/fr_fr\/wp-json\/wp\/v2\/product_tag?post=17885"}],"curies":[{"name":"wp","href":"https:\/\/api.w.org\/{rel}","templated":true}]}}