{"id":17884,"date":"2026-01-07T17:40:33","date_gmt":"2026-01-07T16:40:33","guid":{"rendered":"https:\/\/www.livresentre2actions.fr\/?post_type=product&#038;p=17884"},"modified":"2026-01-07T17:41:46","modified_gmt":"2026-01-07T16:41:46","slug":"17884","status":"publish","type":"product","link":"https:\/\/www.livresentre2actions.fr\/fr_fr\/produit\/17884\/","title":{"rendered":""},"content":{"rendered":"<p>La guerre nationale de 1812. Publication du Comit\u00e9 scientifique du Grand-Etat-Major russe. 1\u00c8re section. Correspondance des personnages officiels et des services de l\u2019\u00e9tat. Tome III. Pr\u00e9paration \u00e0 la guerre en 1811 (mai-juillet)<\/p>\n<p>E. Cazalas (trad.) &#8211; Henri-Charles Lavauzelle<\/p>\n<p>Demi-veau tabac, dos long \u00e0 frise, orn\u00e9 du titre et d\u2019une \u00e9tiquette (cote de biblioth\u00e8que), 250 x 166, 420p. Hors index (noms des personnages ; troupes, \u00e9tablissements et services ; g\u00e9ographique). Sans date. [1904] \u00c9dition originale. Nombreux tableaux d\u00e9pliants dans le texte et deux d\u00e9pliants hors texte. Un exemplaire recens\u00e9 par le Ccfr, [dans la Biblioth\u00e8que sp\u00e9cialis\u00e9e Martial Lapeyre]. Int\u00e9rieur globalement propre, rousseurs. Tampon de biblioth\u00e8que au faux-titre et au titre. Des accidents \u00e0 la reliure : \u00e9pidermures, griffes.<\/p>\n","protected":false},"excerpt":{"rendered":"<p>La guerre nationale de 1812. Publication du Comit\u00e9 scientifique du Grand-Etat-Major russe. 1\u00c8re section. Correspondance des personnages officiels et des services de l\u2019\u00e9tat. Tome III. Pr\u00e9paration \u00e0 la guerre en 1811 (mai-juillet) E. Cazalas (trad.) &#8211; Henri-Charles Lavauzelle Demi-veau tabac, dos long \u00e0 frise, orn\u00e9 du titre et d\u2019une \u00e9tiquette (cote de biblioth\u00e8que), 250 x &#8230; <a title=\"\" class=\"read-more\" href=\"https:\/\/www.livresentre2actions.fr\/fr_fr\/produit\/17884\/\" aria-label=\"En savoir plus sur \">Lire plus<\/a><\/p>\n","protected":false},"featured_media":17871,"template":"","meta":{"_eb_attr":""},"product_brand":[],"product_cat":[37,71,73],"product_tag":[86],"class_list":{"0":"post-17884","1":"product","2":"type-product","3":"status-publish","4":"has-post-thumbnail","6":"product_cat-a-partir-du-xxeme-siecle","7":"product_cat-illustres-modernes-editions-originales-signees-numerotees","8":"product_cat-histoires-et-recits-de-voyage","9":"product_tag-illustre","10":"sales-flash-overlay","11":"woocommerce-text-align-center","12":"woocommerce-image-align-center","13":"wc-has-gallery","15":"first","16":"instock","17":"taxable","18":"shipping-taxable","19":"purchasable","20":"product-type-simple"},"aioseo_notices":[],"_links":{"self":[{"href":"https:\/\/www.livresentre2actions.fr\/fr_fr\/wp-json\/wp\/v2\/product\/17884","targetHints":{"allow":["GET"]}}],"collection":[{"href":"https:\/\/www.livresentre2actions.fr\/fr_fr\/wp-json\/wp\/v2\/product"}],"about":[{"href":"https:\/\/www.livresentre2actions.fr\/fr_fr\/wp-json\/wp\/v2\/types\/product"}],"wp:featuredmedia":[{"embeddable":true,"href":"https:\/\/www.livresentre2actions.fr\/fr_fr\/wp-json\/wp\/v2\/media\/17871"}],"wp:attachment":[{"href":"https:\/\/www.livresentre2actions.fr\/fr_fr\/wp-json\/wp\/v2\/media?parent=17884"}],"wp:term":[{"taxonomy":"product_brand","embeddable":true,"href":"https:\/\/www.livresentre2actions.fr\/fr_fr\/wp-json\/wp\/v2\/product_brand?post=17884"},{"taxonomy":"product_cat","embeddable":true,"href":"https:\/\/www.livresentre2actions.fr\/fr_fr\/wp-json\/wp\/v2\/product_cat?post=17884"},{"taxonomy":"product_tag","embeddable":true,"href":"https:\/\/www.livresentre2actions.fr\/fr_fr\/wp-json\/wp\/v2\/product_tag?post=17884"}],"curies":[{"name":"wp","href":"https:\/\/api.w.org\/{rel}","templated":true}]}}