{"id":17843,"date":"2026-01-07T17:15:37","date_gmt":"2026-01-07T16:15:37","guid":{"rendered":"https:\/\/www.livresentre2actions.fr\/?post_type=product&#038;p=17843"},"modified":"2026-01-07T17:18:43","modified_gmt":"2026-01-07T16:18:43","slug":"the-treasury-of-the-sacred-heart","status":"publish","type":"product","link":"https:\/\/www.livresentre2actions.fr\/fr_fr\/produit\/the-treasury-of-the-sacred-heart\/","title":{"rendered":"The treasury of the sacred heart"},"content":{"rendered":"<p>The treasury of the sacred heart. Abridged from the larger work, with Epistles and Gospels for alla sundays and festivals of the year<\/p>\n<p>Charles Eason &#8211; Plein veau marine, glac\u00e9 en plats, racin\u00e9 en dos \u00e0 faux-nerfs, plats sup\u00e9rieur orn\u00e9 du sacr\u00e9 de coeur de J\u00e9sus, plat inf\u00e9rieur du m\u00eame motif estamp\u00e9 \u00e0 froid, plats \u00e0 encadrements estamp\u00e9s, dos orn\u00e9 du titre, toutes tranches dor\u00e9es, fermoir dor\u00e9 fonctionnel, contreplats \u00e0 guirlandes, 135 x 88, 113p. Dublin. 1869 (Pr\u00e9face) ; Edition originale dans cette version, un an apr\u00e8s \u00ab the larger edition \u00bb. Frontispice. Jointe : une image pieuse. Int\u00e9rieur propre et int\u00e8gre. Un ex-libris manuscrit en pied de garde blanche. Rares rousseurs l\u00e9g\u00e8res en fin de volume. Coins et champs frott\u00e9s, coins l\u00e9g\u00e8rement cogn\u00e9s. Plats frott\u00e9s avec quelques petites griffes et \u00e9pidermures, sacr\u00e9 coeur dor\u00e9 en excellent \u00e9tat. Dos frott\u00e9 aux nerfs, avec \u00e9pidermures en coiffe te queue. Bel exemplaire, bien ferme.<\/p>\n","protected":false},"excerpt":{"rendered":"<p>The treasury of the sacred heart. Abridged from the larger work, with Epistles and Gospels for alla sundays and festivals of the year Charles Eason &#8211; Plein veau marine, glac\u00e9 en plats, racin\u00e9 en dos \u00e0 faux-nerfs, plats sup\u00e9rieur orn\u00e9 du sacr\u00e9 de coeur de J\u00e9sus, plat inf\u00e9rieur du m\u00eame motif estamp\u00e9 \u00e0 froid, plats &#8230; <a title=\"The treasury of the sacred heart\" class=\"read-more\" href=\"https:\/\/www.livresentre2actions.fr\/fr_fr\/produit\/the-treasury-of-the-sacred-heart\/\" aria-label=\"En savoir plus sur The treasury of the sacred heart\">Lire plus<\/a><\/p>\n","protected":false},"featured_media":17844,"template":"","meta":{"_eb_attr":""},"product_brand":[],"product_cat":[36,71,68],"product_tag":[86,95],"class_list":{"0":"post-17843","1":"product","2":"type-product","3":"status-publish","4":"has-post-thumbnail","6":"product_cat-entre-le-xviiieme-et-le-xixeme-siecle","7":"product_cat-illustres-modernes-editions-originales-signees-numerotees","8":"product_cat-religion-spiritualite","9":"product_tag-illustre","10":"product_tag-reliure","11":"sales-flash-overlay","12":"woocommerce-text-align-center","13":"woocommerce-image-align-center","14":"wc-has-gallery","16":"first","17":"instock","18":"taxable","19":"shipping-taxable","20":"purchasable","21":"product-type-simple"},"aioseo_notices":[],"_links":{"self":[{"href":"https:\/\/www.livresentre2actions.fr\/fr_fr\/wp-json\/wp\/v2\/product\/17843","targetHints":{"allow":["GET"]}}],"collection":[{"href":"https:\/\/www.livresentre2actions.fr\/fr_fr\/wp-json\/wp\/v2\/product"}],"about":[{"href":"https:\/\/www.livresentre2actions.fr\/fr_fr\/wp-json\/wp\/v2\/types\/product"}],"wp:featuredmedia":[{"embeddable":true,"href":"https:\/\/www.livresentre2actions.fr\/fr_fr\/wp-json\/wp\/v2\/media\/17844"}],"wp:attachment":[{"href":"https:\/\/www.livresentre2actions.fr\/fr_fr\/wp-json\/wp\/v2\/media?parent=17843"}],"wp:term":[{"taxonomy":"product_brand","embeddable":true,"href":"https:\/\/www.livresentre2actions.fr\/fr_fr\/wp-json\/wp\/v2\/product_brand?post=17843"},{"taxonomy":"product_cat","embeddable":true,"href":"https:\/\/www.livresentre2actions.fr\/fr_fr\/wp-json\/wp\/v2\/product_cat?post=17843"},{"taxonomy":"product_tag","embeddable":true,"href":"https:\/\/www.livresentre2actions.fr\/fr_fr\/wp-json\/wp\/v2\/product_tag?post=17843"}],"curies":[{"name":"wp","href":"https:\/\/api.w.org\/{rel}","templated":true}]}}