{"id":17799,"date":"2025-12-31T20:50:09","date_gmt":"2025-12-31T19:50:09","guid":{"rendered":"https:\/\/www.livresentre2actions.fr\/?post_type=product&#038;p=17799"},"modified":"2026-03-07T19:17:01","modified_gmt":"2026-03-07T18:17:01","slug":"automobiles-talbot","status":"publish","type":"product","link":"https:\/\/www.livresentre2actions.fr\/fr_fr\/produit\/automobiles-talbot\/","title":{"rendered":"Automobiles Talbot"},"content":{"rendered":"<p>Broch\u00e9 cord\u00e9, 272 x 220, non pagin\u00e9 (16p.) sans date. Avec 5 planches couleurs sous serpente avec au total 10 mod\u00e8les de voitures dessin\u00e9 dans un style art nouveau. Comprend \u00e9galement un feuillet calque pli\u00e9 avec les prix des voitures. Un ex-libris tamponn\u00e9 du Garage Terminus Michel Ponce \u00e0 Charleville au titre. Int\u00e9rieur tr\u00e8s bon, propre et int\u00e8gre. Couvertures insol\u00e9es avec rousseurs l\u00e9g\u00e8res. Exemplaire bien ferme.<\/p>\n","protected":false},"excerpt":{"rendered":"<p>Broch\u00e9 cord\u00e9, 272 x 220, non pagin\u00e9 (16p.) sans date. Avec 5 planches couleurs sous serpente avec au total 10 mod\u00e8les de voitures dessin\u00e9 dans un style art nouveau. Comprend \u00e9galement un feuillet calque pli\u00e9 avec les prix des voitures. Un ex-libris tamponn\u00e9 du Garage Terminus Michel Ponce \u00e0 Charleville au titre. Int\u00e9rieur tr\u00e8s bon, &#8230; <a title=\"Automobiles Talbot\" class=\"read-more\" href=\"https:\/\/www.livresentre2actions.fr\/fr_fr\/produit\/automobiles-talbot\/\" aria-label=\"En savoir plus sur Automobiles Talbot\">Lire plus<\/a><\/p>\n","protected":false},"featured_media":0,"template":"","meta":{"_eb_attr":""},"product_brand":[],"product_cat":[37,74,72],"product_tag":[86],"class_list":{"0":"post-17799","1":"product","2":"type-product","3":"status-publish","5":"product_cat-a-partir-du-xxeme-siecle","6":"product_cat-collections","7":"product_cat-divers","8":"product_tag-illustre","9":"sales-flash-overlay","10":"woocommerce-text-align-center","11":"woocommerce-image-align-center","13":"first","14":"instock","15":"taxable","16":"shipping-taxable","17":"purchasable","18":"product-type-simple"},"aioseo_notices":[],"_links":{"self":[{"href":"https:\/\/www.livresentre2actions.fr\/fr_fr\/wp-json\/wp\/v2\/product\/17799","targetHints":{"allow":["GET"]}}],"collection":[{"href":"https:\/\/www.livresentre2actions.fr\/fr_fr\/wp-json\/wp\/v2\/product"}],"about":[{"href":"https:\/\/www.livresentre2actions.fr\/fr_fr\/wp-json\/wp\/v2\/types\/product"}],"wp:attachment":[{"href":"https:\/\/www.livresentre2actions.fr\/fr_fr\/wp-json\/wp\/v2\/media?parent=17799"}],"wp:term":[{"taxonomy":"product_brand","embeddable":true,"href":"https:\/\/www.livresentre2actions.fr\/fr_fr\/wp-json\/wp\/v2\/product_brand?post=17799"},{"taxonomy":"product_cat","embeddable":true,"href":"https:\/\/www.livresentre2actions.fr\/fr_fr\/wp-json\/wp\/v2\/product_cat?post=17799"},{"taxonomy":"product_tag","embeddable":true,"href":"https:\/\/www.livresentre2actions.fr\/fr_fr\/wp-json\/wp\/v2\/product_tag?post=17799"}],"curies":[{"name":"wp","href":"https:\/\/api.w.org\/{rel}","templated":true}]}}