{"id":17782,"date":"2025-12-31T20:42:02","date_gmt":"2025-12-31T19:42:02","guid":{"rendered":"https:\/\/www.livresentre2actions.fr\/?post_type=product&#038;p=17782"},"modified":"2025-12-31T20:42:50","modified_gmt":"2025-12-31T19:42:50","slug":"correspondance-i-et-ii-gide-martin-du-gard","status":"publish","type":"product","link":"https:\/\/www.livresentre2actions.fr\/fr_fr\/produit\/correspondance-i-et-ii-gide-martin-du-gard\/","title":{"rendered":"Correspondance I et II Gide \/ Martin du Gard"},"content":{"rendered":"<p>Broch\u00e9 \u00e0 rabats, 225 x 140, 1968. \u00c9dition originale. T1, 1913-1934, 732p. Avec envoi de Jean Delay en page de garde. T2, 571p. Int\u00e9rieurs propres et int\u00e8gres. Rousseurs sur les tranches de t\u00eate et dos, et en couvertures. Bien ferme.<\/p>\n","protected":false},"excerpt":{"rendered":"<p>Broch\u00e9 \u00e0 rabats, 225 x 140, 1968. \u00c9dition originale. T1, 1913-1934, 732p. Avec envoi de Jean Delay en page de garde. T2, 571p. Int\u00e9rieurs propres et int\u00e8gres. Rousseurs sur les tranches de t\u00eate et dos, et en couvertures. Bien ferme.<\/p>\n","protected":false},"featured_media":17783,"template":"","meta":{"_eb_attr":""},"product_brand":[],"product_cat":[37,71,76],"product_tag":[87],"class_list":{"0":"post-17782","1":"product","2":"type-product","3":"status-publish","4":"has-post-thumbnail","6":"product_cat-a-partir-du-xxeme-siecle","7":"product_cat-illustres-modernes-editions-originales-signees-numerotees","8":"product_cat-poesie-theatre-prose","9":"product_tag-signe","10":"sales-flash-overlay","11":"woocommerce-text-align-center","12":"woocommerce-image-align-center","13":"wc-has-gallery","15":"first","16":"instock","17":"taxable","18":"shipping-taxable","19":"purchasable","20":"product-type-simple"},"aioseo_notices":[],"_links":{"self":[{"href":"https:\/\/www.livresentre2actions.fr\/fr_fr\/wp-json\/wp\/v2\/product\/17782","targetHints":{"allow":["GET"]}}],"collection":[{"href":"https:\/\/www.livresentre2actions.fr\/fr_fr\/wp-json\/wp\/v2\/product"}],"about":[{"href":"https:\/\/www.livresentre2actions.fr\/fr_fr\/wp-json\/wp\/v2\/types\/product"}],"wp:featuredmedia":[{"embeddable":true,"href":"https:\/\/www.livresentre2actions.fr\/fr_fr\/wp-json\/wp\/v2\/media\/17783"}],"wp:attachment":[{"href":"https:\/\/www.livresentre2actions.fr\/fr_fr\/wp-json\/wp\/v2\/media?parent=17782"}],"wp:term":[{"taxonomy":"product_brand","embeddable":true,"href":"https:\/\/www.livresentre2actions.fr\/fr_fr\/wp-json\/wp\/v2\/product_brand?post=17782"},{"taxonomy":"product_cat","embeddable":true,"href":"https:\/\/www.livresentre2actions.fr\/fr_fr\/wp-json\/wp\/v2\/product_cat?post=17782"},{"taxonomy":"product_tag","embeddable":true,"href":"https:\/\/www.livresentre2actions.fr\/fr_fr\/wp-json\/wp\/v2\/product_tag?post=17782"}],"curies":[{"name":"wp","href":"https:\/\/api.w.org\/{rel}","templated":true}]}}