{"id":17755,"date":"2025-12-31T20:29:46","date_gmt":"2025-12-31T19:29:46","guid":{"rendered":"https:\/\/www.livresentre2actions.fr\/?post_type=product&#038;p=17755"},"modified":"2025-12-31T20:30:19","modified_gmt":"2025-12-31T19:30:19","slug":"dans-la-rue-chansons-monologues-aristide-bruant","status":"publish","type":"product","link":"https:\/\/www.livresentre2actions.fr\/fr_fr\/produit\/dans-la-rue-chansons-monologues-aristide-bruant\/","title":{"rendered":"Dans la rue. Chansons &#038; monologues. Aristide Bruant"},"content":{"rendered":"<p>Dans la rue. Chansons &amp; monologues. Dessins de Steinlen. \u00c9dition d\u00e9finitive, 36\u00e8me mille<\/p>\n<p>Aristide Bruant, auteur \u00e9diteur<\/p>\n<p>Tr\u00e8s jolie reliure demi-veau blond marbr\u00e9e, \u00e0 coins, plats et coins liser\u00e9s, dos orn\u00e9 des titre et auteur et de frises, joli papier color\u00e9 \u00e0 motif de plumes, couvertures et dos conserv\u00e9s, 188 x 122, 207 p. Avec table en d\u00e9but de volume. Sans date. [Imprimerie Pairault ; Imprimerie Charles Blot], ca. 1895-1900. 36\u00e8me mille, qui n\u2019a connu qu\u2019un seul grand papier en 100 exemplaire num\u00e9rot\u00e9s sur Japon.<\/p>\n<p>Nombreuses illustrations par Steinlen dans le texte, musique not\u00e9e dans le texte. Il s\u2019agit du premier volume d\u2019une s\u00e9rie de trois, ce volume comporte trente-et-un textes\u00a0: I. Philosophe \u00e0 XXXI. Grelotteux. Int\u00e9rieur l\u00e9g\u00e8rement insol\u00e9 mais tr\u00e8s bon\u00a0; reliure impeccable, tr\u00e8s belle sobre.<\/p>\n","protected":false},"excerpt":{"rendered":"<p>Dans la rue. Chansons &amp; monologues. Dessins de Steinlen. \u00c9dition d\u00e9finitive, 36\u00e8me mille Aristide Bruant, auteur \u00e9diteur Tr\u00e8s jolie reliure demi-veau blond marbr\u00e9e, \u00e0 coins, plats et coins liser\u00e9s, dos orn\u00e9 des titre et auteur et de frises, joli papier color\u00e9 \u00e0 motif de plumes, couvertures et dos conserv\u00e9s, 188 x 122, 207 p. Avec &#8230; <a title=\"Dans la rue. Chansons &#038; monologues. Aristide Bruant\" class=\"read-more\" href=\"https:\/\/www.livresentre2actions.fr\/fr_fr\/produit\/dans-la-rue-chansons-monologues-aristide-bruant\/\" aria-label=\"En savoir plus sur Dans la rue. Chansons &#038; monologues. Aristide Bruant\">Lire plus<\/a><\/p>\n","protected":false},"featured_media":17756,"template":"","meta":{"_eb_attr":""},"product_brand":[],"product_cat":[36,75,71,76],"product_tag":[86],"class_list":{"0":"post-17755","1":"product","2":"type-product","3":"status-publish","4":"has-post-thumbnail","6":"product_cat-entre-le-xviiieme-et-le-xixeme-siecle","7":"product_cat-art","8":"product_cat-illustres-modernes-editions-originales-signees-numerotees","9":"product_cat-poesie-theatre-prose","10":"product_tag-illustre","11":"sales-flash-overlay","12":"woocommerce-text-align-center","13":"woocommerce-image-align-center","14":"wc-has-gallery","16":"first","17":"instock","18":"taxable","19":"shipping-taxable","20":"purchasable","21":"product-type-simple"},"aioseo_notices":[],"_links":{"self":[{"href":"https:\/\/www.livresentre2actions.fr\/fr_fr\/wp-json\/wp\/v2\/product\/17755","targetHints":{"allow":["GET"]}}],"collection":[{"href":"https:\/\/www.livresentre2actions.fr\/fr_fr\/wp-json\/wp\/v2\/product"}],"about":[{"href":"https:\/\/www.livresentre2actions.fr\/fr_fr\/wp-json\/wp\/v2\/types\/product"}],"wp:featuredmedia":[{"embeddable":true,"href":"https:\/\/www.livresentre2actions.fr\/fr_fr\/wp-json\/wp\/v2\/media\/17756"}],"wp:attachment":[{"href":"https:\/\/www.livresentre2actions.fr\/fr_fr\/wp-json\/wp\/v2\/media?parent=17755"}],"wp:term":[{"taxonomy":"product_brand","embeddable":true,"href":"https:\/\/www.livresentre2actions.fr\/fr_fr\/wp-json\/wp\/v2\/product_brand?post=17755"},{"taxonomy":"product_cat","embeddable":true,"href":"https:\/\/www.livresentre2actions.fr\/fr_fr\/wp-json\/wp\/v2\/product_cat?post=17755"},{"taxonomy":"product_tag","embeddable":true,"href":"https:\/\/www.livresentre2actions.fr\/fr_fr\/wp-json\/wp\/v2\/product_tag?post=17755"}],"curies":[{"name":"wp","href":"https:\/\/api.w.org\/{rel}","templated":true}]}}