{"id":17733,"date":"2025-12-31T20:05:33","date_gmt":"2025-12-31T19:05:33","guid":{"rendered":"https:\/\/www.livresentre2actions.fr\/?post_type=product&#038;p=17733"},"modified":"2025-12-31T20:06:26","modified_gmt":"2025-12-31T19:06:26","slug":"album-photographique-exposition-1900","status":"publish","type":"product","link":"https:\/\/www.livresentre2actions.fr\/fr_fr\/produit\/album-photographique-exposition-1900\/","title":{"rendered":"Album Photographique &#8211; Exposition 1900."},"content":{"rendered":"<p>Plein cartonnage rouge \u00e0 dos long muet, plat sup\u00e9rieur titre et d\u00e9cor\u00e9, 220 x 178, 1900. 18 reproductions photographiques en accord\u00e9on, dont la premi\u00e8re coll\u00e9e en contreplat sup\u00e9rieur. Rousseurs l\u00e9g\u00e8res et tr\u00e8s marginales. Plats frott\u00e9s avec quelques griffes l\u00e9g\u00e8res, mais bons. Dos frott\u00e9 en bordures. Bon exemplaire bien ferme.<\/p>\n","protected":false},"excerpt":{"rendered":"<p>Plein cartonnage rouge \u00e0 dos long muet, plat sup\u00e9rieur titre et d\u00e9cor\u00e9, 220 x 178, 1900. 18 reproductions photographiques en accord\u00e9on, dont la premi\u00e8re coll\u00e9e en contreplat sup\u00e9rieur. Rousseurs l\u00e9g\u00e8res et tr\u00e8s marginales. Plats frott\u00e9s avec quelques griffes l\u00e9g\u00e8res, mais bons. Dos frott\u00e9 en bordures. Bon exemplaire bien ferme.<\/p>\n","protected":false},"featured_media":17734,"template":"","meta":{"_eb_attr":""},"product_brand":[],"product_cat":[37,75,71,73],"product_tag":[86],"class_list":{"0":"post-17733","1":"product","2":"type-product","3":"status-publish","4":"has-post-thumbnail","6":"product_cat-a-partir-du-xxeme-siecle","7":"product_cat-art","8":"product_cat-illustres-modernes-editions-originales-signees-numerotees","9":"product_cat-histoires-et-recits-de-voyage","10":"product_tag-illustre","11":"sales-flash-overlay","12":"woocommerce-text-align-center","13":"woocommerce-image-align-center","14":"wc-has-gallery","16":"first","17":"instock","18":"taxable","19":"shipping-taxable","20":"purchasable","21":"product-type-simple"},"aioseo_notices":[],"_links":{"self":[{"href":"https:\/\/www.livresentre2actions.fr\/fr_fr\/wp-json\/wp\/v2\/product\/17733","targetHints":{"allow":["GET"]}}],"collection":[{"href":"https:\/\/www.livresentre2actions.fr\/fr_fr\/wp-json\/wp\/v2\/product"}],"about":[{"href":"https:\/\/www.livresentre2actions.fr\/fr_fr\/wp-json\/wp\/v2\/types\/product"}],"wp:featuredmedia":[{"embeddable":true,"href":"https:\/\/www.livresentre2actions.fr\/fr_fr\/wp-json\/wp\/v2\/media\/17734"}],"wp:attachment":[{"href":"https:\/\/www.livresentre2actions.fr\/fr_fr\/wp-json\/wp\/v2\/media?parent=17733"}],"wp:term":[{"taxonomy":"product_brand","embeddable":true,"href":"https:\/\/www.livresentre2actions.fr\/fr_fr\/wp-json\/wp\/v2\/product_brand?post=17733"},{"taxonomy":"product_cat","embeddable":true,"href":"https:\/\/www.livresentre2actions.fr\/fr_fr\/wp-json\/wp\/v2\/product_cat?post=17733"},{"taxonomy":"product_tag","embeddable":true,"href":"https:\/\/www.livresentre2actions.fr\/fr_fr\/wp-json\/wp\/v2\/product_tag?post=17733"}],"curies":[{"name":"wp","href":"https:\/\/api.w.org\/{rel}","templated":true}]}}