{"id":17704,"date":"2025-12-31T19:43:20","date_gmt":"2025-12-31T18:43:20","guid":{"rendered":"https:\/\/www.livresentre2actions.fr\/?post_type=product&#038;p=17704"},"modified":"2025-12-31T20:01:42","modified_gmt":"2025-12-31T19:01:42","slug":"17704","status":"publish","type":"product","link":"https:\/\/www.livresentre2actions.fr\/fr_fr\/produit\/17704\/","title":{"rendered":"Album de l\u2019histoire de France (&#8230;) Si\u00e8ges et batailles"},"content":{"rendered":"<p>Album de l\u2019histoire de France adopt\u00e9 par le Minist\u00e8re de l\u2019instruction publique et par la ville de Paris. Si\u00e8ges et batailles<\/p>\n<p>Collectif (texte et dessins) &#8211; Librairie Furne, Jouvet &amp; Cie<\/p>\n<p>Pleine percaline rouge \u00e0 dos long muet, plat titr\u00e9 dans un encadrement noir, toutes tranches dor\u00e9es, 194 x 148, non pagin\u00e9 (25p.). 1886. Texte de A. Thiers, Henri Martin, D\u00e9sir\u00e9 Lacroix. Dessins Philippoteaux, A. de Neuville, K. Girardet, Yan\u2019Dargent. Int\u00e9rieur tr\u00e8s bon, propre et int\u00e8gre. Bel \u00e9tat de la reliure, dos un peu pass\u00e9, quelques frottements, un blanchiment peu \u00e9tendu en plein dos et plat sup\u00e9rieur. Exemplaire bien ferme.<\/p>\n","protected":false},"excerpt":{"rendered":"<p>Album de l\u2019histoire de France adopt\u00e9 par le Minist\u00e8re de l\u2019instruction publique et par la ville de Paris. Si\u00e8ges et batailles Collectif (texte et dessins) &#8211; Librairie Furne, Jouvet &amp; Cie Pleine percaline rouge \u00e0 dos long muet, plat titr\u00e9 dans un encadrement noir, toutes tranches dor\u00e9es, 194 x 148, non pagin\u00e9 (25p.). 1886. Texte &#8230; <a title=\"Album de l\u2019histoire de France (&#8230;) Si\u00e8ges et batailles\" class=\"read-more\" href=\"https:\/\/www.livresentre2actions.fr\/fr_fr\/produit\/17704\/\" aria-label=\"En savoir plus sur Album de l\u2019histoire de France (&#8230;) Si\u00e8ges et batailles\">Lire plus<\/a><\/p>\n","protected":false},"featured_media":17705,"template":"","meta":{"_eb_attr":""},"product_brand":[],"product_cat":[36,71,73],"product_tag":[86],"class_list":{"0":"post-17704","1":"product","2":"type-product","3":"status-publish","4":"has-post-thumbnail","6":"product_cat-entre-le-xviiieme-et-le-xixeme-siecle","7":"product_cat-illustres-modernes-editions-originales-signees-numerotees","8":"product_cat-histoires-et-recits-de-voyage","9":"product_tag-illustre","10":"sales-flash-overlay","11":"woocommerce-text-align-center","12":"woocommerce-image-align-center","13":"wc-has-gallery","15":"first","16":"instock","17":"taxable","18":"shipping-taxable","19":"purchasable","20":"product-type-simple"},"aioseo_notices":[],"_links":{"self":[{"href":"https:\/\/www.livresentre2actions.fr\/fr_fr\/wp-json\/wp\/v2\/product\/17704","targetHints":{"allow":["GET"]}}],"collection":[{"href":"https:\/\/www.livresentre2actions.fr\/fr_fr\/wp-json\/wp\/v2\/product"}],"about":[{"href":"https:\/\/www.livresentre2actions.fr\/fr_fr\/wp-json\/wp\/v2\/types\/product"}],"wp:featuredmedia":[{"embeddable":true,"href":"https:\/\/www.livresentre2actions.fr\/fr_fr\/wp-json\/wp\/v2\/media\/17705"}],"wp:attachment":[{"href":"https:\/\/www.livresentre2actions.fr\/fr_fr\/wp-json\/wp\/v2\/media?parent=17704"}],"wp:term":[{"taxonomy":"product_brand","embeddable":true,"href":"https:\/\/www.livresentre2actions.fr\/fr_fr\/wp-json\/wp\/v2\/product_brand?post=17704"},{"taxonomy":"product_cat","embeddable":true,"href":"https:\/\/www.livresentre2actions.fr\/fr_fr\/wp-json\/wp\/v2\/product_cat?post=17704"},{"taxonomy":"product_tag","embeddable":true,"href":"https:\/\/www.livresentre2actions.fr\/fr_fr\/wp-json\/wp\/v2\/product_tag?post=17704"}],"curies":[{"name":"wp","href":"https:\/\/api.w.org\/{rel}","templated":true}]}}