{"id":17661,"date":"2025-12-27T18:04:54","date_gmt":"2025-12-27T17:04:54","guid":{"rendered":"https:\/\/www.livresentre2actions.fr\/?post_type=product&#038;p=17661"},"modified":"2025-12-27T18:04:54","modified_gmt":"2025-12-27T17:04:54","slug":"the-book-of-the-cinema-foreword-by-francois-truffaut","status":"publish","type":"product","link":"https:\/\/www.livresentre2actions.fr\/fr_fr\/produit\/the-book-of-the-cinema-foreword-by-francois-truffaut\/","title":{"rendered":"The Book of the Cinema,, Foreword by Fran\u00e7ois Truffaut"},"content":{"rendered":"<p>Cartonnage \u00e9diteur sous jaquette, 312 x 240, 240p. avec index. 1979. A Chris Milsome Book. Int\u00e9rieur tr\u00e8s bon, propre et int\u00e8gre. Cartonnage tr\u00e8s bon, propre et int\u00e8gre. Jaquette l\u00e9g\u00e8rement frott\u00e9e mais propre et int\u00e8gre. Bel exemplaire bien ferme.<\/p>\n","protected":false},"excerpt":{"rendered":"<p>Cartonnage \u00e9diteur sous jaquette, 312 x 240, 240p. avec index. 1979. A Chris Milsome Book. Int\u00e9rieur tr\u00e8s bon, propre et int\u00e8gre. Cartonnage tr\u00e8s bon, propre et int\u00e8gre. Jaquette l\u00e9g\u00e8rement frott\u00e9e mais propre et int\u00e8gre. Bel exemplaire bien ferme.<\/p>\n","protected":false},"featured_media":17662,"template":"","meta":{"_eb_attr":""},"product_brand":[],"product_cat":[37,75,71],"product_tag":[],"class_list":{"0":"post-17661","1":"product","2":"type-product","3":"status-publish","4":"has-post-thumbnail","6":"product_cat-a-partir-du-xxeme-siecle","7":"product_cat-art","8":"product_cat-illustres-modernes-editions-originales-signees-numerotees","9":"sales-flash-overlay","10":"woocommerce-text-align-center","11":"woocommerce-image-align-center","12":"wc-has-gallery","14":"first","15":"instock","16":"taxable","17":"shipping-taxable","18":"purchasable","19":"product-type-simple"},"aioseo_notices":[],"_links":{"self":[{"href":"https:\/\/www.livresentre2actions.fr\/fr_fr\/wp-json\/wp\/v2\/product\/17661","targetHints":{"allow":["GET"]}}],"collection":[{"href":"https:\/\/www.livresentre2actions.fr\/fr_fr\/wp-json\/wp\/v2\/product"}],"about":[{"href":"https:\/\/www.livresentre2actions.fr\/fr_fr\/wp-json\/wp\/v2\/types\/product"}],"wp:featuredmedia":[{"embeddable":true,"href":"https:\/\/www.livresentre2actions.fr\/fr_fr\/wp-json\/wp\/v2\/media\/17662"}],"wp:attachment":[{"href":"https:\/\/www.livresentre2actions.fr\/fr_fr\/wp-json\/wp\/v2\/media?parent=17661"}],"wp:term":[{"taxonomy":"product_brand","embeddable":true,"href":"https:\/\/www.livresentre2actions.fr\/fr_fr\/wp-json\/wp\/v2\/product_brand?post=17661"},{"taxonomy":"product_cat","embeddable":true,"href":"https:\/\/www.livresentre2actions.fr\/fr_fr\/wp-json\/wp\/v2\/product_cat?post=17661"},{"taxonomy":"product_tag","embeddable":true,"href":"https:\/\/www.livresentre2actions.fr\/fr_fr\/wp-json\/wp\/v2\/product_tag?post=17661"}],"curies":[{"name":"wp","href":"https:\/\/api.w.org\/{rel}","templated":true}]}}