{"id":17654,"date":"2025-12-27T18:01:36","date_gmt":"2025-12-27T17:01:36","guid":{"rendered":"https:\/\/www.livresentre2actions.fr\/?post_type=product&#038;p=17654"},"modified":"2025-12-27T18:01:37","modified_gmt":"2025-12-27T17:01:37","slug":"le-vaillant-petit-tailleur-ou-sept-dun-coup-grimm-illustrations-de-h-thiriet","status":"publish","type":"product","link":"https:\/\/www.livresentre2actions.fr\/fr_fr\/produit\/le-vaillant-petit-tailleur-ou-sept-dun-coup-grimm-illustrations-de-h-thiriet\/","title":{"rendered":"Le vaillant petit tailleur ou sept d&rsquo;un coup &#8211; Grimm Illustrations de H. Thiriet."},"content":{"rendered":"<p>Imagerie Merveilleuse de l&rsquo;enfance, Tallandier<\/p>\n<p>Cartonnage \u00e9diteur, 270 x 185, 16p. 1953. Except\u00e9 quelques rousseurs en premi\u00e8re et derni\u00e8re pages, int\u00e9rieur propre. Couvertures un peu gris\u00e9es avec quelques rousseurs. Bon exemplaire bien ferme.<\/p>\n","protected":false},"excerpt":{"rendered":"<p>Imagerie Merveilleuse de l&rsquo;enfance, Tallandier Cartonnage \u00e9diteur, 270 x 185, 16p. 1953. Except\u00e9 quelques rousseurs en premi\u00e8re et derni\u00e8re pages, int\u00e9rieur propre. Couvertures un peu gris\u00e9es avec quelques rousseurs. Bon exemplaire bien ferme.<\/p>\n","protected":false},"featured_media":17655,"template":"","meta":{"_eb_attr":""},"product_brand":[],"product_cat":[37,78,71],"product_tag":[],"class_list":{"0":"post-17654","1":"product","2":"type-product","3":"status-publish","4":"has-post-thumbnail","6":"product_cat-a-partir-du-xxeme-siecle","7":"product_cat-enfantina","8":"product_cat-illustres-modernes-editions-originales-signees-numerotees","9":"sales-flash-overlay","10":"woocommerce-text-align-center","11":"woocommerce-image-align-center","12":"wc-has-gallery","14":"first","15":"instock","16":"taxable","17":"shipping-taxable","18":"purchasable","19":"product-type-simple"},"aioseo_notices":[],"_links":{"self":[{"href":"https:\/\/www.livresentre2actions.fr\/fr_fr\/wp-json\/wp\/v2\/product\/17654","targetHints":{"allow":["GET"]}}],"collection":[{"href":"https:\/\/www.livresentre2actions.fr\/fr_fr\/wp-json\/wp\/v2\/product"}],"about":[{"href":"https:\/\/www.livresentre2actions.fr\/fr_fr\/wp-json\/wp\/v2\/types\/product"}],"wp:featuredmedia":[{"embeddable":true,"href":"https:\/\/www.livresentre2actions.fr\/fr_fr\/wp-json\/wp\/v2\/media\/17655"}],"wp:attachment":[{"href":"https:\/\/www.livresentre2actions.fr\/fr_fr\/wp-json\/wp\/v2\/media?parent=17654"}],"wp:term":[{"taxonomy":"product_brand","embeddable":true,"href":"https:\/\/www.livresentre2actions.fr\/fr_fr\/wp-json\/wp\/v2\/product_brand?post=17654"},{"taxonomy":"product_cat","embeddable":true,"href":"https:\/\/www.livresentre2actions.fr\/fr_fr\/wp-json\/wp\/v2\/product_cat?post=17654"},{"taxonomy":"product_tag","embeddable":true,"href":"https:\/\/www.livresentre2actions.fr\/fr_fr\/wp-json\/wp\/v2\/product_tag?post=17654"}],"curies":[{"name":"wp","href":"https:\/\/api.w.org\/{rel}","templated":true}]}}