{"id":17649,"date":"2025-12-27T17:56:22","date_gmt":"2025-12-27T16:56:22","guid":{"rendered":"https:\/\/www.livresentre2actions.fr\/?post_type=product&#038;p=17649"},"modified":"2025-12-27T17:56:25","modified_gmt":"2025-12-27T16:56:25","slug":"la-theorie-de-la-violence-et-la-revolution-francaise","status":"publish","type":"product","link":"https:\/\/www.livresentre2actions.fr\/fr_fr\/produit\/la-theorie-de-la-violence-et-la-revolution-francaise\/","title":{"rendered":"La th\u00e9orie de la violence et la R\u00e9volution fran\u00e7aise"},"content":{"rendered":"<p>A. Aulard &#8211; Ligue des Droits de l&rsquo;Homme<\/p>\n<p>Brochure simple agrafe, 243 x 158, 24 p. 1923. Discours prononc\u00e9 au Congr\u00e8s des Soci\u00e9t\u00e9s savantes \u00e0 la Sorbonne le 6 avril 1923. Int\u00e9rieur insol\u00e9 mais propre, avec quelques d\u00e9chirures sans manque et quelques trous en marge sans g\u00e8ne de lecture. Couvertures frott\u00e9es et insol\u00e9es avec rousseurs et quelques petits trous en quatri\u00e8me, mais globalement int\u00e8gres et propres.<\/p>\n","protected":false},"excerpt":{"rendered":"<p>A. Aulard &#8211; Ligue des Droits de l&rsquo;Homme Brochure simple agrafe, 243 x 158, 24 p. 1923. Discours prononc\u00e9 au Congr\u00e8s des Soci\u00e9t\u00e9s savantes \u00e0 la Sorbonne le 6 avril 1923. Int\u00e9rieur insol\u00e9 mais propre, avec quelques d\u00e9chirures sans manque et quelques trous en marge sans g\u00e8ne de lecture. Couvertures frott\u00e9es et insol\u00e9es avec rousseurs &#8230; <a title=\"La th\u00e9orie de la violence et la R\u00e9volution fran\u00e7aise\" class=\"read-more\" href=\"https:\/\/www.livresentre2actions.fr\/fr_fr\/produit\/la-theorie-de-la-violence-et-la-revolution-francaise\/\" aria-label=\"En savoir plus sur La th\u00e9orie de la violence et la R\u00e9volution fran\u00e7aise\">Lire plus<\/a><\/p>\n","protected":false},"featured_media":17650,"template":"","meta":{"_eb_attr":""},"product_brand":[],"product_cat":[37,82],"product_tag":[],"class_list":{"0":"post-17649","1":"product","2":"type-product","3":"status-publish","4":"has-post-thumbnail","6":"product_cat-a-partir-du-xxeme-siecle","7":"product_cat-philosophie","8":"sales-flash-overlay","9":"woocommerce-text-align-center","10":"woocommerce-image-align-center","11":"wc-has-gallery","13":"first","14":"instock","15":"taxable","16":"shipping-taxable","17":"purchasable","18":"product-type-simple"},"aioseo_notices":[],"_links":{"self":[{"href":"https:\/\/www.livresentre2actions.fr\/fr_fr\/wp-json\/wp\/v2\/product\/17649","targetHints":{"allow":["GET"]}}],"collection":[{"href":"https:\/\/www.livresentre2actions.fr\/fr_fr\/wp-json\/wp\/v2\/product"}],"about":[{"href":"https:\/\/www.livresentre2actions.fr\/fr_fr\/wp-json\/wp\/v2\/types\/product"}],"wp:featuredmedia":[{"embeddable":true,"href":"https:\/\/www.livresentre2actions.fr\/fr_fr\/wp-json\/wp\/v2\/media\/17650"}],"wp:attachment":[{"href":"https:\/\/www.livresentre2actions.fr\/fr_fr\/wp-json\/wp\/v2\/media?parent=17649"}],"wp:term":[{"taxonomy":"product_brand","embeddable":true,"href":"https:\/\/www.livresentre2actions.fr\/fr_fr\/wp-json\/wp\/v2\/product_brand?post=17649"},{"taxonomy":"product_cat","embeddable":true,"href":"https:\/\/www.livresentre2actions.fr\/fr_fr\/wp-json\/wp\/v2\/product_cat?post=17649"},{"taxonomy":"product_tag","embeddable":true,"href":"https:\/\/www.livresentre2actions.fr\/fr_fr\/wp-json\/wp\/v2\/product_tag?post=17649"}],"curies":[{"name":"wp","href":"https:\/\/api.w.org\/{rel}","templated":true}]}}