{"id":17617,"date":"2025-12-27T17:32:52","date_gmt":"2025-12-27T16:32:52","guid":{"rendered":"https:\/\/www.livresentre2actions.fr\/?post_type=product&#038;p=17617"},"modified":"2025-12-27T17:32:52","modified_gmt":"2025-12-27T16:32:52","slug":"lignorance-de-milan-kundera","status":"publish","type":"product","link":"https:\/\/www.livresentre2actions.fr\/fr_fr\/produit\/lignorance-de-milan-kundera\/","title":{"rendered":"L&rsquo;Ignorance de Milan Kundera"},"content":{"rendered":"<p>Broch\u00e9, 205 x 142, 181p. Avril 2003. Premi\u00e8re \u00e9dition en France. Int\u00e9rieur propre et int\u00e8gre ; les toutes derni\u00e8re pages du volume ont \u00e9t\u00e9 cogn\u00e9es sur la tranche de t\u00eate. Couvertures l\u00e9g\u00e8rement insol\u00e9es sur une moiti\u00e9. Bon exemplaire bien ferme.<\/p>\n","protected":false},"excerpt":{"rendered":"<p>Broch\u00e9, 205 x 142, 181p. Avril 2003. Premi\u00e8re \u00e9dition en France. Int\u00e9rieur propre et int\u00e8gre ; les toutes derni\u00e8re pages du volume ont \u00e9t\u00e9 cogn\u00e9es sur la tranche de t\u00eate. Couvertures l\u00e9g\u00e8rement insol\u00e9es sur une moiti\u00e9. Bon exemplaire bien ferme.<\/p>\n","protected":false},"featured_media":17618,"template":"","meta":{"_eb_attr":""},"product_brand":[],"product_cat":[37,71,76],"product_tag":[],"class_list":{"0":"post-17617","1":"product","2":"type-product","3":"status-publish","4":"has-post-thumbnail","6":"product_cat-a-partir-du-xxeme-siecle","7":"product_cat-illustres-modernes-editions-originales-signees-numerotees","8":"product_cat-poesie-theatre-prose","9":"sales-flash-overlay","10":"woocommerce-text-align-center","11":"woocommerce-image-align-center","12":"wc-has-gallery","14":"first","15":"instock","16":"taxable","17":"shipping-taxable","18":"purchasable","19":"product-type-simple"},"aioseo_notices":[],"_links":{"self":[{"href":"https:\/\/www.livresentre2actions.fr\/fr_fr\/wp-json\/wp\/v2\/product\/17617","targetHints":{"allow":["GET"]}}],"collection":[{"href":"https:\/\/www.livresentre2actions.fr\/fr_fr\/wp-json\/wp\/v2\/product"}],"about":[{"href":"https:\/\/www.livresentre2actions.fr\/fr_fr\/wp-json\/wp\/v2\/types\/product"}],"wp:featuredmedia":[{"embeddable":true,"href":"https:\/\/www.livresentre2actions.fr\/fr_fr\/wp-json\/wp\/v2\/media\/17618"}],"wp:attachment":[{"href":"https:\/\/www.livresentre2actions.fr\/fr_fr\/wp-json\/wp\/v2\/media?parent=17617"}],"wp:term":[{"taxonomy":"product_brand","embeddable":true,"href":"https:\/\/www.livresentre2actions.fr\/fr_fr\/wp-json\/wp\/v2\/product_brand?post=17617"},{"taxonomy":"product_cat","embeddable":true,"href":"https:\/\/www.livresentre2actions.fr\/fr_fr\/wp-json\/wp\/v2\/product_cat?post=17617"},{"taxonomy":"product_tag","embeddable":true,"href":"https:\/\/www.livresentre2actions.fr\/fr_fr\/wp-json\/wp\/v2\/product_tag?post=17617"}],"curies":[{"name":"wp","href":"https:\/\/api.w.org\/{rel}","templated":true}]}}