{"id":17585,"date":"2025-12-27T17:05:08","date_gmt":"2025-12-27T16:05:08","guid":{"rendered":"https:\/\/www.livresentre2actions.fr\/?post_type=product&#038;p=17585"},"modified":"2025-12-27T17:29:30","modified_gmt":"2025-12-27T16:29:30","slug":"le-palais-de-scaurus-ou-description-dune-maison-romaine-fragment-dun-voyage-fait-a-rome","status":"publish","type":"product","link":"https:\/\/www.livresentre2actions.fr\/fr_fr\/produit\/le-palais-de-scaurus-ou-description-dune-maison-romaine-fragment-dun-voyage-fait-a-rome\/","title":{"rendered":"Le Palais de Scaurus, ou Description d&rsquo;une maison romaine, fragment d&rsquo;un voyage fait \u00e0 Rome"},"content":{"rendered":"<p>Sans nom d\u2019auteur [Fran\u00e7ois Mazois] &#8211; Firmin Didot<\/p>\n<p>Demi-veau rouge, dos long orn\u00e9 du titre, plats verts, 206 x 130, 308p. Avec Explication des planches, tables alphab\u00e9tique et des mati\u00e8res. 1822. Seconde \u00e9dition. Bien complet de ses 12 planches hors texte dont 9 sous serpente et une d\u00e9pliante. De jolis cul-de-lampe th\u00e9matiques. Int\u00e9rieur propre. Coins, plats, champs frott\u00e9s avec petits accidents coins l\u00e9g\u00e8rement cogn\u00e9s.Dos avec accidents, petits manques en t\u00eate et pied de dos, mors sup\u00e9rieur fendu en t\u00eate. Exemplaire bien ferme. Arch\u00e9ologue fran\u00e7ais (1783-1826), Fran\u00e7ois Mazois est \u00e9galement l\u2019auteur de Les ruines de Pomp\u00e9i, son \u0153uvre majeure, compl\u00e9t\u00e9e par F.-C. Gau.<\/p>\n","protected":false},"excerpt":{"rendered":"<p>Sans nom d\u2019auteur [Fran\u00e7ois Mazois] &#8211; Firmin Didot Demi-veau rouge, dos long orn\u00e9 du titre, plats verts, 206 x 130, 308p. Avec Explication des planches, tables alphab\u00e9tique et des mati\u00e8res. 1822. Seconde \u00e9dition. Bien complet de ses 12 planches hors texte dont 9 sous serpente et une d\u00e9pliante. De jolis cul-de-lampe th\u00e9matiques. Int\u00e9rieur propre. Coins, &#8230; <a title=\"Le Palais de Scaurus, ou Description d&rsquo;une maison romaine, fragment d&rsquo;un voyage fait \u00e0 Rome\" class=\"read-more\" href=\"https:\/\/www.livresentre2actions.fr\/fr_fr\/produit\/le-palais-de-scaurus-ou-description-dune-maison-romaine-fragment-dun-voyage-fait-a-rome\/\" aria-label=\"En savoir plus sur Le Palais de Scaurus, ou Description d&rsquo;une maison romaine, fragment d&rsquo;un voyage fait \u00e0 Rome\">Lire plus<\/a><\/p>\n","protected":false},"featured_media":17586,"template":"","meta":{"_eb_attr":""},"product_brand":[],"product_cat":[36,75,71,73,69],"product_tag":[86],"class_list":{"0":"post-17585","1":"product","2":"type-product","3":"status-publish","4":"has-post-thumbnail","6":"product_cat-entre-le-xviiieme-et-le-xixeme-siecle","7":"product_cat-art","8":"product_cat-illustres-modernes-editions-originales-signees-numerotees","9":"product_cat-histoires-et-recits-de-voyage","10":"product_cat-sciences-et-techniques","11":"product_tag-illustre","12":"sales-flash-overlay","13":"woocommerce-text-align-center","14":"woocommerce-image-align-center","15":"wc-has-gallery","17":"first","18":"instock","19":"taxable","20":"shipping-taxable","21":"purchasable","22":"product-type-simple"},"aioseo_notices":[],"_links":{"self":[{"href":"https:\/\/www.livresentre2actions.fr\/fr_fr\/wp-json\/wp\/v2\/product\/17585","targetHints":{"allow":["GET"]}}],"collection":[{"href":"https:\/\/www.livresentre2actions.fr\/fr_fr\/wp-json\/wp\/v2\/product"}],"about":[{"href":"https:\/\/www.livresentre2actions.fr\/fr_fr\/wp-json\/wp\/v2\/types\/product"}],"wp:featuredmedia":[{"embeddable":true,"href":"https:\/\/www.livresentre2actions.fr\/fr_fr\/wp-json\/wp\/v2\/media\/17586"}],"wp:attachment":[{"href":"https:\/\/www.livresentre2actions.fr\/fr_fr\/wp-json\/wp\/v2\/media?parent=17585"}],"wp:term":[{"taxonomy":"product_brand","embeddable":true,"href":"https:\/\/www.livresentre2actions.fr\/fr_fr\/wp-json\/wp\/v2\/product_brand?post=17585"},{"taxonomy":"product_cat","embeddable":true,"href":"https:\/\/www.livresentre2actions.fr\/fr_fr\/wp-json\/wp\/v2\/product_cat?post=17585"},{"taxonomy":"product_tag","embeddable":true,"href":"https:\/\/www.livresentre2actions.fr\/fr_fr\/wp-json\/wp\/v2\/product_tag?post=17585"}],"curies":[{"name":"wp","href":"https:\/\/api.w.org\/{rel}","templated":true}]}}