{"id":17557,"date":"2025-12-26T16:43:00","date_gmt":"2025-12-26T15:43:00","guid":{"rendered":"https:\/\/www.livresentre2actions.fr\/?post_type=product&#038;p=17557"},"modified":"2025-12-26T16:43:01","modified_gmt":"2025-12-26T15:43:01","slug":"pelecypodes-amphineures-et-scaphopodes-antarctiques-des-xie-et-xiie-expeditions-francaises-en-terre-adelie","status":"publish","type":"product","link":"https:\/\/www.livresentre2actions.fr\/fr_fr\/produit\/pelecypodes-amphineures-et-scaphopodes-antarctiques-des-xie-et-xiie-expeditions-francaises-en-terre-adelie\/","title":{"rendered":"P\u00e9l\u00e9cypodes, amphineures et scaphopodes antarctiques des Xi\u00e8 et XII\u00e8 exp\u00e9ditions fran\u00e7aises en Terre Ad\u00e9lie"},"content":{"rendered":"<p>Patrick Arnaud &#8211; Exp\u00e9ditions polaires fran\u00e7aises. Mission Paul-Emile Victor<\/p>\n<p>Broch\u00e9 agrafes, 271 x 214, pagin\u00e9 207-214, avec trois figures in fine. Extrait de Rec. Trav. St. Mar. Endoume. Bull. N\u00b036, 52, 1965. Int\u00e9rieur et couvertures propres et int\u00e8gres. Bon exemplaire.<\/p>\n","protected":false},"excerpt":{"rendered":"<p>Patrick Arnaud &#8211; Exp\u00e9ditions polaires fran\u00e7aises. Mission Paul-Emile Victor Broch\u00e9 agrafes, 271 x 214, pagin\u00e9 207-214, avec trois figures in fine. Extrait de Rec. Trav. St. Mar. Endoume. Bull. N\u00b036, 52, 1965. Int\u00e9rieur et couvertures propres et int\u00e8gres. Bon exemplaire.<\/p>\n","protected":false},"featured_media":17558,"template":"","meta":{"_eb_attr":""},"product_brand":[],"product_cat":[37,70,69],"product_tag":[],"class_list":{"0":"post-17557","1":"product","2":"type-product","3":"status-publish","4":"has-post-thumbnail","6":"product_cat-a-partir-du-xxeme-siecle","7":"product_cat-medecine-et-nature","8":"product_cat-sciences-et-techniques","9":"sales-flash-overlay","10":"woocommerce-text-align-center","11":"woocommerce-image-align-center","12":"wc-has-gallery","14":"first","15":"instock","16":"taxable","17":"shipping-taxable","18":"purchasable","19":"product-type-simple"},"aioseo_notices":[],"_links":{"self":[{"href":"https:\/\/www.livresentre2actions.fr\/fr_fr\/wp-json\/wp\/v2\/product\/17557","targetHints":{"allow":["GET"]}}],"collection":[{"href":"https:\/\/www.livresentre2actions.fr\/fr_fr\/wp-json\/wp\/v2\/product"}],"about":[{"href":"https:\/\/www.livresentre2actions.fr\/fr_fr\/wp-json\/wp\/v2\/types\/product"}],"wp:featuredmedia":[{"embeddable":true,"href":"https:\/\/www.livresentre2actions.fr\/fr_fr\/wp-json\/wp\/v2\/media\/17558"}],"wp:attachment":[{"href":"https:\/\/www.livresentre2actions.fr\/fr_fr\/wp-json\/wp\/v2\/media?parent=17557"}],"wp:term":[{"taxonomy":"product_brand","embeddable":true,"href":"https:\/\/www.livresentre2actions.fr\/fr_fr\/wp-json\/wp\/v2\/product_brand?post=17557"},{"taxonomy":"product_cat","embeddable":true,"href":"https:\/\/www.livresentre2actions.fr\/fr_fr\/wp-json\/wp\/v2\/product_cat?post=17557"},{"taxonomy":"product_tag","embeddable":true,"href":"https:\/\/www.livresentre2actions.fr\/fr_fr\/wp-json\/wp\/v2\/product_tag?post=17557"}],"curies":[{"name":"wp","href":"https:\/\/api.w.org\/{rel}","templated":true}]}}