{"id":17554,"date":"2025-12-26T16:40:29","date_gmt":"2025-12-26T15:40:29","guid":{"rendered":"https:\/\/www.livresentre2actions.fr\/?post_type=product&#038;p=17554"},"modified":"2025-12-26T16:40:31","modified_gmt":"2025-12-26T15:40:31","slug":"correlations-entre-le-depot-de-plomb-210-dans-lantarctique-et-lactivite-solaire","status":"publish","type":"product","link":"https:\/\/www.livresentre2actions.fr\/fr_fr\/produit\/correlations-entre-le-depot-de-plomb-210-dans-lantarctique-et-lactivite-solaire\/","title":{"rendered":"Corr\u00e9lations entre le d\u00e9p\u00f4t de plomb 210 dans l\u2019Antarctique et l\u2019activit\u00e9 solaire"},"content":{"rendered":"<p>G\u00e9rard Lambert, Mehdi Nezami et Jacques Labeyrie -b Exp\u00e9ditions polaires fran\u00e7aises. Mission Paul-Emile Victor<\/p>\n<p>Broch\u00e9 agrafes, 271 x 214, 4p. Extrait de C. R. Acad. Sc., t 260, 11\/01\/1965. Int\u00e9rieur et couvertures propres et int\u00e8gres. Bon exemplaire.<\/p>\n","protected":false},"excerpt":{"rendered":"<p>G\u00e9rard Lambert, Mehdi Nezami et Jacques Labeyrie -b Exp\u00e9ditions polaires fran\u00e7aises. Mission Paul-Emile Victor Broch\u00e9 agrafes, 271 x 214, 4p. Extrait de C. R. Acad. Sc., t 260, 11\/01\/1965. Int\u00e9rieur et couvertures propres et int\u00e8gres. Bon exemplaire.<\/p>\n","protected":false},"featured_media":17555,"template":"","meta":{"_eb_attr":""},"product_brand":[],"product_cat":[37,70,69],"product_tag":[],"class_list":{"0":"post-17554","1":"product","2":"type-product","3":"status-publish","4":"has-post-thumbnail","6":"product_cat-a-partir-du-xxeme-siecle","7":"product_cat-medecine-et-nature","8":"product_cat-sciences-et-techniques","9":"sales-flash-overlay","10":"woocommerce-text-align-center","11":"woocommerce-image-align-center","12":"wc-has-gallery","14":"first","15":"instock","16":"taxable","17":"shipping-taxable","18":"purchasable","19":"product-type-simple"},"aioseo_notices":[],"_links":{"self":[{"href":"https:\/\/www.livresentre2actions.fr\/fr_fr\/wp-json\/wp\/v2\/product\/17554","targetHints":{"allow":["GET"]}}],"collection":[{"href":"https:\/\/www.livresentre2actions.fr\/fr_fr\/wp-json\/wp\/v2\/product"}],"about":[{"href":"https:\/\/www.livresentre2actions.fr\/fr_fr\/wp-json\/wp\/v2\/types\/product"}],"wp:featuredmedia":[{"embeddable":true,"href":"https:\/\/www.livresentre2actions.fr\/fr_fr\/wp-json\/wp\/v2\/media\/17555"}],"wp:attachment":[{"href":"https:\/\/www.livresentre2actions.fr\/fr_fr\/wp-json\/wp\/v2\/media?parent=17554"}],"wp:term":[{"taxonomy":"product_brand","embeddable":true,"href":"https:\/\/www.livresentre2actions.fr\/fr_fr\/wp-json\/wp\/v2\/product_brand?post=17554"},{"taxonomy":"product_cat","embeddable":true,"href":"https:\/\/www.livresentre2actions.fr\/fr_fr\/wp-json\/wp\/v2\/product_cat?post=17554"},{"taxonomy":"product_tag","embeddable":true,"href":"https:\/\/www.livresentre2actions.fr\/fr_fr\/wp-json\/wp\/v2\/product_tag?post=17554"}],"curies":[{"name":"wp","href":"https:\/\/api.w.org\/{rel}","templated":true}]}}