{"id":17539,"date":"2025-12-26T16:32:34","date_gmt":"2025-12-26T15:32:34","guid":{"rendered":"https:\/\/www.livresentre2actions.fr\/?post_type=product&#038;p=17539"},"modified":"2025-12-26T16:32:35","modified_gmt":"2025-12-26T15:32:35","slug":"note-sur-la-repartition-des-foraminiferes-au-voisinage-des-cotes-de-terre-adeiie","status":"publish","type":"product","link":"https:\/\/www.livresentre2actions.fr\/fr_fr\/produit\/note-sur-la-repartition-des-foraminiferes-au-voisinage-des-cotes-de-terre-adeiie\/","title":{"rendered":"Note sur la r\u00e9partition des foraminif\u00e8res au voisinage des c\u00f4tes de Terre Ad\u00e9iie"},"content":{"rendered":"<p>Laure Blanc-Vernet &#8211; Exp\u00e9ditions polaires fran\u00e7aises. Mission Paul-Emile Victor<\/p>\n<p>Broch\u00e9 agrafes, 271 x 214, pagin\u00e9 191-205, avec planches, tableaux, figures. Extrait de Rec. Trav. St. Mar. Endoume. Bull. N\u00b036, 52, 1965. Int\u00e9rieur et couvertures propres et int\u00e8gres. Bon exemplaire.<\/p>\n","protected":false},"excerpt":{"rendered":"<p>Laure Blanc-Vernet &#8211; Exp\u00e9ditions polaires fran\u00e7aises. Mission Paul-Emile Victor Broch\u00e9 agrafes, 271 x 214, pagin\u00e9 191-205, avec planches, tableaux, figures. Extrait de Rec. Trav. St. Mar. Endoume. Bull. N\u00b036, 52, 1965. Int\u00e9rieur et couvertures propres et int\u00e8gres. Bon exemplaire.<\/p>\n","protected":false},"featured_media":17540,"template":"","meta":{"_eb_attr":""},"product_brand":[],"product_cat":[37,70,69],"product_tag":[],"class_list":{"0":"post-17539","1":"product","2":"type-product","3":"status-publish","4":"has-post-thumbnail","6":"product_cat-a-partir-du-xxeme-siecle","7":"product_cat-medecine-et-nature","8":"product_cat-sciences-et-techniques","9":"sales-flash-overlay","10":"woocommerce-text-align-center","11":"woocommerce-image-align-center","12":"wc-has-gallery","14":"first","15":"instock","16":"taxable","17":"shipping-taxable","18":"purchasable","19":"product-type-simple"},"aioseo_notices":[],"_links":{"self":[{"href":"https:\/\/www.livresentre2actions.fr\/fr_fr\/wp-json\/wp\/v2\/product\/17539","targetHints":{"allow":["GET"]}}],"collection":[{"href":"https:\/\/www.livresentre2actions.fr\/fr_fr\/wp-json\/wp\/v2\/product"}],"about":[{"href":"https:\/\/www.livresentre2actions.fr\/fr_fr\/wp-json\/wp\/v2\/types\/product"}],"wp:featuredmedia":[{"embeddable":true,"href":"https:\/\/www.livresentre2actions.fr\/fr_fr\/wp-json\/wp\/v2\/media\/17540"}],"wp:attachment":[{"href":"https:\/\/www.livresentre2actions.fr\/fr_fr\/wp-json\/wp\/v2\/media?parent=17539"}],"wp:term":[{"taxonomy":"product_brand","embeddable":true,"href":"https:\/\/www.livresentre2actions.fr\/fr_fr\/wp-json\/wp\/v2\/product_brand?post=17539"},{"taxonomy":"product_cat","embeddable":true,"href":"https:\/\/www.livresentre2actions.fr\/fr_fr\/wp-json\/wp\/v2\/product_cat?post=17539"},{"taxonomy":"product_tag","embeddable":true,"href":"https:\/\/www.livresentre2actions.fr\/fr_fr\/wp-json\/wp\/v2\/product_tag?post=17539"}],"curies":[{"name":"wp","href":"https:\/\/api.w.org\/{rel}","templated":true}]}}