{"id":17511,"date":"2025-12-26T16:19:27","date_gmt":"2025-12-26T15:19:27","guid":{"rendered":"https:\/\/www.livresentre2actions.fr\/?post_type=product&#038;p=17511"},"modified":"2025-12-26T16:20:22","modified_gmt":"2025-12-26T15:20:22","slug":"legendaire-de-la-vienne-r-mineau-et-l-racinoux","status":"publish","type":"product","link":"https:\/\/www.livresentre2actions.fr\/fr_fr\/produit\/legendaire-de-la-vienne-r-mineau-et-l-racinoux\/","title":{"rendered":"L\u00e9gendaire de la Vienne, R. Mineau et L. Racinoux"},"content":{"rendered":"<p>R. Mineau et L. Racinoux &#8211; L\u00e9gendaire de la Vienne : \u00eatres fabuleux, mythes anciens, contes fantastiques, fontaines sacr\u00e9es, pierres rituelles<\/p>\n<p>Brissaud, Librairie \u00ab\u00a0Le Bouquiniste\u00a0\u00bb &#8211; Pleine toile rouge oblong, \u00e0 dos long, signet rouge, 158 x 224, 423p. Avec table. 1978. Pleine toile l\u00e9g\u00e8rement frott\u00e9e, mais tr\u00e8s bon exemplaire, propre, int\u00e8gre, bien ferme.<\/p>\n","protected":false},"excerpt":{"rendered":"<p>R. Mineau et L. Racinoux &#8211; L\u00e9gendaire de la Vienne : \u00eatres fabuleux, mythes anciens, contes fantastiques, fontaines sacr\u00e9es, pierres rituelles Brissaud, Librairie \u00ab\u00a0Le Bouquiniste\u00a0\u00bb &#8211; Pleine toile rouge oblong, \u00e0 dos long, signet rouge, 158 x 224, 423p. Avec table. 1978. Pleine toile l\u00e9g\u00e8rement frott\u00e9e, mais tr\u00e8s bon exemplaire, propre, int\u00e8gre, bien ferme.<\/p>\n","protected":false},"featured_media":17512,"template":"","meta":{"_eb_attr":""},"product_brand":[],"product_cat":[37,71,97,68],"product_tag":[86],"class_list":{"0":"post-17511","1":"product","2":"type-product","3":"status-publish","4":"has-post-thumbnail","6":"product_cat-a-partir-du-xxeme-siecle","7":"product_cat-illustres-modernes-editions-originales-signees-numerotees","8":"product_cat-regionalia-divers","9":"product_cat-religion-spiritualite","10":"product_tag-illustre","11":"sales-flash-overlay","12":"woocommerce-text-align-center","13":"woocommerce-image-align-center","14":"wc-has-gallery","16":"first","17":"instock","18":"taxable","19":"shipping-taxable","20":"purchasable","21":"product-type-simple"},"aioseo_notices":[],"_links":{"self":[{"href":"https:\/\/www.livresentre2actions.fr\/fr_fr\/wp-json\/wp\/v2\/product\/17511","targetHints":{"allow":["GET"]}}],"collection":[{"href":"https:\/\/www.livresentre2actions.fr\/fr_fr\/wp-json\/wp\/v2\/product"}],"about":[{"href":"https:\/\/www.livresentre2actions.fr\/fr_fr\/wp-json\/wp\/v2\/types\/product"}],"wp:featuredmedia":[{"embeddable":true,"href":"https:\/\/www.livresentre2actions.fr\/fr_fr\/wp-json\/wp\/v2\/media\/17512"}],"wp:attachment":[{"href":"https:\/\/www.livresentre2actions.fr\/fr_fr\/wp-json\/wp\/v2\/media?parent=17511"}],"wp:term":[{"taxonomy":"product_brand","embeddable":true,"href":"https:\/\/www.livresentre2actions.fr\/fr_fr\/wp-json\/wp\/v2\/product_brand?post=17511"},{"taxonomy":"product_cat","embeddable":true,"href":"https:\/\/www.livresentre2actions.fr\/fr_fr\/wp-json\/wp\/v2\/product_cat?post=17511"},{"taxonomy":"product_tag","embeddable":true,"href":"https:\/\/www.livresentre2actions.fr\/fr_fr\/wp-json\/wp\/v2\/product_tag?post=17511"}],"curies":[{"name":"wp","href":"https:\/\/api.w.org\/{rel}","templated":true}]}}