{"id":17483,"date":"2025-12-22T17:04:38","date_gmt":"2025-12-22T16:04:38","guid":{"rendered":"https:\/\/www.livresentre2actions.fr\/?post_type=product&#038;p=17483"},"modified":"2025-12-22T17:04:39","modified_gmt":"2025-12-22T16:04:39","slug":"merleau-ponty-le-visible-et-linvisible","status":"publish","type":"product","link":"https:\/\/www.livresentre2actions.fr\/fr_fr\/produit\/merleau-ponty-le-visible-et-linvisible\/","title":{"rendered":"Merleau-Ponty, Le visible et l\u2019invisible"},"content":{"rendered":"<p>Gallimard &#8211; Broch\u00e9, collection Biblioth\u00e8que des id\u00e9es, 225 x 141, 360p. hors table, 1964. \u00c9dition originale. Exemplaire l\u00e9g\u00e8rement insol\u00e9, int\u00e9rieur propre, trace d&rsquo;adh\u00e9sif en garde et derni\u00e8re page vierge, dos rid\u00e9, un peu roussi en coiffe et queue, une petite d\u00e9chirure sans manque le long de la couverture pr\u00e8s du dos, 2 rides en couvertures. Bon exemplaire bien ferme.<\/p>\n","protected":false},"excerpt":{"rendered":"<p>Gallimard &#8211; Broch\u00e9, collection Biblioth\u00e8que des id\u00e9es, 225 x 141, 360p. hors table, 1964. \u00c9dition originale. Exemplaire l\u00e9g\u00e8rement insol\u00e9, int\u00e9rieur propre, trace d&rsquo;adh\u00e9sif en garde et derni\u00e8re page vierge, dos rid\u00e9, un peu roussi en coiffe et queue, une petite d\u00e9chirure sans manque le long de la couverture pr\u00e8s du dos, 2 rides en couvertures. &#8230; <a title=\"Merleau-Ponty, Le visible et l\u2019invisible\" class=\"read-more\" href=\"https:\/\/www.livresentre2actions.fr\/fr_fr\/produit\/merleau-ponty-le-visible-et-linvisible\/\" aria-label=\"En savoir plus sur Merleau-Ponty, Le visible et l\u2019invisible\">Lire plus<\/a><\/p>\n","protected":false},"featured_media":17484,"template":"","meta":{"_eb_attr":""},"product_brand":[],"product_cat":[37,71,82],"product_tag":[],"class_list":{"0":"post-17483","1":"product","2":"type-product","3":"status-publish","4":"has-post-thumbnail","6":"product_cat-a-partir-du-xxeme-siecle","7":"product_cat-illustres-modernes-editions-originales-signees-numerotees","8":"product_cat-philosophie","9":"sales-flash-overlay","10":"woocommerce-text-align-center","11":"woocommerce-image-align-center","12":"wc-has-gallery","14":"first","15":"instock","16":"taxable","17":"shipping-taxable","18":"purchasable","19":"product-type-simple"},"aioseo_notices":[],"_links":{"self":[{"href":"https:\/\/www.livresentre2actions.fr\/fr_fr\/wp-json\/wp\/v2\/product\/17483","targetHints":{"allow":["GET"]}}],"collection":[{"href":"https:\/\/www.livresentre2actions.fr\/fr_fr\/wp-json\/wp\/v2\/product"}],"about":[{"href":"https:\/\/www.livresentre2actions.fr\/fr_fr\/wp-json\/wp\/v2\/types\/product"}],"wp:featuredmedia":[{"embeddable":true,"href":"https:\/\/www.livresentre2actions.fr\/fr_fr\/wp-json\/wp\/v2\/media\/17484"}],"wp:attachment":[{"href":"https:\/\/www.livresentre2actions.fr\/fr_fr\/wp-json\/wp\/v2\/media?parent=17483"}],"wp:term":[{"taxonomy":"product_brand","embeddable":true,"href":"https:\/\/www.livresentre2actions.fr\/fr_fr\/wp-json\/wp\/v2\/product_brand?post=17483"},{"taxonomy":"product_cat","embeddable":true,"href":"https:\/\/www.livresentre2actions.fr\/fr_fr\/wp-json\/wp\/v2\/product_cat?post=17483"},{"taxonomy":"product_tag","embeddable":true,"href":"https:\/\/www.livresentre2actions.fr\/fr_fr\/wp-json\/wp\/v2\/product_tag?post=17483"}],"curies":[{"name":"wp","href":"https:\/\/api.w.org\/{rel}","templated":true}]}}