{"id":17461,"date":"2025-12-22T16:49:28","date_gmt":"2025-12-22T15:49:28","guid":{"rendered":"https:\/\/www.livresentre2actions.fr\/?post_type=product&#038;p=17461"},"modified":"2025-12-22T16:49:30","modified_gmt":"2025-12-22T15:49:30","slug":"la-guerre-de-1542-en-artois-premier-volume-jean-marc-dissaux","status":"publish","type":"product","link":"https:\/\/www.livresentre2actions.fr\/fr_fr\/produit\/la-guerre-de-1542-en-artois-premier-volume-jean-marc-dissaux\/","title":{"rendered":"La guerre de 1542 en Artois, Premier volume, Jean-Marc Dissaux"},"content":{"rendered":"<p>Association locale pour l&rsquo;histoire de l&rsquo;Artois &#8211; Broch\u00e9, 295 x 210, 85 p. 121p. 2010. Tr\u00e8s bon exemplaire, propre, int\u00e8gre, bien ferme.<\/p>\n","protected":false},"excerpt":{"rendered":"<p>Association locale pour l&rsquo;histoire de l&rsquo;Artois &#8211; Broch\u00e9, 295 x 210, 85 p. 121p. 2010. Tr\u00e8s bon exemplaire, propre, int\u00e8gre, bien ferme.<\/p>\n","protected":false},"featured_media":17462,"template":"","meta":{"_eb_attr":""},"product_brand":[],"product_cat":[37,81,73],"product_tag":[],"class_list":{"0":"post-17461","1":"product","2":"type-product","3":"status-publish","4":"has-post-thumbnail","6":"product_cat-a-partir-du-xxeme-siecle","7":"product_cat-hauts-de-france","8":"product_cat-histoires-et-recits-de-voyage","9":"sales-flash-overlay","10":"woocommerce-text-align-center","11":"woocommerce-image-align-center","12":"wc-has-gallery","14":"first","15":"instock","16":"taxable","17":"shipping-taxable","18":"purchasable","19":"product-type-simple"},"aioseo_notices":[],"_links":{"self":[{"href":"https:\/\/www.livresentre2actions.fr\/fr_fr\/wp-json\/wp\/v2\/product\/17461","targetHints":{"allow":["GET"]}}],"collection":[{"href":"https:\/\/www.livresentre2actions.fr\/fr_fr\/wp-json\/wp\/v2\/product"}],"about":[{"href":"https:\/\/www.livresentre2actions.fr\/fr_fr\/wp-json\/wp\/v2\/types\/product"}],"wp:featuredmedia":[{"embeddable":true,"href":"https:\/\/www.livresentre2actions.fr\/fr_fr\/wp-json\/wp\/v2\/media\/17462"}],"wp:attachment":[{"href":"https:\/\/www.livresentre2actions.fr\/fr_fr\/wp-json\/wp\/v2\/media?parent=17461"}],"wp:term":[{"taxonomy":"product_brand","embeddable":true,"href":"https:\/\/www.livresentre2actions.fr\/fr_fr\/wp-json\/wp\/v2\/product_brand?post=17461"},{"taxonomy":"product_cat","embeddable":true,"href":"https:\/\/www.livresentre2actions.fr\/fr_fr\/wp-json\/wp\/v2\/product_cat?post=17461"},{"taxonomy":"product_tag","embeddable":true,"href":"https:\/\/www.livresentre2actions.fr\/fr_fr\/wp-json\/wp\/v2\/product_tag?post=17461"}],"curies":[{"name":"wp","href":"https:\/\/api.w.org\/{rel}","templated":true}]}}