{"id":17411,"date":"2025-12-22T15:39:19","date_gmt":"2025-12-22T14:39:19","guid":{"rendered":"https:\/\/www.livresentre2actions.fr\/?post_type=product&#038;p=17411"},"modified":"2025-12-22T15:39:20","modified_gmt":"2025-12-22T14:39:20","slug":"loblat-joris-karl-huysmans","status":"publish","type":"product","link":"https:\/\/www.livresentre2actions.fr\/fr_fr\/produit\/loblat-joris-karl-huysmans\/","title":{"rendered":"L\u2019oblat, Joris-Karl Huysmans"},"content":{"rendered":"<p>Plon Nourrit &#8211; Demi-veau rouge \u00e0 coins, dos long joliment d\u00e9cor\u00e9, pi\u00e8ces de titre et d\u2019auteur en maroquin noir, tranche de t\u00eate dor\u00e9e, couvertures conserv\u00e9es, signet, 132 x 128, 378p. Nouveau tirage, 1955. Int\u00e9rieur tr\u00e8s bon, propre et int\u00e8gre. Reliure en tr\u00e8s bel \u00e9tat, quelques l\u00e9g\u00e8res griffes superficielles, petites \u00e9pidermures au dos, dos pass\u00e9. Bel exemplaire bien ferme.<\/p>\n","protected":false},"excerpt":{"rendered":"<p>Plon Nourrit &#8211; Demi-veau rouge \u00e0 coins, dos long joliment d\u00e9cor\u00e9, pi\u00e8ces de titre et d\u2019auteur en maroquin noir, tranche de t\u00eate dor\u00e9e, couvertures conserv\u00e9es, signet, 132 x 128, 378p. Nouveau tirage, 1955. Int\u00e9rieur tr\u00e8s bon, propre et int\u00e8gre. Reliure en tr\u00e8s bel \u00e9tat, quelques l\u00e9g\u00e8res griffes superficielles, petites \u00e9pidermures au dos, dos pass\u00e9. Bel &#8230; <a title=\"L\u2019oblat, Joris-Karl Huysmans\" class=\"read-more\" href=\"https:\/\/www.livresentre2actions.fr\/fr_fr\/produit\/loblat-joris-karl-huysmans\/\" aria-label=\"En savoir plus sur L\u2019oblat, Joris-Karl Huysmans\">Lire plus<\/a><\/p>\n","protected":false},"featured_media":17412,"template":"","meta":{"_eb_attr":""},"product_brand":[],"product_cat":[37,76],"product_tag":[],"class_list":{"0":"post-17411","1":"product","2":"type-product","3":"status-publish","4":"has-post-thumbnail","6":"product_cat-a-partir-du-xxeme-siecle","7":"product_cat-poesie-theatre-prose","8":"sales-flash-overlay","9":"woocommerce-text-align-center","10":"woocommerce-image-align-center","11":"wc-has-gallery","13":"first","14":"instock","15":"taxable","16":"shipping-taxable","17":"purchasable","18":"product-type-simple"},"aioseo_notices":[],"_links":{"self":[{"href":"https:\/\/www.livresentre2actions.fr\/fr_fr\/wp-json\/wp\/v2\/product\/17411","targetHints":{"allow":["GET"]}}],"collection":[{"href":"https:\/\/www.livresentre2actions.fr\/fr_fr\/wp-json\/wp\/v2\/product"}],"about":[{"href":"https:\/\/www.livresentre2actions.fr\/fr_fr\/wp-json\/wp\/v2\/types\/product"}],"wp:featuredmedia":[{"embeddable":true,"href":"https:\/\/www.livresentre2actions.fr\/fr_fr\/wp-json\/wp\/v2\/media\/17412"}],"wp:attachment":[{"href":"https:\/\/www.livresentre2actions.fr\/fr_fr\/wp-json\/wp\/v2\/media?parent=17411"}],"wp:term":[{"taxonomy":"product_brand","embeddable":true,"href":"https:\/\/www.livresentre2actions.fr\/fr_fr\/wp-json\/wp\/v2\/product_brand?post=17411"},{"taxonomy":"product_cat","embeddable":true,"href":"https:\/\/www.livresentre2actions.fr\/fr_fr\/wp-json\/wp\/v2\/product_cat?post=17411"},{"taxonomy":"product_tag","embeddable":true,"href":"https:\/\/www.livresentre2actions.fr\/fr_fr\/wp-json\/wp\/v2\/product_tag?post=17411"}],"curies":[{"name":"wp","href":"https:\/\/api.w.org\/{rel}","templated":true}]}}