{"id":17389,"date":"2025-12-22T15:28:33","date_gmt":"2025-12-22T14:28:33","guid":{"rendered":"https:\/\/www.livresentre2actions.fr\/?post_type=product&#038;p=17389"},"modified":"2025-12-22T15:28:33","modified_gmt":"2025-12-22T14:28:33","slug":"la-bas-joris-karl-huysmans","status":"publish","type":"product","link":"https:\/\/www.livresentre2actions.fr\/fr_fr\/produit\/la-bas-joris-karl-huysmans\/","title":{"rendered":"L\u00e0-Bas &#8211; Joris-Karl Huysmans"},"content":{"rendered":"<p>Plon &#8211; Demi-veau rouge \u00e0 coins, dos long orn\u00e9 de liser\u00e9s et frises, et des titre et auteur, tranche de t\u00eate dor\u00e9e, signet, joli papier marbr\u00e9 \u00e0 reflets en plats, couvertures et dos conserv\u00e9s, 193 x 125, 309p. Nouveau tirage, 1960. 76\u00e8me mille. Except\u00e9 le dos un peu pass\u00e9, tr\u00e8s bel exemplaire, propre, int\u00e8gre, bien ferme.<\/p>\n","protected":false},"excerpt":{"rendered":"<p>Plon &#8211; Demi-veau rouge \u00e0 coins, dos long orn\u00e9 de liser\u00e9s et frises, et des titre et auteur, tranche de t\u00eate dor\u00e9e, signet, joli papier marbr\u00e9 \u00e0 reflets en plats, couvertures et dos conserv\u00e9s, 193 x 125, 309p. Nouveau tirage, 1960. 76\u00e8me mille. Except\u00e9 le dos un peu pass\u00e9, tr\u00e8s bel exemplaire, propre, int\u00e8gre, bien &#8230; <a title=\"L\u00e0-Bas &#8211; Joris-Karl Huysmans\" class=\"read-more\" href=\"https:\/\/www.livresentre2actions.fr\/fr_fr\/produit\/la-bas-joris-karl-huysmans\/\" aria-label=\"En savoir plus sur L\u00e0-Bas &#8211; Joris-Karl Huysmans\">Lire plus<\/a><\/p>\n","protected":false},"featured_media":17390,"template":"","meta":{"_eb_attr":""},"product_brand":[],"product_cat":[37,76],"product_tag":[],"class_list":{"0":"post-17389","1":"product","2":"type-product","3":"status-publish","4":"has-post-thumbnail","6":"product_cat-a-partir-du-xxeme-siecle","7":"product_cat-poesie-theatre-prose","8":"sales-flash-overlay","9":"woocommerce-text-align-center","10":"woocommerce-image-align-center","11":"wc-has-gallery","13":"first","14":"instock","15":"taxable","16":"shipping-taxable","17":"purchasable","18":"product-type-simple"},"aioseo_notices":[],"_links":{"self":[{"href":"https:\/\/www.livresentre2actions.fr\/fr_fr\/wp-json\/wp\/v2\/product\/17389","targetHints":{"allow":["GET"]}}],"collection":[{"href":"https:\/\/www.livresentre2actions.fr\/fr_fr\/wp-json\/wp\/v2\/product"}],"about":[{"href":"https:\/\/www.livresentre2actions.fr\/fr_fr\/wp-json\/wp\/v2\/types\/product"}],"wp:featuredmedia":[{"embeddable":true,"href":"https:\/\/www.livresentre2actions.fr\/fr_fr\/wp-json\/wp\/v2\/media\/17390"}],"wp:attachment":[{"href":"https:\/\/www.livresentre2actions.fr\/fr_fr\/wp-json\/wp\/v2\/media?parent=17389"}],"wp:term":[{"taxonomy":"product_brand","embeddable":true,"href":"https:\/\/www.livresentre2actions.fr\/fr_fr\/wp-json\/wp\/v2\/product_brand?post=17389"},{"taxonomy":"product_cat","embeddable":true,"href":"https:\/\/www.livresentre2actions.fr\/fr_fr\/wp-json\/wp\/v2\/product_cat?post=17389"},{"taxonomy":"product_tag","embeddable":true,"href":"https:\/\/www.livresentre2actions.fr\/fr_fr\/wp-json\/wp\/v2\/product_tag?post=17389"}],"curies":[{"name":"wp","href":"https:\/\/api.w.org\/{rel}","templated":true}]}}