{"id":17371,"date":"2025-12-22T15:19:36","date_gmt":"2025-12-22T14:19:36","guid":{"rendered":"https:\/\/www.livresentre2actions.fr\/?post_type=product&#038;p=17371"},"modified":"2026-03-07T19:27:09","modified_gmt":"2026-03-07T18:27:09","slug":"quatrains-du-seigneur-de-pybrac-conseiller-du-roi","status":"publish","type":"product","link":"https:\/\/www.livresentre2actions.fr\/fr_fr\/produit\/quatrains-du-seigneur-de-pybrac-conseiller-du-roi\/","title":{"rendered":"Quatrains du seigneur de Pybrac, conseiller du roi"},"content":{"rendered":"<p>Quatrains du seigneur de Pybrac, conseiller du roi\u2026 \u00a0contenans pr\u00e9ceptes et enseignemens utiles pour la vie de l&rsquo;homme , de nouveau mis en leur ordre et augmentez par ledit seigneur. Avec les Plaisirs de la vie rustique, extraits d&rsquo;un plus long po\u00ebme.<\/p>\n<p>Guy du Faur, seigneur de Pibrac &#8211; Jean Oursel<\/p>\n<p>Brochure d\u2019attente en papier dominot\u00e9 d\u2019Orl\u00e9ans (comme indiqu\u00e9 sur la couverture), 171 x 110, 47p. 1735. Avec un joli bois en vignette surplombant l\u2019adresse au lecteur. Int\u00e9rieur propre mais exemplaire qui a \u00e9t\u00e9 corn\u00e9 fortement en coins de t\u00eate et pied ; une inscription au verso de la couverture et des inscriptions en pied de la derni\u00e8re page. Papier dominot\u00e9 gris\u00e9, avec une corne en t\u00eate, un petit manque en t\u00eate de dos, et un vignette vierge coll\u00e9e en t\u00eate de dos.<\/p>\n","protected":false},"excerpt":{"rendered":"<p>Quatrains du seigneur de Pybrac, conseiller du roi\u2026 \u00a0contenans pr\u00e9ceptes et enseignemens utiles pour la vie de l&rsquo;homme , de nouveau mis en leur ordre et augmentez par ledit seigneur. Avec les Plaisirs de la vie rustique, extraits d&rsquo;un plus long po\u00ebme. Guy du Faur, seigneur de Pibrac &#8211; Jean Oursel Brochure d\u2019attente en papier &#8230; <a title=\"Quatrains du seigneur de Pybrac, conseiller du roi\" class=\"read-more\" href=\"https:\/\/www.livresentre2actions.fr\/fr_fr\/produit\/quatrains-du-seigneur-de-pybrac-conseiller-du-roi\/\" aria-label=\"En savoir plus sur Quatrains du seigneur de Pybrac, conseiller du roi\">Lire plus<\/a><\/p>\n","protected":false},"featured_media":17372,"template":"","meta":{"_eb_attr":""},"product_brand":[],"product_cat":[36,82,76,68],"product_tag":[],"class_list":{"0":"post-17371","1":"product","2":"type-product","3":"status-publish","4":"has-post-thumbnail","6":"product_cat-entre-le-xviiieme-et-le-xixeme-siecle","7":"product_cat-philosophie","8":"product_cat-poesie-theatre-prose","9":"product_cat-religion-spiritualite","10":"sales-flash-overlay","11":"woocommerce-text-align-center","12":"woocommerce-image-align-center","14":"first","15":"outofstock","16":"taxable","17":"shipping-taxable","18":"purchasable","19":"product-type-simple"},"aioseo_notices":[],"_links":{"self":[{"href":"https:\/\/www.livresentre2actions.fr\/fr_fr\/wp-json\/wp\/v2\/product\/17371","targetHints":{"allow":["GET"]}}],"collection":[{"href":"https:\/\/www.livresentre2actions.fr\/fr_fr\/wp-json\/wp\/v2\/product"}],"about":[{"href":"https:\/\/www.livresentre2actions.fr\/fr_fr\/wp-json\/wp\/v2\/types\/product"}],"wp:featuredmedia":[{"embeddable":true,"href":"https:\/\/www.livresentre2actions.fr\/fr_fr\/wp-json\/wp\/v2\/media\/17372"}],"wp:attachment":[{"href":"https:\/\/www.livresentre2actions.fr\/fr_fr\/wp-json\/wp\/v2\/media?parent=17371"}],"wp:term":[{"taxonomy":"product_brand","embeddable":true,"href":"https:\/\/www.livresentre2actions.fr\/fr_fr\/wp-json\/wp\/v2\/product_brand?post=17371"},{"taxonomy":"product_cat","embeddable":true,"href":"https:\/\/www.livresentre2actions.fr\/fr_fr\/wp-json\/wp\/v2\/product_cat?post=17371"},{"taxonomy":"product_tag","embeddable":true,"href":"https:\/\/www.livresentre2actions.fr\/fr_fr\/wp-json\/wp\/v2\/product_tag?post=17371"}],"curies":[{"name":"wp","href":"https:\/\/api.w.org\/{rel}","templated":true}]}}