{"id":17362,"date":"2025-12-21T17:34:27","date_gmt":"2025-12-21T16:34:27","guid":{"rendered":"https:\/\/www.livresentre2actions.fr\/?post_type=product&#038;p=17362"},"modified":"2025-12-21T17:36:06","modified_gmt":"2025-12-21T16:36:06","slug":"brian-chaninov-histoire-de-russie","status":"publish","type":"product","link":"https:\/\/www.livresentre2actions.fr\/fr_fr\/produit\/brian-chaninov-histoire-de-russie\/","title":{"rendered":"Brian-Chaninov, Histoire de Russie"},"content":{"rendered":"<p>Grandes \u00e9tudes historiques, Fayard, 1929, \u00c9dition originale sur papier courant Demi-chagrin lie de vin, \u00e0 petits grains,\u00a0 couvertures conserv\u00e9es, 187 x 125, 508p. hot tble. 1929. Rousseurs sur tranches, plut\u00f4t marginales \u00e0 l\u2019int\u00e9rieur. Reliure int\u00e8gre, l\u00e9g\u00e8re \u00e9pidermure en coiffe et faux-nerfs, avec tache blanche au premier plat.<\/p>\n","protected":false},"excerpt":{"rendered":"<p>Grandes \u00e9tudes historiques, Fayard, 1929, \u00c9dition originale sur papier courant Demi-chagrin lie de vin, \u00e0 petits grains,\u00a0 couvertures conserv\u00e9es, 187 x 125, 508p. hot tble. 1929. Rousseurs sur tranches, plut\u00f4t marginales \u00e0 l\u2019int\u00e9rieur. Reliure int\u00e8gre, l\u00e9g\u00e8re \u00e9pidermure en coiffe et faux-nerfs, avec tache blanche au premier plat.<\/p>\n","protected":false},"featured_media":17363,"template":"","meta":{"_eb_attr":""},"product_brand":[],"product_cat":[37,73],"product_tag":[],"class_list":{"0":"post-17362","1":"product","2":"type-product","3":"status-publish","4":"has-post-thumbnail","6":"product_cat-a-partir-du-xxeme-siecle","7":"product_cat-histoires-et-recits-de-voyage","8":"sales-flash-overlay","9":"woocommerce-text-align-center","10":"woocommerce-image-align-center","11":"wc-has-gallery","13":"first","14":"instock","15":"taxable","16":"shipping-taxable","17":"purchasable","18":"product-type-simple"},"aioseo_notices":[],"_links":{"self":[{"href":"https:\/\/www.livresentre2actions.fr\/fr_fr\/wp-json\/wp\/v2\/product\/17362","targetHints":{"allow":["GET"]}}],"collection":[{"href":"https:\/\/www.livresentre2actions.fr\/fr_fr\/wp-json\/wp\/v2\/product"}],"about":[{"href":"https:\/\/www.livresentre2actions.fr\/fr_fr\/wp-json\/wp\/v2\/types\/product"}],"wp:featuredmedia":[{"embeddable":true,"href":"https:\/\/www.livresentre2actions.fr\/fr_fr\/wp-json\/wp\/v2\/media\/17363"}],"wp:attachment":[{"href":"https:\/\/www.livresentre2actions.fr\/fr_fr\/wp-json\/wp\/v2\/media?parent=17362"}],"wp:term":[{"taxonomy":"product_brand","embeddable":true,"href":"https:\/\/www.livresentre2actions.fr\/fr_fr\/wp-json\/wp\/v2\/product_brand?post=17362"},{"taxonomy":"product_cat","embeddable":true,"href":"https:\/\/www.livresentre2actions.fr\/fr_fr\/wp-json\/wp\/v2\/product_cat?post=17362"},{"taxonomy":"product_tag","embeddable":true,"href":"https:\/\/www.livresentre2actions.fr\/fr_fr\/wp-json\/wp\/v2\/product_tag?post=17362"}],"curies":[{"name":"wp","href":"https:\/\/api.w.org\/{rel}","templated":true}]}}