{"id":17330,"date":"2025-12-15T17:47:42","date_gmt":"2025-12-15T16:47:42","guid":{"rendered":"https:\/\/www.livresentre2actions.fr\/?post_type=product&#038;p=17330"},"modified":"2025-12-15T17:48:23","modified_gmt":"2025-12-15T16:48:23","slug":"discours-et-autres-ouvrages-de-monsieur-le-chancelier-daguesseau","status":"publish","type":"product","link":"https:\/\/www.livresentre2actions.fr\/fr_fr\/produit\/discours-et-autres-ouvrages-de-monsieur-le-chancelier-daguesseau\/","title":{"rendered":"Discours et autres ouvrages de Monsieur le Chancelier D\u2019Aguesseau"},"content":{"rendered":"<p>S.N.Amsterdam &#8211; Plein veau marbr\u00e9, dos \u00e0 cinq nerfs richement orn\u00e9, pi\u00e8ce de titre rouge, tranches rouges, 174 x 103, 1756 et 1757 (T2). Pr\u00e9c\u00e9d\u00e9 pour le T1 de : Avertissement ; Une vie de M. le Chancelier d\u2019Aguesseau ; Discours prononc\u00e9 par M. Terrasson ; Extrait de l\u2019histoire de Saintonge, par Armand Maichin, sur la famille d\u2019Aguesseau, pagin\u00e9s ii- lxij. Tome I sans table, T2 avec table in fine.<\/p>\n<p>Int\u00e9rieur tr\u00e8s bon, rousseurs marginales, coin manquant en t\u00eate de page de titre du T2.<\/p>\n<p>Plats frott\u00e9s avec \u00e9pidermures, mais bons\u00a0; coins et champs frott\u00e9s, coins l\u00e9g\u00e8rement \u00e9mouss\u00e9s. Dos en bel \u00e9tat avec cependant coiffe aras\u00e9e\u00a0; \u00e9pidermures en queue. Bel exemplaire bien ferme.<\/p>\n","protected":false},"excerpt":{"rendered":"<p>S.N.Amsterdam &#8211; Plein veau marbr\u00e9, dos \u00e0 cinq nerfs richement orn\u00e9, pi\u00e8ce de titre rouge, tranches rouges, 174 x 103, 1756 et 1757 (T2). Pr\u00e9c\u00e9d\u00e9 pour le T1 de : Avertissement ; Une vie de M. le Chancelier d\u2019Aguesseau ; Discours prononc\u00e9 par M. Terrasson ; Extrait de l\u2019histoire de Saintonge, par Armand Maichin, sur &#8230; <a title=\"Discours et autres ouvrages de Monsieur le Chancelier D\u2019Aguesseau\" class=\"read-more\" href=\"https:\/\/www.livresentre2actions.fr\/fr_fr\/produit\/discours-et-autres-ouvrages-de-monsieur-le-chancelier-daguesseau\/\" aria-label=\"En savoir plus sur Discours et autres ouvrages de Monsieur le Chancelier D\u2019Aguesseau\">Lire plus<\/a><\/p>\n","protected":false},"featured_media":17331,"template":"","meta":{"_eb_attr":""},"product_brand":[],"product_cat":[36,77,73],"product_tag":[],"class_list":{"0":"post-17330","1":"product","2":"type-product","3":"status-publish","4":"has-post-thumbnail","6":"product_cat-entre-le-xviiieme-et-le-xixeme-siecle","7":"product_cat-droit","8":"product_cat-histoires-et-recits-de-voyage","9":"sales-flash-overlay","10":"woocommerce-text-align-center","11":"woocommerce-image-align-center","12":"wc-has-gallery","14":"first","15":"instock","16":"taxable","17":"shipping-taxable","18":"purchasable","19":"product-type-simple"},"aioseo_notices":[],"_links":{"self":[{"href":"https:\/\/www.livresentre2actions.fr\/fr_fr\/wp-json\/wp\/v2\/product\/17330","targetHints":{"allow":["GET"]}}],"collection":[{"href":"https:\/\/www.livresentre2actions.fr\/fr_fr\/wp-json\/wp\/v2\/product"}],"about":[{"href":"https:\/\/www.livresentre2actions.fr\/fr_fr\/wp-json\/wp\/v2\/types\/product"}],"wp:featuredmedia":[{"embeddable":true,"href":"https:\/\/www.livresentre2actions.fr\/fr_fr\/wp-json\/wp\/v2\/media\/17331"}],"wp:attachment":[{"href":"https:\/\/www.livresentre2actions.fr\/fr_fr\/wp-json\/wp\/v2\/media?parent=17330"}],"wp:term":[{"taxonomy":"product_brand","embeddable":true,"href":"https:\/\/www.livresentre2actions.fr\/fr_fr\/wp-json\/wp\/v2\/product_brand?post=17330"},{"taxonomy":"product_cat","embeddable":true,"href":"https:\/\/www.livresentre2actions.fr\/fr_fr\/wp-json\/wp\/v2\/product_cat?post=17330"},{"taxonomy":"product_tag","embeddable":true,"href":"https:\/\/www.livresentre2actions.fr\/fr_fr\/wp-json\/wp\/v2\/product_tag?post=17330"}],"curies":[{"name":"wp","href":"https:\/\/api.w.org\/{rel}","templated":true}]}}