{"id":17183,"date":"2025-12-11T17:26:27","date_gmt":"2025-12-11T16:26:27","guid":{"rendered":"https:\/\/www.livresentre2actions.fr\/?post_type=product&#038;p=17183"},"modified":"2025-12-12T17:51:33","modified_gmt":"2025-12-12T16:51:33","slug":"dante-la-divine-comedie-8-volume-sur-9","status":"publish","type":"product","link":"https:\/\/www.livresentre2actions.fr\/fr_fr\/produit\/dante-la-divine-comedie-8-volume-sur-9\/","title":{"rendered":"Dante &#8211; La Divine Com\u00e9die, 8 volumes sur 9"},"content":{"rendered":"<p>3 tomes Le Purgatoire, 3 tomes Le Paradis, et 2\/3 l\u2019Enfer \u2013 Italien \/ Fran\u00e7ais Firmin Didot &#8211;<\/p>\n<p>8 volumes sur 9, petit In-32, 112 x 78, demi-veau olive, dos joliment d\u00e9cor\u00e9, frises et fleurons, titre, tomaison et code (de biblioth\u00e8que sans doute), signet, tranches marbr\u00e9es, 1830, deuxi\u00e8me \u00e9dition. Traduit en fran\u00e7ais par le Chevalier A. F. Artaud. Bilingue italien fran\u00e7ais, traduction en vis-\u00e0-vis sur deux pages\u00a0; deux pages de titre donc, une en italien, une en fran\u00e7ais.<\/p>\n<p>L\u2019Enfer, T2 et T3, pas de T1\u00a0; 244 et 286 p.<\/p>\n<p>Le Purgatoire, 3 tomes, 254, 256, et 243 pp. Avec table. Avec une planche d\u00e9pliante en frontispice, dessin\u00e9e par Roehn et grav\u00e9 par Gatine, ins\u00e9r\u00e9e entre les deux pages de titres, avec deux d\u00e9chirures sans manque.<\/p>\n<p>Le Paradis, 244, 265 et 249 pp. Avec une planche d\u00e9pliante en frontispice, ins\u00e9r\u00e9e entre les deux pages de titre, petites d\u00e9chirure et pliures, sans manque.<\/p>\n<p>Chaque volume est enrichi d\u2019une jolie provenance manifest\u00e9e par une vignette ex-libris aux armes coll\u00e9e en contreplat sup\u00e9rieur de Pierre Bernard Antoine Aubaret (1756-1835), conseiller \u00e0 la Cour royale de Montpellier sous la Restauration. Le code dor\u00e9e en t\u00eate de dos provient sans doute de sa biblioth\u00e8que.<\/p>\n<p>Int\u00e9rieurs avec quelques rousseurs, mais plut\u00f4t marginales. Les reliures sont en bel \u00e9tat, des frottements aux coiffes et queues plus ou moins prononc\u00e9s. Bel ensemble, tr\u00e8s peu courant, m\u00eame incomplet.<\/p>\n","protected":false},"excerpt":{"rendered":"<p>3 tomes Le Purgatoire, 3 tomes Le Paradis, et 2\/3 l\u2019Enfer \u2013 Italien \/ Fran\u00e7ais Firmin Didot &#8211; 8 volumes sur 9, petit In-32, 112 x 78, demi-veau olive, dos joliment d\u00e9cor\u00e9, frises et fleurons, titre, tomaison et code (de biblioth\u00e8que sans doute), signet, tranches marbr\u00e9es, 1830, deuxi\u00e8me \u00e9dition. Traduit en fran\u00e7ais par le Chevalier &#8230; <a title=\"Dante &#8211; La Divine Com\u00e9die, 8 volumes sur 9\" class=\"read-more\" href=\"https:\/\/www.livresentre2actions.fr\/fr_fr\/produit\/dante-la-divine-comedie-8-volume-sur-9\/\" aria-label=\"En savoir plus sur Dante &#8211; La Divine Com\u00e9die, 8 volumes sur 9\">Lire plus<\/a><\/p>\n","protected":false},"featured_media":17185,"template":"","meta":{"_eb_attr":""},"product_brand":[],"product_cat":[36,71,76,68],"product_tag":[86,94],"class_list":{"0":"post-17183","1":"product","2":"type-product","3":"status-publish","4":"has-post-thumbnail","6":"product_cat-entre-le-xviiieme-et-le-xixeme-siecle","7":"product_cat-illustres-modernes-editions-originales-signees-numerotees","8":"product_cat-poesie-theatre-prose","9":"product_cat-religion-spiritualite","10":"product_tag-illustre","11":"product_tag-provenance","12":"sales-flash-overlay","13":"woocommerce-text-align-center","14":"woocommerce-image-align-center","15":"wc-has-gallery","17":"first","18":"instock","19":"taxable","20":"shipping-taxable","21":"purchasable","22":"product-type-simple"},"aioseo_notices":[],"_links":{"self":[{"href":"https:\/\/www.livresentre2actions.fr\/fr_fr\/wp-json\/wp\/v2\/product\/17183","targetHints":{"allow":["GET"]}}],"collection":[{"href":"https:\/\/www.livresentre2actions.fr\/fr_fr\/wp-json\/wp\/v2\/product"}],"about":[{"href":"https:\/\/www.livresentre2actions.fr\/fr_fr\/wp-json\/wp\/v2\/types\/product"}],"wp:featuredmedia":[{"embeddable":true,"href":"https:\/\/www.livresentre2actions.fr\/fr_fr\/wp-json\/wp\/v2\/media\/17185"}],"wp:attachment":[{"href":"https:\/\/www.livresentre2actions.fr\/fr_fr\/wp-json\/wp\/v2\/media?parent=17183"}],"wp:term":[{"taxonomy":"product_brand","embeddable":true,"href":"https:\/\/www.livresentre2actions.fr\/fr_fr\/wp-json\/wp\/v2\/product_brand?post=17183"},{"taxonomy":"product_cat","embeddable":true,"href":"https:\/\/www.livresentre2actions.fr\/fr_fr\/wp-json\/wp\/v2\/product_cat?post=17183"},{"taxonomy":"product_tag","embeddable":true,"href":"https:\/\/www.livresentre2actions.fr\/fr_fr\/wp-json\/wp\/v2\/product_tag?post=17183"}],"curies":[{"name":"wp","href":"https:\/\/api.w.org\/{rel}","templated":true}]}}