{"id":17154,"date":"2025-12-11T17:09:09","date_gmt":"2025-12-11T16:09:09","guid":{"rendered":"https:\/\/www.livresentre2actions.fr\/?post_type=product&#038;p=17154"},"modified":"2025-12-11T17:09:09","modified_gmt":"2025-12-11T16:09:09","slug":"simone-de-beauvoir-les-belles-images","status":"publish","type":"product","link":"https:\/\/www.livresentre2actions.fr\/fr_fr\/produit\/simone-de-beauvoir-les-belles-images\/","title":{"rendered":"Simone de Beauvoir, Les belles images"},"content":{"rendered":"<p>Broch\u00e9 \u00e0 rabats, 186 x 120, 258p. 1966. \u00c9dition originale. Tr\u00e8s bon exemplaire, l\u00e9g\u00e8rement insol\u00e9, mais propre, int\u00e8gre, bien ferme. Nous joignons : Tous les hommes sont mortels, Gallimard, bon \u00e9tat, 1948. 35\u00e8me ed.<\/p>\n","protected":false},"excerpt":{"rendered":"<p>Broch\u00e9 \u00e0 rabats, 186 x 120, 258p. 1966. \u00c9dition originale. Tr\u00e8s bon exemplaire, l\u00e9g\u00e8rement insol\u00e9, mais propre, int\u00e8gre, bien ferme. Nous joignons : Tous les hommes sont mortels, Gallimard, bon \u00e9tat, 1948. 35\u00e8me ed.<\/p>\n","protected":false},"featured_media":17155,"template":"","meta":{"_eb_attr":""},"product_brand":[],"product_cat":[37,71,76],"product_tag":[],"class_list":{"0":"post-17154","1":"product","2":"type-product","3":"status-publish","4":"has-post-thumbnail","6":"product_cat-a-partir-du-xxeme-siecle","7":"product_cat-illustres-modernes-editions-originales-signees-numerotees","8":"product_cat-poesie-theatre-prose","9":"sales-flash-overlay","10":"woocommerce-text-align-center","11":"woocommerce-image-align-center","12":"wc-has-gallery","14":"first","15":"instock","16":"taxable","17":"shipping-taxable","18":"purchasable","19":"product-type-simple"},"aioseo_notices":[],"_links":{"self":[{"href":"https:\/\/www.livresentre2actions.fr\/fr_fr\/wp-json\/wp\/v2\/product\/17154","targetHints":{"allow":["GET"]}}],"collection":[{"href":"https:\/\/www.livresentre2actions.fr\/fr_fr\/wp-json\/wp\/v2\/product"}],"about":[{"href":"https:\/\/www.livresentre2actions.fr\/fr_fr\/wp-json\/wp\/v2\/types\/product"}],"wp:featuredmedia":[{"embeddable":true,"href":"https:\/\/www.livresentre2actions.fr\/fr_fr\/wp-json\/wp\/v2\/media\/17155"}],"wp:attachment":[{"href":"https:\/\/www.livresentre2actions.fr\/fr_fr\/wp-json\/wp\/v2\/media?parent=17154"}],"wp:term":[{"taxonomy":"product_brand","embeddable":true,"href":"https:\/\/www.livresentre2actions.fr\/fr_fr\/wp-json\/wp\/v2\/product_brand?post=17154"},{"taxonomy":"product_cat","embeddable":true,"href":"https:\/\/www.livresentre2actions.fr\/fr_fr\/wp-json\/wp\/v2\/product_cat?post=17154"},{"taxonomy":"product_tag","embeddable":true,"href":"https:\/\/www.livresentre2actions.fr\/fr_fr\/wp-json\/wp\/v2\/product_tag?post=17154"}],"curies":[{"name":"wp","href":"https:\/\/api.w.org\/{rel}","templated":true}]}}