{"id":17143,"date":"2025-12-11T17:02:41","date_gmt":"2025-12-11T16:02:41","guid":{"rendered":"https:\/\/www.livresentre2actions.fr\/?post_type=product&#038;p=17143"},"modified":"2025-12-11T17:03:55","modified_gmt":"2025-12-11T16:03:55","slug":"le-vaisseau-solitaire-poemes-ecrits-a-la-madeleine-et-a-bruxelles","status":"publish","type":"product","link":"https:\/\/www.livresentre2actions.fr\/fr_fr\/produit\/le-vaisseau-solitaire-poemes-ecrits-a-la-madeleine-et-a-bruxelles\/","title":{"rendered":"Le Vaisseau solitaire. Po\u00e8mes \u00e9crits \u00e0 La Madeleine et \u00e0 Bruxelles"},"content":{"rendered":"<p>Edgar Malf\u00e8re &#8211; Editions du Beffroi Broch\u00e9, 178 x 123, 176p. 1905. Frontispice. Edition originale non num\u00e9rot\u00e9e. Avec envoi sign\u00e9 de l\u2019auteur en page de faux-titre. Int\u00e9rieur l\u00e9g\u00e8rement insol\u00e9 mais propre et int\u00e8gre avec une signature en t\u00eate de page de titre. Brochure l\u00e2che, avec un cahier qui se d\u00e9tache pages 97 \u00e0 111. Couvertures et dos insol\u00e9s et frott\u00e9s, avec 2 petites d\u00e9chirures sans manque en pied de dos.<\/p>\n","protected":false},"excerpt":{"rendered":"<p>Edgar Malf\u00e8re &#8211; Editions du Beffroi Broch\u00e9, 178 x 123, 176p. 1905. Frontispice. Edition originale non num\u00e9rot\u00e9e. Avec envoi sign\u00e9 de l\u2019auteur en page de faux-titre. Int\u00e9rieur l\u00e9g\u00e8rement insol\u00e9 mais propre et int\u00e8gre avec une signature en t\u00eate de page de titre. Brochure l\u00e2che, avec un cahier qui se d\u00e9tache pages 97 \u00e0 111. Couvertures &#8230; <a title=\"Le Vaisseau solitaire. Po\u00e8mes \u00e9crits \u00e0 La Madeleine et \u00e0 Bruxelles\" class=\"read-more\" href=\"https:\/\/www.livresentre2actions.fr\/fr_fr\/produit\/le-vaisseau-solitaire-poemes-ecrits-a-la-madeleine-et-a-bruxelles\/\" aria-label=\"En savoir plus sur Le Vaisseau solitaire. Po\u00e8mes \u00e9crits \u00e0 La Madeleine et \u00e0 Bruxelles\">Lire plus<\/a><\/p>\n","protected":false},"featured_media":17144,"template":"","meta":{"_eb_attr":""},"product_brand":[],"product_cat":[37,81,76],"product_tag":[87],"class_list":{"0":"post-17143","1":"product","2":"type-product","3":"status-publish","4":"has-post-thumbnail","6":"product_cat-a-partir-du-xxeme-siecle","7":"product_cat-hauts-de-france","8":"product_cat-poesie-theatre-prose","9":"product_tag-signe","10":"sales-flash-overlay","11":"woocommerce-text-align-center","12":"woocommerce-image-align-center","13":"wc-has-gallery","15":"first","16":"instock","17":"taxable","18":"shipping-taxable","19":"purchasable","20":"product-type-simple"},"aioseo_notices":[],"_links":{"self":[{"href":"https:\/\/www.livresentre2actions.fr\/fr_fr\/wp-json\/wp\/v2\/product\/17143","targetHints":{"allow":["GET"]}}],"collection":[{"href":"https:\/\/www.livresentre2actions.fr\/fr_fr\/wp-json\/wp\/v2\/product"}],"about":[{"href":"https:\/\/www.livresentre2actions.fr\/fr_fr\/wp-json\/wp\/v2\/types\/product"}],"wp:featuredmedia":[{"embeddable":true,"href":"https:\/\/www.livresentre2actions.fr\/fr_fr\/wp-json\/wp\/v2\/media\/17144"}],"wp:attachment":[{"href":"https:\/\/www.livresentre2actions.fr\/fr_fr\/wp-json\/wp\/v2\/media?parent=17143"}],"wp:term":[{"taxonomy":"product_brand","embeddable":true,"href":"https:\/\/www.livresentre2actions.fr\/fr_fr\/wp-json\/wp\/v2\/product_brand?post=17143"},{"taxonomy":"product_cat","embeddable":true,"href":"https:\/\/www.livresentre2actions.fr\/fr_fr\/wp-json\/wp\/v2\/product_cat?post=17143"},{"taxonomy":"product_tag","embeddable":true,"href":"https:\/\/www.livresentre2actions.fr\/fr_fr\/wp-json\/wp\/v2\/product_tag?post=17143"}],"curies":[{"name":"wp","href":"https:\/\/api.w.org\/{rel}","templated":true}]}}