{"id":17114,"date":"2025-12-11T16:53:09","date_gmt":"2025-12-11T15:53:09","guid":{"rendered":"https:\/\/www.livresentre2actions.fr\/?post_type=product&#038;p=17114"},"modified":"2025-12-11T16:53:13","modified_gmt":"2025-12-11T15:53:13","slug":"la-rome-de-napoleon-louis-madelin","status":"publish","type":"product","link":"https:\/\/www.livresentre2actions.fr\/fr_fr\/produit\/la-rome-de-napoleon-louis-madelin\/","title":{"rendered":"La Rome de Napol\u00e9on. &#8211; Louis Madelin"},"content":{"rendered":"<p>La domination fran\u00e7aise \u00e0 Rome de 1809 \u00e0 1814 &#8211;<\/p>\n<p>Plon-Nourrit &#8211; Demi-maroquin rouge, dos \u00e0 faux-nerfs orn\u00e9 des titres et auteurs, tranche de t\u00eate dor\u00e9e, plats \u00e0 liser\u00e9s, couvertures conserv\u00e9es, 248 x 170, 727p. Avec index et table. 1906. \u00c9dition originale. Avec deux cartes d\u00e9pliantes noires (int\u00e8gres) sur onglet avant index et table. Int\u00e9rieur insol\u00e9 mais propre et quasi int\u00e8gre : une page avec croix en marge et quelques traits en marge de l\u2019index. Coins, champs et plats frott\u00e9s ; un coin l\u00e9g\u00e8rement \u00e9mouss\u00e9s. Mors, nerfs coiffe et queue frott\u00e9s avec \u00e9pidermures. Bien ferme.<\/p>\n","protected":false},"excerpt":{"rendered":"<p>La domination fran\u00e7aise \u00e0 Rome de 1809 \u00e0 1814 &#8211; Plon-Nourrit &#8211; Demi-maroquin rouge, dos \u00e0 faux-nerfs orn\u00e9 des titres et auteurs, tranche de t\u00eate dor\u00e9e, plats \u00e0 liser\u00e9s, couvertures conserv\u00e9es, 248 x 170, 727p. Avec index et table. 1906. \u00c9dition originale. Avec deux cartes d\u00e9pliantes noires (int\u00e8gres) sur onglet avant index et table. Int\u00e9rieur &#8230; <a title=\"La Rome de Napol\u00e9on. &#8211; Louis Madelin\" class=\"read-more\" href=\"https:\/\/www.livresentre2actions.fr\/fr_fr\/produit\/la-rome-de-napoleon-louis-madelin\/\" aria-label=\"En savoir plus sur La Rome de Napol\u00e9on. &#8211; Louis Madelin\">Lire plus<\/a><\/p>\n","protected":false},"featured_media":17115,"template":"","meta":{"_eb_attr":""},"product_brand":[],"product_cat":[37,71,73],"product_tag":[],"class_list":{"0":"post-17114","1":"product","2":"type-product","3":"status-publish","4":"has-post-thumbnail","6":"product_cat-a-partir-du-xxeme-siecle","7":"product_cat-illustres-modernes-editions-originales-signees-numerotees","8":"product_cat-histoires-et-recits-de-voyage","9":"sales-flash-overlay","10":"woocommerce-text-align-center","11":"woocommerce-image-align-center","12":"wc-has-gallery","14":"first","15":"instock","16":"taxable","17":"shipping-taxable","18":"purchasable","19":"product-type-simple"},"aioseo_notices":[],"_links":{"self":[{"href":"https:\/\/www.livresentre2actions.fr\/fr_fr\/wp-json\/wp\/v2\/product\/17114","targetHints":{"allow":["GET"]}}],"collection":[{"href":"https:\/\/www.livresentre2actions.fr\/fr_fr\/wp-json\/wp\/v2\/product"}],"about":[{"href":"https:\/\/www.livresentre2actions.fr\/fr_fr\/wp-json\/wp\/v2\/types\/product"}],"wp:featuredmedia":[{"embeddable":true,"href":"https:\/\/www.livresentre2actions.fr\/fr_fr\/wp-json\/wp\/v2\/media\/17115"}],"wp:attachment":[{"href":"https:\/\/www.livresentre2actions.fr\/fr_fr\/wp-json\/wp\/v2\/media?parent=17114"}],"wp:term":[{"taxonomy":"product_brand","embeddable":true,"href":"https:\/\/www.livresentre2actions.fr\/fr_fr\/wp-json\/wp\/v2\/product_brand?post=17114"},{"taxonomy":"product_cat","embeddable":true,"href":"https:\/\/www.livresentre2actions.fr\/fr_fr\/wp-json\/wp\/v2\/product_cat?post=17114"},{"taxonomy":"product_tag","embeddable":true,"href":"https:\/\/www.livresentre2actions.fr\/fr_fr\/wp-json\/wp\/v2\/product_tag?post=17114"}],"curies":[{"name":"wp","href":"https:\/\/api.w.org\/{rel}","templated":true}]}}