{"id":17064,"date":"2025-12-11T16:00:35","date_gmt":"2025-12-11T15:00:35","guid":{"rendered":"https:\/\/www.livresentre2actions.fr\/?post_type=product&#038;p=17064"},"modified":"2025-12-11T16:05:16","modified_gmt":"2025-12-11T15:05:16","slug":"le-livre-de-la-ferme-et-des-maisons-de-campagne-2-tomes-complet","status":"publish","type":"product","link":"https:\/\/www.livresentre2actions.fr\/fr_fr\/produit\/le-livre-de-la-ferme-et-des-maisons-de-campagne-2-tomes-complet\/","title":{"rendered":"Le livre de la ferme et des maisons de campagne, 2 tomes, complet"},"content":{"rendered":"<p>M. P. Joigneaux &#8211; Delagrave et Masson Demi-basane rouge, plats chagrin, dos \u00e0 faux-nerfs orn\u00e9 des titre, auteur, frises, 263 x 180, T1, Table alphab\u00e9tique des mati\u00e8res, v-xxxiv et 1008 p. et 1115p. Avec table. Troisi\u00e8me \u00e9dition, sans date. (1890 ca). Tr\u00e8s nombreuses illustrations. Tome I\u00a0: \u00a0Agriculture proprement dite\u00a0; zootechnie et zoologie agricole &#8211; Tome 2 : Zootechnie et zoologie agricole (suite)\u00a0; Arboriculture et horticulture, dont viticulture (19 chapitres, 189-465 pp.\u00a0; Connaissances diverses. Int\u00e9rieur propre, rousseurs en tout d\u00e9but et toute fin de volumes. Des frottements et \u00e9pidermures \u00e0 la reliure mais tr\u00e8s bons exemplaires, bien fermes.<\/p>\n","protected":false},"excerpt":{"rendered":"<p>M. P. Joigneaux &#8211; Delagrave et Masson Demi-basane rouge, plats chagrin, dos \u00e0 faux-nerfs orn\u00e9 des titre, auteur, frises, 263 x 180, T1, Table alphab\u00e9tique des mati\u00e8res, v-xxxiv et 1008 p. et 1115p. Avec table. Troisi\u00e8me \u00e9dition, sans date. (1890 ca). Tr\u00e8s nombreuses illustrations. Tome I\u00a0: \u00a0Agriculture proprement dite\u00a0; zootechnie et zoologie agricole &#8211; Tome &#8230; <a title=\"Le livre de la ferme et des maisons de campagne, 2 tomes, complet\" class=\"read-more\" href=\"https:\/\/www.livresentre2actions.fr\/fr_fr\/produit\/le-livre-de-la-ferme-et-des-maisons-de-campagne-2-tomes-complet\/\" aria-label=\"En savoir plus sur Le livre de la ferme et des maisons de campagne, 2 tomes, complet\">Lire plus<\/a><\/p>\n","protected":false},"featured_media":17065,"template":"","meta":{"_eb_attr":""},"product_brand":[],"product_cat":[36,71,70,69],"product_tag":[86],"class_list":{"0":"post-17064","1":"product","2":"type-product","3":"status-publish","4":"has-post-thumbnail","6":"product_cat-entre-le-xviiieme-et-le-xixeme-siecle","7":"product_cat-illustres-modernes-editions-originales-signees-numerotees","8":"product_cat-medecine-et-nature","9":"product_cat-sciences-et-techniques","10":"product_tag-illustre","11":"sales-flash-overlay","12":"woocommerce-text-align-center","13":"woocommerce-image-align-center","14":"wc-has-gallery","16":"first","17":"instock","18":"taxable","19":"shipping-taxable","20":"purchasable","21":"product-type-simple"},"aioseo_notices":[],"_links":{"self":[{"href":"https:\/\/www.livresentre2actions.fr\/fr_fr\/wp-json\/wp\/v2\/product\/17064","targetHints":{"allow":["GET"]}}],"collection":[{"href":"https:\/\/www.livresentre2actions.fr\/fr_fr\/wp-json\/wp\/v2\/product"}],"about":[{"href":"https:\/\/www.livresentre2actions.fr\/fr_fr\/wp-json\/wp\/v2\/types\/product"}],"wp:featuredmedia":[{"embeddable":true,"href":"https:\/\/www.livresentre2actions.fr\/fr_fr\/wp-json\/wp\/v2\/media\/17065"}],"wp:attachment":[{"href":"https:\/\/www.livresentre2actions.fr\/fr_fr\/wp-json\/wp\/v2\/media?parent=17064"}],"wp:term":[{"taxonomy":"product_brand","embeddable":true,"href":"https:\/\/www.livresentre2actions.fr\/fr_fr\/wp-json\/wp\/v2\/product_brand?post=17064"},{"taxonomy":"product_cat","embeddable":true,"href":"https:\/\/www.livresentre2actions.fr\/fr_fr\/wp-json\/wp\/v2\/product_cat?post=17064"},{"taxonomy":"product_tag","embeddable":true,"href":"https:\/\/www.livresentre2actions.fr\/fr_fr\/wp-json\/wp\/v2\/product_tag?post=17064"}],"curies":[{"name":"wp","href":"https:\/\/api.w.org\/{rel}","templated":true}]}}