{"id":17038,"date":"2025-12-11T15:44:30","date_gmt":"2025-12-11T14:44:30","guid":{"rendered":"https:\/\/www.livresentre2actions.fr\/?post_type=product&#038;p=17038"},"modified":"2026-01-14T16:48:44","modified_gmt":"2026-01-14T15:48:44","slug":"mort-a-credit-louis-ferdinand-celine","status":"publish","type":"product","link":"https:\/\/www.livresentre2actions.fr\/fr_fr\/produit\/mort-a-credit-louis-ferdinand-celine\/","title":{"rendered":"Mort \u00e0 cr\u00e9dit, Louis-Ferdinand C\u00e9line"},"content":{"rendered":"<p>eno\u00ebl et Steele &#8211; Pleine percaline chagrin\u00e9e chocolat, chin\u00e9e noir, dos long orn\u00e9 des titre, auteur et en pied des initiales J.L., tranches jasp\u00e9es, 210 x 144, 697p. juin 1936, ann\u00e9e de l\u2019\u00e9dition originale, tirage post\u00e9rieur, avec les passages expurg\u00e9s en blanc dans le texte. Tr\u00e8s bon exemplaire propre et int\u00e8gre, bien ferme.<\/p>\n<p>[Seuls les exemplaires hors commerce, au nombre de 77, pr\u00e9sentent l&rsquo;int\u00e9gralit\u00e9 du texte. Tous les autres exemplaires, m\u00eame en grand papier, comportent, page 8, cette mention\u00a0: \u00ab\u00a0\u00e0 la demande des \u00e9diteurs, L. F. C\u00e9line a supprim\u00e9 plusieurs phrases de son livre, les phrases n&rsquo;ont pas \u00e9t\u00e9 remplac\u00e9es.\u00a0\u00bb Elles figurent en blanc dans l&rsquo;ouvrage (cf. Pascal Fouch\u00e9,\u00a0Bibliographie des \u00e9crits de Louis-Ferdinand C\u00e9line).]<\/p>\n","protected":false},"excerpt":{"rendered":"<p>eno\u00ebl et Steele &#8211; Pleine percaline chagrin\u00e9e chocolat, chin\u00e9e noir, dos long orn\u00e9 des titre, auteur et en pied des initiales J.L., tranches jasp\u00e9es, 210 x 144, 697p. juin 1936, ann\u00e9e de l\u2019\u00e9dition originale, tirage post\u00e9rieur, avec les passages expurg\u00e9s en blanc dans le texte. Tr\u00e8s bon exemplaire propre et int\u00e8gre, bien ferme. [Seuls les &#8230; <a title=\"Mort \u00e0 cr\u00e9dit, Louis-Ferdinand C\u00e9line\" class=\"read-more\" href=\"https:\/\/www.livresentre2actions.fr\/fr_fr\/produit\/mort-a-credit-louis-ferdinand-celine\/\" aria-label=\"En savoir plus sur Mort \u00e0 cr\u00e9dit, Louis-Ferdinand C\u00e9line\">Lire plus<\/a><\/p>\n","protected":false},"featured_media":17039,"template":"","meta":{"_eb_attr":""},"product_brand":[],"product_cat":[37,76],"product_tag":[],"class_list":{"0":"post-17038","1":"product","2":"type-product","3":"status-publish","4":"has-post-thumbnail","6":"product_cat-a-partir-du-xxeme-siecle","7":"product_cat-poesie-theatre-prose","8":"sales-flash-overlay","9":"woocommerce-text-align-center","10":"woocommerce-image-align-center","11":"wc-has-gallery","13":"first","14":"outofstock","15":"taxable","16":"shipping-taxable","17":"purchasable","18":"product-type-simple"},"aioseo_notices":[],"_links":{"self":[{"href":"https:\/\/www.livresentre2actions.fr\/fr_fr\/wp-json\/wp\/v2\/product\/17038","targetHints":{"allow":["GET"]}}],"collection":[{"href":"https:\/\/www.livresentre2actions.fr\/fr_fr\/wp-json\/wp\/v2\/product"}],"about":[{"href":"https:\/\/www.livresentre2actions.fr\/fr_fr\/wp-json\/wp\/v2\/types\/product"}],"wp:featuredmedia":[{"embeddable":true,"href":"https:\/\/www.livresentre2actions.fr\/fr_fr\/wp-json\/wp\/v2\/media\/17039"}],"wp:attachment":[{"href":"https:\/\/www.livresentre2actions.fr\/fr_fr\/wp-json\/wp\/v2\/media?parent=17038"}],"wp:term":[{"taxonomy":"product_brand","embeddable":true,"href":"https:\/\/www.livresentre2actions.fr\/fr_fr\/wp-json\/wp\/v2\/product_brand?post=17038"},{"taxonomy":"product_cat","embeddable":true,"href":"https:\/\/www.livresentre2actions.fr\/fr_fr\/wp-json\/wp\/v2\/product_cat?post=17038"},{"taxonomy":"product_tag","embeddable":true,"href":"https:\/\/www.livresentre2actions.fr\/fr_fr\/wp-json\/wp\/v2\/product_tag?post=17038"}],"curies":[{"name":"wp","href":"https:\/\/api.w.org\/{rel}","templated":true}]}}