{"id":17008,"date":"2025-12-10T21:02:30","date_gmt":"2025-12-10T20:02:30","guid":{"rendered":"https:\/\/www.livresentre2actions.fr\/?post_type=product&#038;p=17008"},"modified":"2025-12-10T21:02:34","modified_gmt":"2025-12-10T20:02:34","slug":"recueil-de-jurisprudence-canonique-et-beneficiale-par-ordre-alphabetique","status":"publish","type":"product","link":"https:\/\/www.livresentre2actions.fr\/fr_fr\/produit\/recueil-de-jurisprudence-canonique-et-beneficiale-par-ordre-alphabetique\/","title":{"rendered":"Recueil de jurisprudence canonique et beneficiale, par ordre alphab\u00e9tique"},"content":{"rendered":"<p>Recueil de jurisprudence canonique et beneficiale,par ordre alphab\u00e9tique\u00a0: avec les pragmatiques, concordats Bulles &amp; Indults des Papes\u00a0; Ordonnances, \u00c9dits &amp; D\u00e9clarations de nos Rois\u00a0; Arr\u00eats &amp; R\u00e8glements intervenus sur cette Mati\u00e8re dans les diff\u00e9rents Tribunaux du Royaume, jusqu\u2019\u00e0 pr\u00e9sent. Sur les M\u00e9moires de feu Me FUET, aussi Avocat au Parlement. Nouvelle\u00a0\u00e9d. revue, corrig\u00e9e et augment\u00e9e<\/p>\n<p>Guy du Rousseaud de la Combe &#8211; Chez Despilly<\/p>\n<p>In-folio plein veau l\u00e9opard\u00e9, dos \u00e0 six nerfs orn\u00e9 d\u2019une pi\u00e8ce de titre en maroquin lie de vin et aux caissons, tranches rouges, 402 x 270, 1771. Titre rouge et noir. Comprend\u00a0: Institution au droit canonique et \u00e0 la pratique b\u00e9n\u00e9ficiale du royaume pour servir de pr\u00e9face, et Table, pagin\u00e9ees ij-xxiij. Avec ent\u00eate, lettrine. Puis le texte, \u00e0 pagination multiple\u00a0: A \u2013 EXP, pp.2-310 (ent\u00eate, lettrine\u00a0; cul-de-lampe)\u00a0; F \u2013 NOV, pp. 1-82 (cul-de-lampe)\u00a0; O \u2013 USU, pp. 1-312.<\/p>\n<p>Suivi de \u00ab\u00a0 Pragmatiques, concordats Bulles &amp; Indults des Papes\u00a0; Ordonnances, \u00c9dits &amp; D\u00e9clarations de nos Rois, concernant les mati\u00e8res canoniques et beneficiales par ordre chronologique\u00a0\u00bb, 136p. Incomplet, pages arrach\u00e9es visiblement (une autre \u00e9dition compte 276p.).<\/p>\n<p>Pr\u00e9c\u00e9d\u00e9 de sa table, et des approbation et privil\u00e8ge, pagin\u00e9s iv-xi. Int\u00e9rieur tr\u00e8s propre, taches marginales. Coins et champs frott\u00e9s, 3 coins l\u00e9g\u00e8rement \u00e9mouss\u00e9s. Plats frott\u00e9s avec \u00e9pidermures, marqu\u00e9es en plat inf\u00e9rieur, quelques taches en plat inf\u00e9rieur. Mors frott\u00e9s mais int\u00e8gre, une petite d\u00e9chirure et un petit manque en t\u00eate de mors inf\u00e9rieur, et un trou de vers en pied de mors inf\u00e9rieur. Dos frott\u00e9, \u00e9pidermures en coiffe, queue et nerfs, coiffe fortement \u00e9piderm\u00e9e. un trou de vers en caisson de pied. Bon exemplaire bien ferme.<\/p>\n","protected":false},"excerpt":{"rendered":"<p>Recueil de jurisprudence canonique et beneficiale,par ordre alphab\u00e9tique\u00a0: avec les pragmatiques, concordats Bulles &amp; Indults des Papes\u00a0; Ordonnances, \u00c9dits &amp; D\u00e9clarations de nos Rois\u00a0; Arr\u00eats &amp; R\u00e8glements intervenus sur cette Mati\u00e8re dans les diff\u00e9rents Tribunaux du Royaume, jusqu\u2019\u00e0 pr\u00e9sent. Sur les M\u00e9moires de feu Me FUET, aussi Avocat au Parlement. Nouvelle\u00a0\u00e9d. revue, corrig\u00e9e et augment\u00e9e &#8230; <a title=\"Recueil de jurisprudence canonique et beneficiale, par ordre alphab\u00e9tique\" class=\"read-more\" href=\"https:\/\/www.livresentre2actions.fr\/fr_fr\/produit\/recueil-de-jurisprudence-canonique-et-beneficiale-par-ordre-alphabetique\/\" aria-label=\"En savoir plus sur Recueil de jurisprudence canonique et beneficiale, par ordre alphab\u00e9tique\">Lire plus<\/a><\/p>\n","protected":false},"featured_media":17009,"template":"","meta":{"_eb_attr":""},"product_brand":[],"product_cat":[36,77,68],"product_tag":[],"class_list":{"0":"post-17008","1":"product","2":"type-product","3":"status-publish","4":"has-post-thumbnail","6":"product_cat-entre-le-xviiieme-et-le-xixeme-siecle","7":"product_cat-droit","8":"product_cat-religion-spiritualite","9":"sales-flash-overlay","10":"woocommerce-text-align-center","11":"woocommerce-image-align-center","12":"wc-has-gallery","14":"first","15":"instock","16":"taxable","17":"shipping-taxable","18":"purchasable","19":"product-type-simple"},"aioseo_notices":[],"_links":{"self":[{"href":"https:\/\/www.livresentre2actions.fr\/fr_fr\/wp-json\/wp\/v2\/product\/17008","targetHints":{"allow":["GET"]}}],"collection":[{"href":"https:\/\/www.livresentre2actions.fr\/fr_fr\/wp-json\/wp\/v2\/product"}],"about":[{"href":"https:\/\/www.livresentre2actions.fr\/fr_fr\/wp-json\/wp\/v2\/types\/product"}],"wp:featuredmedia":[{"embeddable":true,"href":"https:\/\/www.livresentre2actions.fr\/fr_fr\/wp-json\/wp\/v2\/media\/17009"}],"wp:attachment":[{"href":"https:\/\/www.livresentre2actions.fr\/fr_fr\/wp-json\/wp\/v2\/media?parent=17008"}],"wp:term":[{"taxonomy":"product_brand","embeddable":true,"href":"https:\/\/www.livresentre2actions.fr\/fr_fr\/wp-json\/wp\/v2\/product_brand?post=17008"},{"taxonomy":"product_cat","embeddable":true,"href":"https:\/\/www.livresentre2actions.fr\/fr_fr\/wp-json\/wp\/v2\/product_cat?post=17008"},{"taxonomy":"product_tag","embeddable":true,"href":"https:\/\/www.livresentre2actions.fr\/fr_fr\/wp-json\/wp\/v2\/product_tag?post=17008"}],"curies":[{"name":"wp","href":"https:\/\/api.w.org\/{rel}","templated":true}]}}