{"id":16966,"date":"2025-12-10T20:48:38","date_gmt":"2025-12-10T19:48:38","guid":{"rendered":"https:\/\/www.livresentre2actions.fr\/?post_type=product&#038;p=16966"},"modified":"2025-12-10T20:49:32","modified_gmt":"2025-12-10T19:49:32","slug":"a-physique-en-action-ou-applications-utiles-et-interessantes-de-cette-science","status":"publish","type":"product","link":"https:\/\/www.livresentre2actions.fr\/fr_fr\/produit\/a-physique-en-action-ou-applications-utiles-et-interessantes-de-cette-science\/","title":{"rendered":"La physique en action, ou applications utiles et int\u00e9ressantes de cette science."},"content":{"rendered":"<p>2 vol. complet. M. Desdouits &#8211; Librairie Jacques Lecoffre<\/p>\n<p>Broch\u00e9, 230 x 145, 443p. Et 453p. Avec tables. 1846. \u00c9dition originale. Avec 262 figures dans le texte. T1, non coup\u00e9 \u00e0 partir de la page 153, globalement propre, rousseurs en d\u00e9but et fin de volume, une mouillure en marge haute \u00e0 partir de la p.377 et en marge basse \u00e0 partir de la p.404 ; quelques trous de vers \u00e0 partir de la p.207. Couvertures et dos insol\u00e9s et frott\u00e9s, avec deux petits manques en pied de couverture, et en pied et t\u00eate de dos. Exemplaire bien ferme. T2, int\u00e9gralement non coup\u00e9, rousseurs, surtout marqu\u00e9es en d\u00e9but et fin de volume ; couvertures et dos insol\u00e9s et frott\u00e9s, avec petites pliures et petites d\u00e9chirures, mais sans manque. Bien ferme.<\/p>\n","protected":false},"excerpt":{"rendered":"<p>2 vol. complet. M. Desdouits &#8211; Librairie Jacques Lecoffre Broch\u00e9, 230 x 145, 443p. Et 453p. Avec tables. 1846. \u00c9dition originale. Avec 262 figures dans le texte. T1, non coup\u00e9 \u00e0 partir de la page 153, globalement propre, rousseurs en d\u00e9but et fin de volume, une mouillure en marge haute \u00e0 partir de la p.377 &#8230; <a title=\"La physique en action, ou applications utiles et int\u00e9ressantes de cette science.\" class=\"read-more\" href=\"https:\/\/www.livresentre2actions.fr\/fr_fr\/produit\/a-physique-en-action-ou-applications-utiles-et-interessantes-de-cette-science\/\" aria-label=\"En savoir plus sur La physique en action, ou applications utiles et int\u00e9ressantes de cette science.\">Lire plus<\/a><\/p>\n","protected":false},"featured_media":16967,"template":"","meta":{"_eb_attr":""},"product_brand":[],"product_cat":[36,71,69],"product_tag":[86],"class_list":{"0":"post-16966","1":"product","2":"type-product","3":"status-publish","4":"has-post-thumbnail","6":"product_cat-entre-le-xviiieme-et-le-xixeme-siecle","7":"product_cat-illustres-modernes-editions-originales-signees-numerotees","8":"product_cat-sciences-et-techniques","9":"product_tag-illustre","10":"sales-flash-overlay","11":"woocommerce-text-align-center","12":"woocommerce-image-align-center","13":"wc-has-gallery","15":"first","16":"instock","17":"taxable","18":"shipping-taxable","19":"purchasable","20":"product-type-simple"},"aioseo_notices":[],"_links":{"self":[{"href":"https:\/\/www.livresentre2actions.fr\/fr_fr\/wp-json\/wp\/v2\/product\/16966","targetHints":{"allow":["GET"]}}],"collection":[{"href":"https:\/\/www.livresentre2actions.fr\/fr_fr\/wp-json\/wp\/v2\/product"}],"about":[{"href":"https:\/\/www.livresentre2actions.fr\/fr_fr\/wp-json\/wp\/v2\/types\/product"}],"wp:featuredmedia":[{"embeddable":true,"href":"https:\/\/www.livresentre2actions.fr\/fr_fr\/wp-json\/wp\/v2\/media\/16967"}],"wp:attachment":[{"href":"https:\/\/www.livresentre2actions.fr\/fr_fr\/wp-json\/wp\/v2\/media?parent=16966"}],"wp:term":[{"taxonomy":"product_brand","embeddable":true,"href":"https:\/\/www.livresentre2actions.fr\/fr_fr\/wp-json\/wp\/v2\/product_brand?post=16966"},{"taxonomy":"product_cat","embeddable":true,"href":"https:\/\/www.livresentre2actions.fr\/fr_fr\/wp-json\/wp\/v2\/product_cat?post=16966"},{"taxonomy":"product_tag","embeddable":true,"href":"https:\/\/www.livresentre2actions.fr\/fr_fr\/wp-json\/wp\/v2\/product_tag?post=16966"}],"curies":[{"name":"wp","href":"https:\/\/api.w.org\/{rel}","templated":true}]}}